{"id":5021,"date":"2020-07-27T16:10:30","date_gmt":"2020-07-27T14:10:30","guid":{"rendered":"https:\/\/www.almacsrl.com\/?page_id=5021"},"modified":"2020-08-03T14:59:50","modified_gmt":"2020-08-03T12:59:50","slug":"questionario","status":"publish","type":"page","link":"https:\/\/www.almacsrl.com\/es\/questionario\/","title":{"rendered":"Questionario"},"content":{"rendered":"<p>[et_pb_section bb_built=\u00bb1&#8243; fullwidth=\u00bboff\u00bb specialty=\u00bboff\u00bb _builder_version=\u00bb3.0.94&#8243; module_class=\u00bbtemplate-pagina-head template-small\u00bb custom_margin=\u00bb||0px|\u00bb custom_padding=\u00bb||0px|\u00bb module_id=\u00bbquestionario\u00bb][et_pb_row background_position=\u00bbtop_left\u00bb background_repeat=\u00bbrepeat\u00bb background_size=\u00bbinitial\u00bb _builder_version=\u00bb3.0.94&#8243;][et_pb_column type=\u00bb4_4&#8243;][et_pb_text admin_label=\u00bbTitolo pagina\u00bb _builder_version=\u00bb3.0.94&#8243; background_layout=\u00bblight\u00bb text_orientation=\u00bbcenter\u00bb max_width_last_edited=\u00bboff|desktop\u00bb module_alignment=\u00bbcenter\u00bb header_font_size_last_edited=\u00bboff|desktop\u00bb custom_margin=\u00bb||0px|\u00bb custom_margin_last_edited=\u00bbon|\u00bb custom_padding=\u00bb||0px|\u00bb custom_padding_last_edited=\u00bbon|\u00bb]<\/p>\n<h1><span class=\"tlid-translation translation\" lang=\"es\"><span class=\"\" title=\"\">Encuesta<\/span><\/span><\/h1>\n<p>[\/et_pb_text][\/et_pb_column][\/et_pb_row][\/et_pb_section][et_pb_section bb_built=\u00bb1&#8243; fullwidth=\u00bboff\u00bb specialty=\u00bboff\u00bb _builder_version=\u00bb3.0.94&#8243; module_class=\u00bbtemplate-clienti\u00bb][et_pb_row background_position=\u00bbtop_left\u00bb background_repeat=\u00bbrepeat\u00bb background_size=\u00bbinitial\u00bb _builder_version=\u00bb3.0.94&#8243;][et_pb_column type=\u00bb4_4&#8243;][et_pb_text admin_label=\u00bbQUESTIONARIO\u00bb _builder_version=\u00bb3.0.94&#8243; background_layout=\u00bblight\u00bb module_class=\u00bbquestionario\u00bb]<\/p>\n\n<div class=\"wpcf7 no-js\" id=\"wpcf7-f5012-o1\" lang=\"it-IT\" dir=\"ltr\" data-wpcf7-id=\"5012\">\n<div class=\"screen-reader-response\"><p role=\"status\" aria-live=\"polite\" aria-atomic=\"true\"><\/p> <ul><\/ul><\/div>\n<form action=\"\/es\/wp-json\/wp\/v2\/pages\/5021#wpcf7-f5012-o1\" method=\"post\" class=\"wpcf7-form init\" aria-label=\"Modulo di contatto\" novalidate=\"novalidate\" data-status=\"init\">\n<fieldset class=\"hidden-fields-container\"><input type=\"hidden\" name=\"_wpcf7\" value=\"5012\" \/><input type=\"hidden\" name=\"_wpcf7_version\" value=\"6.1.5\" \/><input type=\"hidden\" name=\"_wpcf7_locale\" value=\"it_IT\" \/><input type=\"hidden\" name=\"_wpcf7_unit_tag\" value=\"wpcf7-f5012-o1\" \/><input type=\"hidden\" name=\"_wpcf7_container_post\" value=\"0\" \/><input type=\"hidden\" name=\"_wpcf7_posted_data_hash\" value=\"\" \/>\n<\/fieldset>\n<p><label>Nome e sobrenome:<\/label><span class=\"wpcf7-form-control-wrap\" data-name=\"NomeCognome\"><input size=\"40\" maxlength=\"400\" class=\"wpcf7-form-control wpcf7-text wpcf7-validates-as-required\" aria-required=\"true\" aria-invalid=\"false\" value=\"\" type=\"text\" name=\"NomeCognome\" \/><\/span><br \/>\n<label>Email:<\/label><span class=\"wpcf7-form-control-wrap\" data-name=\"email\"><input size=\"40\" maxlength=\"400\" class=\"wpcf7-form-control wpcf7-email wpcf7-validates-as-required wpcf7-text wpcf7-validates-as-email\" aria-required=\"true\" aria-invalid=\"false\" value=\"\" type=\"email\" name=\"email\" \/><\/span>\n<\/p>\n<p><label>Com base em sua experi\u00eancia, avalie sua satisfa\u00e7\u00e3o com nosso servi\u00e7o t\u00e9cnico para a instala\u00e7\u00e3o de m\u00e1quinas \/ instala\u00e7\u00f5es Almac em sua planta (requeridos)<\/label><br \/>\n<span class=\"wpcf7-form-control-wrap\" data-name=\"TuaEsperienza\"><span class=\"wpcf7-form-control wpcf7-radio\"><span class=\"wpcf7-list-item first\"><input type=\"radio\" name=\"TuaEsperienza\" value=\"Muito satisfeito\" \/><span class=\"wpcf7-list-item-label\">Muito satisfeito<\/span><\/span><span class=\"wpcf7-list-item\"><input type=\"radio\" name=\"TuaEsperienza\" value=\"Satisfeito\" \/><span class=\"wpcf7-list-item-label\">Satisfeito<\/span><\/span><span class=\"wpcf7-list-item\"><input type=\"radio\" name=\"TuaEsperienza\" value=\"Nem satisfeito nem insatisfeito\" \/><span class=\"wpcf7-list-item-label\">Nem satisfeito nem insatisfeito<\/span><\/span><span class=\"wpcf7-list-item\"><input type=\"radio\" name=\"TuaEsperienza\" value=\"insatisfeito\" \/><span class=\"wpcf7-list-item-label\">insatisfeito<\/span><\/span><span class=\"wpcf7-list-item\"><input type=\"radio\" name=\"TuaEsperienza\" value=\"Muito Insatisfeito\" \/><span class=\"wpcf7-list-item-label\">Muito Insatisfeito<\/span><\/span><span class=\"wpcf7-list-item\"><input type=\"radio\" name=\"TuaEsperienza\" value=\"Resolvendo o problema\" \/><span class=\"wpcf7-list-item-label\">Resolvendo o problema<\/span><\/span><span class=\"wpcf7-list-item\"><input type=\"radio\" name=\"TuaEsperienza\" value=\"Conselho de qualidade\" \/><span class=\"wpcf7-list-item-label\">Conselho de qualidade<\/span><\/span><span class=\"wpcf7-list-item\"><input type=\"radio\" name=\"TuaEsperienza\" value=\"Profissionalismo t\u00e9cnico\" \/><span class=\"wpcf7-list-item-label\">Profissionalismo t\u00e9cnico<\/span><\/span><span class=\"wpcf7-list-item last\"><input type=\"radio\" name=\"TuaEsperienza\" value=\"Utilit\u00e1rio T\u00e9cnico\" \/><span class=\"wpcf7-list-item-label\">Utilit\u00e1rio T\u00e9cnico<\/span><\/span><\/span><\/span>\n<\/p>\n<p><label>Avalie seu n\u00edvel de acordo com as seguintes afirma\u00e7\u00f5es. (requeridos)<\/label><br \/>\n<span class=\"wpcf7-form-control-wrap\" data-name=\"Accordodichiarazioni\"><span class=\"wpcf7-form-control wpcf7-radio\"><span class=\"wpcf7-list-item first\"><input type=\"radio\" name=\"Accordodichiarazioni\" value=\"T\u00e9cnico Almac representa o conocimiento.\" \/><span class=\"wpcf7-list-item-label\">T\u00e9cnico Almac representa o conocimiento.<\/span><\/span><span class=\"wpcf7-list-item\"><input type=\"radio\" name=\"Accordodichiarazioni\" value=\"O t\u00e9cnico Almac es paciente.\" \/><span class=\"wpcf7-list-item-label\">O t\u00e9cnico Almac es paciente.<\/span><\/span><span class=\"wpcf7-list-item\"><input type=\"radio\" name=\"Accordodichiarazioni\" value=\"O t\u00e9cnico Almac \u00e9 amig\u00e1vel\" \/><span class=\"wpcf7-list-item-label\">O t\u00e9cnico Almac \u00e9 amig\u00e1vel<\/span><\/span><span class=\"wpcf7-list-item\"><input type=\"radio\" name=\"Accordodichiarazioni\" value=\"O t\u00e9cnico Almac ofereceu as melhores esperadas\" \/><span class=\"wpcf7-list-item-label\">O t\u00e9cnico Almac ofereceu as melhores esperadas<\/span><\/span><span class=\"wpcf7-list-item last\"><input type=\"radio\" name=\"Accordodichiarazioni\" value=\"O t\u00e9cnico Almac es cort\u00e9s\" \/><span class=\"wpcf7-list-item-label\">O t\u00e9cnico Almac es cort\u00e9s<\/span><\/span><\/span><\/span>\n<\/p>\n<p><label>Avalie sua satisfa\u00e7\u00e3o geral com nosso servi\u00e7o ao cliente. (requeridos)<\/label><br \/>\n<span class=\"wpcf7-form-control-wrap\" data-name=\"Soddisfazionecomplessiva\"><span class=\"wpcf7-form-control wpcf7-radio\"><span class=\"wpcf7-list-item first\"><input type=\"radio\" name=\"Soddisfazionecomplessiva\" value=\"Muito satisfeito\" \/><span class=\"wpcf7-list-item-label\">Muito satisfeito<\/span><\/span><span class=\"wpcf7-list-item\"><input type=\"radio\" name=\"Soddisfazionecomplessiva\" value=\"nem satisfeito nem insatisfeito\" \/><span class=\"wpcf7-list-item-label\">nem satisfeito nem insatisfeito<\/span><\/span><span class=\"wpcf7-list-item\"><input type=\"radio\" name=\"Soddisfazionecomplessiva\" value=\"Satisfeito\" \/><span class=\"wpcf7-list-item-label\">Satisfeito<\/span><\/span><span class=\"wpcf7-list-item last\"><input type=\"radio\" name=\"Soddisfazionecomplessiva\" value=\"Muito Insatisfeito\" \/><span class=\"wpcf7-list-item-label\">Muito Insatisfeito<\/span><\/span><\/span><\/span>\n<\/p>\n<p><label>Voc\u00ea tem outros coment\u00e1rios sobre sua experi\u00eancia ou sugest\u00f5es sobre como podemos melhorar? (requeridos) <\/label><br \/>\n<span class=\"wpcf7-form-control-wrap\" data-name=\"Commenti\"><input size=\"40\" maxlength=\"400\" class=\"wpcf7-form-control wpcf7-text\" aria-invalid=\"false\" value=\"\" type=\"text\" name=\"Commenti\" \/><\/span>\n<\/p>\n<p><input class=\"wpcf7-form-control wpcf7-submit has-spinner\" type=\"submit\" value=\"Enviar\" \/>\n<\/p><div class=\"wpcf7-response-output\" aria-hidden=\"true\"><\/div>\n<\/form>\n<\/div>\n\n<p>[\/et_pb_text][\/et_pb_column][\/et_pb_row][\/et_pb_section]<\/p>\n","protected":false},"excerpt":{"rendered":"<p>Encuesta \n<div class=\"wpcf7 no-js\" id=\"wpcf7-f5012-o2\" lang=\"it-IT\" dir=\"ltr\" data-wpcf7-id=\"5012\">\n<div class=\"screen-reader-response\"><p role=\"status\" aria-live=\"polite\" aria-atomic=\"true\"><\/p> <ul><\/ul><\/div>\n<form action=\"\/es\/wp-json\/wp\/v2\/pages\/5021#wpcf7-f5012-o2\" method=\"post\" class=\"wpcf7-form init\" aria-label=\"Modulo di contatto\" novalidate=\"novalidate\" data-status=\"init\">\n<fieldset class=\"hidden-fields-container\"><input type=\"hidden\" name=\"_wpcf7\" value=\"5012\" \/><input type=\"hidden\" name=\"_wpcf7_version\" value=\"6.1.5\" \/><input type=\"hidden\" name=\"_wpcf7_locale\" value=\"it_IT\" \/><input type=\"hidden\" name=\"_wpcf7_unit_tag\" value=\"wpcf7-f5012-o2\" \/><input type=\"hidden\" name=\"_wpcf7_container_post\" value=\"0\" \/><input type=\"hidden\" name=\"_wpcf7_posted_data_hash\" value=\"\" \/>\n<\/fieldset>\n<p><label>Nome e sobrenome:<\/label><span class=\"wpcf7-form-control-wrap\" data-name=\"NomeCognome\"><input size=\"40\" maxlength=\"400\" class=\"wpcf7-form-control wpcf7-text wpcf7-validates-as-required\" aria-required=\"true\" aria-invalid=\"false\" value=\"\" type=\"text\" name=\"NomeCognome\" \/><\/span><br \/>\n<label>Email:<\/label><span class=\"wpcf7-form-control-wrap\" data-name=\"email\"><input size=\"40\" maxlength=\"400\" class=\"wpcf7-form-control wpcf7-email wpcf7-validates-as-required wpcf7-text wpcf7-validates-as-email\" aria-required=\"true\" aria-invalid=\"false\" value=\"\" type=\"email\" name=\"email\" \/><\/span>\n<\/p>\n<p><label>Com base em sua experi\u00eancia, avalie sua satisfa\u00e7\u00e3o com nosso servi\u00e7o t\u00e9cnico para a instala\u00e7\u00e3o de m\u00e1quinas \/ instala\u00e7\u00f5es Almac em sua planta (requeridos)<\/label><br \/>\n<span class=\"wpcf7-form-control-wrap\" data-name=\"TuaEsperienza\"><span class=\"wpcf7-form-control wpcf7-radio\"><span class=\"wpcf7-list-item first\"><input type=\"radio\" name=\"TuaEsperienza\" value=\"Muito satisfeito\" \/><span class=\"wpcf7-list-item-label\">Muito satisfeito<\/span><\/span><span class=\"wpcf7-list-item\"><input type=\"radio\" name=\"TuaEsperienza\" value=\"Satisfeito\" \/><span class=\"wpcf7-list-item-label\">Satisfeito<\/span><\/span><span class=\"wpcf7-list-item\"><input type=\"radio\" name=\"TuaEsperienza\" value=\"Nem satisfeito nem insatisfeito\" \/><span class=\"wpcf7-list-item-label\">Nem satisfeito nem insatisfeito<\/span><\/span><span class=\"wpcf7-list-item\"><input type=\"radio\" name=\"TuaEsperienza\" value=\"insatisfeito\" \/><span class=\"wpcf7-list-item-label\">insatisfeito<\/span><\/span><span class=\"wpcf7-list-item\"><input type=\"radio\" name=\"TuaEsperienza\" value=\"Muito Insatisfeito\" \/><span class=\"wpcf7-list-item-label\">Muito Insatisfeito<\/span><\/span><span class=\"wpcf7-list-item\"><input type=\"radio\" name=\"TuaEsperienza\" value=\"Resolvendo o problema\" \/><span class=\"wpcf7-list-item-label\">Resolvendo o problema<\/span><\/span><span class=\"wpcf7-list-item\"><input type=\"radio\" name=\"TuaEsperienza\" value=\"Conselho de qualidade\" \/><span class=\"wpcf7-list-item-label\">Conselho de qualidade<\/span><\/span><span class=\"wpcf7-list-item\"><input type=\"radio\" name=\"TuaEsperienza\" value=\"Profissionalismo t\u00e9cnico\" \/><span class=\"wpcf7-list-item-label\">Profissionalismo t\u00e9cnico<\/span><\/span><span class=\"wpcf7-list-item last\"><input type=\"radio\" name=\"TuaEsperienza\" value=\"Utilit\u00e1rio T\u00e9cnico\" \/><span class=\"wpcf7-list-item-label\">Utilit\u00e1rio T\u00e9cnico<\/span><\/span><\/span><\/span>\n<\/p>\n<p><label>Avalie seu n\u00edvel de acordo com as seguintes afirma\u00e7\u00f5es. (requeridos)<\/label><br \/>\n<span class=\"wpcf7-form-control-wrap\" data-name=\"Accordodichiarazioni\"><span class=\"wpcf7-form-control wpcf7-radio\"><span class=\"wpcf7-list-item first\"><input type=\"radio\" name=\"Accordodichiarazioni\" value=\"T\u00e9cnico Almac representa o conocimiento.\" \/><span class=\"wpcf7-list-item-label\">T\u00e9cnico Almac representa o conocimiento.<\/span><\/span><span class=\"wpcf7-list-item\"><input type=\"radio\" name=\"Accordodichiarazioni\" value=\"O t\u00e9cnico Almac es paciente.\" \/><span class=\"wpcf7-list-item-label\">O t\u00e9cnico Almac es paciente.<\/span><\/span><span class=\"wpcf7-list-item\"><input type=\"radio\" name=\"Accordodichiarazioni\" value=\"O t\u00e9cnico Almac \u00e9 amig\u00e1vel\" \/><span class=\"wpcf7-list-item-label\">O t\u00e9cnico Almac \u00e9 amig\u00e1vel<\/span><\/span><span class=\"wpcf7-list-item\"><input type=\"radio\" name=\"Accordodichiarazioni\" value=\"O t\u00e9cnico Almac ofereceu as melhores esperadas\" \/><span class=\"wpcf7-list-item-label\">O t\u00e9cnico Almac ofereceu as melhores esperadas<\/span><\/span><span class=\"wpcf7-list-item last\"><input type=\"radio\" name=\"Accordodichiarazioni\" value=\"O t\u00e9cnico Almac es cort\u00e9s\" \/><span class=\"wpcf7-list-item-label\">O t\u00e9cnico Almac es cort\u00e9s<\/span><\/span><\/span><\/span>\n<\/p>\n<p><label>Avalie sua satisfa\u00e7\u00e3o geral com nosso servi\u00e7o ao cliente. (requeridos)<\/label><br \/>\n<span class=\"wpcf7-form-control-wrap\" data-name=\"Soddisfazionecomplessiva\"><span class=\"wpcf7-form-control wpcf7-radio\"><span class=\"wpcf7-list-item first\"><input type=\"radio\" name=\"Soddisfazionecomplessiva\" value=\"Muito satisfeito\" \/><span class=\"wpcf7-list-item-label\">Muito satisfeito<\/span><\/span><span class=\"wpcf7-list-item\"><input type=\"radio\" name=\"Soddisfazionecomplessiva\" value=\"nem satisfeito nem insatisfeito\" \/><span class=\"wpcf7-list-item-label\">nem satisfeito nem insatisfeito<\/span><\/span><span class=\"wpcf7-list-item\"><input type=\"radio\" name=\"Soddisfazionecomplessiva\" value=\"Satisfeito\" \/><span class=\"wpcf7-list-item-label\">Satisfeito<\/span><\/span><span class=\"wpcf7-list-item last\"><input type=\"radio\" name=\"Soddisfazionecomplessiva\" value=\"Muito Insatisfeito\" \/><span class=\"wpcf7-list-item-label\">Muito Insatisfeito<\/span><\/span><\/span><\/span>\n<\/p>\n<p><label>Voc\u00ea tem outros coment\u00e1rios sobre sua experi\u00eancia ou sugest\u00f5es sobre como podemos melhorar? (requeridos) <\/label><br \/>\n<span class=\"wpcf7-form-control-wrap\" data-name=\"Commenti\"><input size=\"40\" maxlength=\"400\" class=\"wpcf7-form-control wpcf7-text\" aria-invalid=\"false\" value=\"\" type=\"text\" name=\"Commenti\" \/><\/span>\n<\/p>\n<p><input class=\"wpcf7-form-control wpcf7-submit has-spinner\" type=\"submit\" value=\"Enviar\" \/>\n<\/p><div class=\"wpcf7-response-output\" aria-hidden=\"true\"><\/div>\n<\/form>\n<\/div>\n<\/p>\n","protected":false},"author":3,"featured_media":0,"parent":0,"menu_order":0,"comment_status":"closed","ping_status":"closed","template":"","meta":{"_acf_changed":false,"_et_pb_use_builder":"on","_et_pb_old_content":"[et_pb_section bb_built=\"1\" fullwidth=\"off\" specialty=\"off\" _builder_version=\"3.0.94\" module_class=\"template-pagina-head template-small\" custom_margin=\"||0px|\" custom_padding=\"||0px|\"][et_pb_row background_position=\"top_left\" background_repeat=\"repeat\" background_size=\"initial\" _builder_version=\"3.0.94\"][et_pb_column type=\"4_4\"][et_pb_text admin_label=\"Titolo pagina\" _builder_version=\"3.0.94\" background_layout=\"light\" text_orientation=\"center\" max_width_last_edited=\"off|desktop\" module_alignment=\"center\" header_font_size_last_edited=\"off|desktop\" custom_margin=\"||0px|\" custom_margin_last_edited=\"on|\" custom_padding=\"||0px|\" custom_padding_last_edited=\"on|\"]\r\n\r\n<h1>[contact-form-7 id=\"5014\" title=\"Questionario DE\"]<\/h1>\r\n\r\n[\/et_pb_text][\/et_pb_column][\/et_pb_row][\/et_pb_section][et_pb_section bb_built=\"1\" fullwidth=\"off\" specialty=\"off\" _builder_version=\"3.0.94\" module_class=\"template-clienti\"][et_pb_row background_position=\"top_left\" background_repeat=\"repeat\" background_size=\"initial\" _builder_version=\"3.0.94\"][et_pb_column type=\"4_4\"][et_pb_text admin_label=\"QUESTIONARIO\" _builder_version=\"3.0.94\" background_layout=\"light\" module_class=\"questionario\"]\r\n\r\n[contact-form-7 id=\"5014\" title=\"Questionario DE\"]\r\n\r\n[\/et_pb_text][\/et_pb_column][\/et_pb_row][\/et_pb_section]","_et_gb_content_width":"","footnotes":""},"class_list":["post-5021","page","type-page","status-publish","hentry"],"acf":[],"_links":{"self":[{"href":"https:\/\/www.almacsrl.com\/es\/wp-json\/wp\/v2\/pages\/5021","targetHints":{"allow":["GET"]}}],"collection":[{"href":"https:\/\/www.almacsrl.com\/es\/wp-json\/wp\/v2\/pages"}],"about":[{"href":"https:\/\/www.almacsrl.com\/es\/wp-json\/wp\/v2\/types\/page"}],"author":[{"embeddable":true,"href":"https:\/\/www.almacsrl.com\/es\/wp-json\/wp\/v2\/users\/3"}],"replies":[{"embeddable":true,"href":"https:\/\/www.almacsrl.com\/es\/wp-json\/wp\/v2\/comments?post=5021"}],"version-history":[{"count":3,"href":"https:\/\/www.almacsrl.com\/es\/wp-json\/wp\/v2\/pages\/5021\/revisions"}],"predecessor-version":[{"id":5035,"href":"https:\/\/www.almacsrl.com\/es\/wp-json\/wp\/v2\/pages\/5021\/revisions\/5035"}],"wp:attachment":[{"href":"https:\/\/www.almacsrl.com\/es\/wp-json\/wp\/v2\/media?parent=5021"}],"curies":[{"name":"wp","href":"https:\/\/api.w.org\/{rel}","templated":true}]}}