{"id":3975,"date":"2018-07-24T16:11:27","date_gmt":"2018-07-24T14:11:27","guid":{"rendered":"http:\/\/www.almacsrl.com\/privacy-policy-fornitori\/"},"modified":"2026-02-24T17:13:55","modified_gmt":"2026-02-24T16:13:55","slug":"privacy-policy-fornitori","status":"publish","type":"page","link":"https:\/\/www.almacsrl.com\/es\/privacy-policy-fornitori\/","title":{"rendered":"Informativa consenso clienti fornitori"},"content":{"rendered":"<p>[et_pb_section fb_built=\u00bb1&#8243; _builder_version=\u00bb4.16&#8243; global_colors_info=\u00bb{}\u00bb][et_pb_row _builder_version=\u00bb4.16&#8243; background_size=\u00bbinitial\u00bb background_position=\u00bbtop_left\u00bb background_repeat=\u00bbrepeat\u00bb global_colors_info=\u00bb{}\u00bb][et_pb_column type=\u00bb4_4&#8243; _builder_version=\u00bb4.16&#8243; custom_padding=\u00bb|||\u00bb global_colors_info=\u00bb{}\u00bb custom_padding__hover=\u00bb|||\u00bb][et_pb_text admin_label=\u00bbTesto titolo\u00bb _builder_version=\u00bb4.16&#8243; custom_padding=\u00bb60px||40px|\u00bb custom_padding_tablet=\u00bb\u00bb custom_padding_phone=\u00bb\u00bb custom_padding_last_edited=\u00bbon|\u00bb global_colors_info=\u00bb{}\u00bb]<\/p>\n<h1>Privacy policy<\/h1>\n<p>[\/et_pb_text][et_pb_text _builder_version=\u00bb4.27.5&#8243; custom_padding=\u00bb||100px|\u00bb custom_padding_tablet=\u00bb\u00bb custom_padding_phone=\u00bb\u00bb custom_padding_last_edited=\u00bbon|\u00bb hover_enabled=\u00bb0&#8243; global_colors_info=\u00bb{}\u00bb sticky_enabled=\u00bb0&#8243;]De conformidad con el art. 13 del Reglamento 679\/2016\/UE, le informamos que sus datos personales que nosotros adquirimos o adquiriremos estar\u00e1n sujetos al procesamiento de acuerdo con los requisitos del Reglamento y de los derechos reconocidos por el Reglamento como \u00abinteresados\u00bb.<\/p>\n<p>a)\tEl procesamiento incluir\u00e1 las siguientes operaciones: recogida telef\u00f3nica, telem\u00e1tica, escrita o en registros p\u00fablicos, listas, actas y documentos y\/o bases de datos p\u00fablicas y\/o privadas (empresas de informaci\u00f3n comercial), registro, organizaci\u00f3n, almacenamiento y procesamiento en soportes impresos, magn\u00e9ticos, automatizados o telem\u00e1ticos, procesamiento de datos recogidos por terceros, modificaci\u00f3n, selecci\u00f3n, extracci\u00f3n, comparaci\u00f3n, uso, interconexi\u00f3n tambi\u00e9n a los datos de otros sujetos sobre la base de criterios cualitativos, cuantitativos y temporales, recurrentes o definibles caso por caso, procesamiento temporal dirigido a una agregaci\u00f3n o transformaci\u00f3n r\u00e1pida de los datos, adopci\u00f3n de decisiones de manera automatizada y\/o discrecional, creaci\u00f3n de perfiles e informaci\u00f3n, comunicaci\u00f3n, cancelaci\u00f3n y destrucci\u00f3n de datos, o combinaciones de dos o m\u00e1s de las operaciones mencionadas anteriormente.<\/p>\n<p>b)\tQuedando firme la comunicaci\u00f3n a terceros realizada en cumplimiento de las obligaciones legales o derivadas de reglamentos u otras normativas comunitarias, los datos ser\u00e1n comunicados por nosotros, en Italia y en el extranjero dentro de la comunidad europea a los siguientes sujetos: 1) nuestra red de ventas; 2) otras empresas asociadas y\/o controladas (con las cuales los procesamientos tendr\u00e1n los prop\u00f3sitos relacionados con los indicados en esta nota informativa); 3) empresas, organismos, asociaciones y\/o personas f\u00edsicas que nos proporcionan servicios de procesamiento y mantenimiento de datos; 4) bancos e instituciones de cr\u00e9dito; 5) compa\u00f1\u00edas de seguros; 6) empresas de factoring; 7) empresas de leasing; 8) empresas de recuperaci\u00f3n y\/o cesi\u00f3n de cr\u00e9ditos; 9) empresas de seguros o de cesi\u00f3n de cr\u00e9ditos; 10) empresas de informaci\u00f3n comercial; 11) consultores y profesionales; 12) estudios profesionales y de asesoramiento comercial; 13) auditores; 14) expedidores, transportistas y mensajeros; 15) operadores de telecomunicaciones; 16) organismos econ\u00f3micos p\u00fablicos; 17) clientes\/proveedores y subcontratistas; 18) oficinas judiciales en el \u00e1mbito de las investigaciones penales; 19) otros sujetos a los que la facultad de acceder a los datos que le conciernen est\u00e9 reconocida por las disposiciones de la ley o de legislaci\u00f3n secundaria o comunitaria; 20) otras empresas, organismos y\/o personas f\u00edsicas que realicen actividades relacionadas, instrumentales y\/o de apoyo a las nuestras, o sean necesarias y\/o funcionales para la ejecuci\u00f3n de contratos o servicios que nos ha solicitado. Estos sujetos procesar\u00e1n y, a su vez, comunicar\u00e1n a terceros los datos como \u00abtitulares\u00bb o \u00abresponsables\u00bb de acuerdo con su relevancia de conformidad con el Reglamento 679\/2016\/UE.<\/p>\n<p>c)\tLas operaciones de procesamiento y\/o comunicaci\u00f3n antedichas tendr\u00e1n los siguientes prop\u00f3sitos: 1) satisfacer las exigencias precontractuales (por ejemplo, instrucciones u \u00f3rdenes de licitaci\u00f3n, controles de solvencia); 2) el cumplimiento de las obligaciones legales y contractuales (p. ej. tenedur\u00eda de libros contables, formalidades fiscales, gesti\u00f3n administrativa); 3) el cumplimiento de las obligaciones legales previstas por la normativa contra el lavado de dinero (p.ej. el archivo inform\u00e1tico\/impreso como se estipula en el Decreto Legislativo 23\/107 modificado por el Decreto Legislativo 151\/09 y sucesivas modificaciones e integraciones); 4) gesti\u00f3n de clientes; 5) gesti\u00f3n de proveedores; 6) gesti\u00f3n de cr\u00e9ditos; 7) control de riesgos (fraude, insolvencia, &#8230;); 8) gesti\u00f3n de litigios y gesti\u00f3n de cr\u00e9ditos; 9) gesti\u00f3n contable y de tesorer\u00eda; 10) servicios financieros instrumentales para la gesti\u00f3n de clientes\/proveedores; 11) gesti\u00f3n de instrumentos de pago electr\u00f3nicos; 12) servicios de seguros fundamentales para la gesti\u00f3n de clientes\/proveedores; 13) gesti\u00f3n de almacenes y transporte; 14) gesti\u00f3n de relaciones comerciales; 15) marketing operativo y estrat\u00e9gico; 16) venta por correspondencia y comercio electr\u00f3nico; 17) telemercadeo y televenta; 18) informaci\u00f3n comercial, env\u00edo de material publicitario, venta directa o comunicaci\u00f3n comercial interactiva; 19) certificaci\u00f3n de calidad; 20) detecci\u00f3n del grado de satisfacci\u00f3n de clientes\/proveedores.<\/p>\n<p>d)\tEl otorgamiento de sus datos personales es obligatorio solo para los fines especificados en los p\u00e1rrafos 1 a 14 anteriores, no siendo necesario su consentimiento para el procesamiento de los datos para tales fines. Cualquier negativa a suministrarlos determinar\u00e1, sin embargo, la imposibilidad de establecer o continuar las relaciones contractuales con su empresa. <\/p>\n<p>e)\tLos datos ser\u00e1n procesados y conservados durante la duraci\u00f3n de las relaciones contractuales establecidas con su empresa y, posteriormente, durante el tiempo necesario para cumplir con las obligaciones legales pertinentes, para preservar su perfil econ\u00f3mico con el fin de racionalizar la selecci\u00f3n de los clientes y\/o proveedores y, sujeto a su consentimiento como mejor lo considere, para los fines comerciales especificados en los puntos 15 a 20.<\/p>\n<p>f)\tEn relaci\u00f3n con los datos objeto del procesamiento al que se hace referencia en esta nota informativa, se le reconoce al interesado, en cualquier momento, el derecho:<br \/>\n\u2022\tal acceso (art. 15 Reglamento UE nro. 2016\/679);<br \/>\n\u2022\ta la correcci\u00f3n (art. 16 Reglamento UE nro. 2016\/679);<br \/>\n\u2022\ta la cancelaci\u00f3n (art. 17 Reglamento UE nro. 2016\/679);<br \/>\n\u2022\ta la limitaci\u00f3n (art. 18 Reglamento UE nro. 2016\/679);<br \/>\n\u2022\ta la transferibilidad, entendida como el derecho a obtener del titular del procesamiento los datos en un formato estructurado de uso com\u00fan y legible por un dispositivo autom\u00e1tico para transmitirlos a otro titular del procesamiento sin impedimentos (art. 20 Reglamento UE nro. 2016\/679);<br \/>\n\u2022\tOposici\u00f3n al procesamiento (art. 21 Reglamento UE nro. 2016\/679);<br \/>\n\u2022\tRevocaci\u00f3n del consentimiento al procesamiento, sin perjuicio de la legalidad del procesamiento basado en el consentimiento adquirido antes de la revocaci\u00f3n (art. 7, p\u00e1rrafo 3 Reglamento UE nro. 2016\/679);<br \/>\n\u2022\tProponer una reclamaci\u00f3n a la Autoridad Garante para la Protecci\u00f3n de los Datos Personales (art. 51 Reglamento UE nro. 2016\/679).<\/p>\n<p><strong>El ejercicio de los derechos antes mencionados se puede ejercer a trav\u00e9s de una comunicaci\u00f3n escrita que se enviar\u00e1 por correo electr\u00f3nico a la direcci\u00f3n almac@pec.almacsrl.it o por carta certificada con acuse de recibo a la direcci\u00f3n ALMAC srl &#8211; Via Emilia Est 2009 &#8211; 41018 San Cesario sul Panaro ( MO)<\/p>\n<p>El titular del procesamiento de los datos personales es ALMAC srl, con domicilio social en Via Emilia Est 2009 &#8211; 41018 San Cesario sul Panaro (MO) Italia<\/p>\n<p>El Responsable del procesamiento de los datos personales es Alessandro Toma, y puede ser contactado a la direcci\u00f3n de correo electr\u00f3nico alessandro.toma@almacsrl.it<\/p>\n<p>Responsable de la protecci\u00f3n de los datos: NO DESIGNADO.<\/strong><br \/>\n[\/et_pb_text][\/et_pb_column][\/et_pb_row][\/et_pb_section]<\/p>\n","protected":false},"excerpt":{"rendered":"<p>Privacy policy De conformidad con el art. 13 del Reglamento 679\/2016\/UE, le informamos que sus datos personales que nosotros adquirimos o adquiriremos estar\u00e1n sujetos al procesamiento de acuerdo con los requisitos del Reglamento y de los derechos reconocidos por el Reglamento como \u00abinteresados\u00bb. a) El procesamiento incluir\u00e1 las siguientes operaciones: recogida telef\u00f3nica, telem\u00e1tica, escrita o [&hellip;]<\/p>\n","protected":false},"author":1,"featured_media":0,"parent":0,"menu_order":0,"comment_status":"closed","ping_status":"closed","template":"","meta":{"_acf_changed":false,"_et_pb_use_builder":"on","_et_pb_old_content":"","_et_gb_content_width":"","footnotes":""},"class_list":["post-3975","page","type-page","status-publish","hentry"],"acf":[],"_links":{"self":[{"href":"https:\/\/www.almacsrl.com\/es\/wp-json\/wp\/v2\/pages\/3975","targetHints":{"allow":["GET"]}}],"collection":[{"href":"https:\/\/www.almacsrl.com\/es\/wp-json\/wp\/v2\/pages"}],"about":[{"href":"https:\/\/www.almacsrl.com\/es\/wp-json\/wp\/v2\/types\/page"}],"author":[{"embeddable":true,"href":"https:\/\/www.almacsrl.com\/es\/wp-json\/wp\/v2\/users\/1"}],"replies":[{"embeddable":true,"href":"https:\/\/www.almacsrl.com\/es\/wp-json\/wp\/v2\/comments?post=3975"}],"version-history":[{"count":2,"href":"https:\/\/www.almacsrl.com\/es\/wp-json\/wp\/v2\/pages\/3975\/revisions"}],"predecessor-version":[{"id":5854,"href":"https:\/\/www.almacsrl.com\/es\/wp-json\/wp\/v2\/pages\/3975\/revisions\/5854"}],"wp:attachment":[{"href":"https:\/\/www.almacsrl.com\/es\/wp-json\/wp\/v2\/media?parent=3975"}],"curies":[{"name":"wp","href":"https:\/\/api.w.org\/{rel}","templated":true}]}}