{"id":2675,"date":"2018-01-16T12:51:38","date_gmt":"2018-01-16T11:51:38","guid":{"rendered":"http:\/\/www.almacsrl.com\/macchine-speciali\/"},"modified":"2018-05-17T13:47:05","modified_gmt":"2018-05-17T11:47:05","slug":"macchine-speciali","status":"publish","type":"page","link":"https:\/\/www.almacsrl.com\/es\/macchine-speciali\/","title":{"rendered":"Macchine Speciali"},"content":{"rendered":"<p>[et_pb_section bb_built=\u00bb1&#8243; fullwidth=\u00bboff\u00bb specialty=\u00bboff\u00bb _builder_version=\u00bb3.0.94&#8243; module_class=\u00bbtemplate-pagina-head template-small\u00bb][et_pb_row background_position=\u00bbtop_left\u00bb background_repeat=\u00bbrepeat\u00bb background_size=\u00bbinitial\u00bb][et_pb_column type=\u00bb4_4&#8243;][et_pb_text admin_label=\u00bbTitolo pagina\u00bb _builder_version=\u00bb3.0.94&#8243; background_layout=\u00bblight\u00bb text_orientation=\u00bbcenter\u00bb max_width_last_edited=\u00bboff|desktop\u00bb module_alignment=\u00bbcenter\u00bb header_font_size=\u00bb60px\u00bb header_font_size_tablet=\u00bb40px\u00bb header_font_size_phone=\u00bb30px\u00bb header_font_size_last_edited=\u00bbon|desktop\u00bb custom_margin=\u00bb||0px|\u00bb custom_margin_last_edited=\u00bbon|\u00bb custom_padding=\u00bb||0px|\u00bb custom_padding_last_edited=\u00bbon|\u00bb]<\/p>\n<h1>M\u00e1quinas especiales<\/h1>\n<p>[\/et_pb_text][et_pb_text admin_label=\u00bbtesto PAGINA\u00bb _builder_version=\u00bb3.0.94&#8243; background_layout=\u00bblight\u00bb text_orientation=\u00bbcenter\u00bb max_width=\u00bb70%\u00bb max_width_tablet=\u00bb100%\u00bb max_width_last_edited=\u00bbon|desktop\u00bb module_alignment=\u00bbcenter\u00bb header_font_size=\u00bb60px\u00bb header_font_size_tablet=\u00bb50px\u00bb header_font_size_phone=\u00bb30px\u00bb header_font_size_last_edited=\u00bbon|desktop\u00bb]<\/p>\n<p>Pensando a la Pasta Hilada, vienen a la mente productos alimenticios que hist\u00f3ricamente simbolizan nuestro pa\u00eds e todos los rincones nel mundo.<\/p>\n<p>&nbsp;<\/p>\n<p>[\/et_pb_text][et_pb_text admin_label=\u00bbtesto PAGINA\u00bb _builder_version=\u00bb3.0.94&#8243; background_layout=\u00bblight\u00bb max_width=\u00bb70%\u00bb max_width_tablet=\u00bb100%\u00bb max_width_last_edited=\u00bbon|desktop\u00bb module_alignment=\u00bbcenter\u00bb header_font_size=\u00bb60px\u00bb header_font_size_tablet=\u00bb50px\u00bb header_font_size_phone=\u00bb30px\u00bb header_font_size_last_edited=\u00bbon|desktop\u00bb header_text_align=\u00bbcenter\u00bb text_orientation=\u00bbcenter\u00bb]<\/p>\n<p><strong>Productos especiales alcanzables con las tecnolog\u00edas m\u00e1s innovadoras, segundo las necesidades de los clientes.<\/strong><\/p>\n<p>Desde la Mozzarella de b\u00fafala hasta el Provolone Padano, las Pastas Hiladas \u00abMade in Italy\u00bb para muchos pa\u00edses representen realmente un \u201cmust\u201d,para su importante valor agregado y comercial que tienen en los pa\u00edses de ultramar.<\/p>\n<p>Almac, empresa l\u00edder en el dise\u00f1o y construcci\u00f3n de m\u00e1quinas y plantas para la producci\u00f3n de quesos a Pasta Hilada, ha invertido la experiencia adquirida en este campo en la expansi\u00f3n de la gama de productos que se pueden lograr con las tecnolog\u00edas m\u00e1s innovadoras, automatizando y mejorando los procesos hist\u00f3ricamente tradicionales, desde la producci\u00f3n del Kasar turco hasta la realizaci\u00f3n del t\u00edpico Queso de Mano&#8230;<\/p>\n<p>[\/et_pb_text][\/et_pb_column][\/et_pb_row][\/et_pb_section][et_pb_section bb_built=\u00bb1&#8243; fullwidth=\u00bboff\u00bb specialty=\u00bboff\u00bb _builder_version=\u00bb3.0.94&#8243; module_class=\u00bbtemplate-prodotti-lista\u00bb][et_pb_row _builder_version=\u00bb3.0.94&#8243; make_fullwidth=\u00bbon\u00bb use_custom_gutter=\u00bbon\u00bb gutter_width=\u00bb1&#8243;][et_pb_column type=\u00bb4_4&#8243;][et_pb_portfolio_almac_prodotti _builder_version=\u00bb3.0.94&#8243; posts_number=\u00bb100&#8243; include_categories=\u00bb26&#8243; show_title=\u00bbon\u00bb show_categories=\u00bboff\u00bb show_pagination=\u00bboff\u00bb fullwidth=\u00bbon\u00bb background_layout=\u00bbdark\u00bb title_font_size_tablet=\u00bb51&#8243; title_line_height_tablet=\u00bb2&#8243; caption_font_size_tablet=\u00bb51&#8243; caption_line_height_tablet=\u00bb2&#8243; pagination_font_size_tablet=\u00bb51&#8243; pagination_line_height_tablet=\u00bb2&#8243; \/][\/et_pb_column][\/et_pb_row][\/et_pb_section]<\/p>\n","protected":false},"excerpt":{"rendered":"<p>M\u00e1quinas especiales Pensando a la Pasta Hilada, vienen a la mente productos alimenticios que hist\u00f3ricamente simbolizan nuestro pa\u00eds e todos los rincones nel mundo. &nbsp; Productos especiales alcanzables con las tecnolog\u00edas m\u00e1s innovadoras, segundo las necesidades de los clientes. Desde la Mozzarella de b\u00fafala hasta el Provolone Padano, las Pastas Hiladas \u00abMade in Italy\u00bb para [&hellip;]<\/p>\n","protected":false},"author":1,"featured_media":0,"parent":0,"menu_order":0,"comment_status":"closed","ping_status":"closed","template":"","meta":{"_acf_changed":false,"_et_pb_use_builder":"on","_et_pb_old_content":"<p>This is an example page. It's different from a blog post because it will stay in one place and will show up in your site navigation (in most themes). Most people start with an About page that introduces them to potential site visitors. It might say something like this:<\/p><blockquote><p>Hi there! I'm a bike messenger by day, aspiring actor by night, and this is my website. I live in Los Angeles, have a great dog named Jack, and I like pi\u00f1a coladas. (And gettin' caught in the rain.)<\/p><\/blockquote><p>...or something like this:<\/p><blockquote><p>The XYZ Doohickey Company was founded in 1971, and has been providing quality doohickeys to the public ever since. Located in Gotham City, XYZ employs over 2,000 people and does all kinds of awesome things for the Gotham community.<\/p><\/blockquote><p>As a new WordPress user, you should go to <a href=\"http:\/\/www.almacsrl.com\/wp-admin\/\">your dashboard<\/a> to delete this page and create new pages for your content. Have fun!<\/p>","_et_gb_content_width":"","footnotes":""},"class_list":["post-2675","page","type-page","status-publish","hentry"],"acf":[],"_links":{"self":[{"href":"https:\/\/www.almacsrl.com\/es\/wp-json\/wp\/v2\/pages\/2675","targetHints":{"allow":["GET"]}}],"collection":[{"href":"https:\/\/www.almacsrl.com\/es\/wp-json\/wp\/v2\/pages"}],"about":[{"href":"https:\/\/www.almacsrl.com\/es\/wp-json\/wp\/v2\/types\/page"}],"author":[{"embeddable":true,"href":"https:\/\/www.almacsrl.com\/es\/wp-json\/wp\/v2\/users\/1"}],"replies":[{"embeddable":true,"href":"https:\/\/www.almacsrl.com\/es\/wp-json\/wp\/v2\/comments?post=2675"}],"version-history":[{"count":5,"href":"https:\/\/www.almacsrl.com\/es\/wp-json\/wp\/v2\/pages\/2675\/revisions"}],"predecessor-version":[{"id":3116,"href":"https:\/\/www.almacsrl.com\/es\/wp-json\/wp\/v2\/pages\/2675\/revisions\/3116"}],"wp:attachment":[{"href":"https:\/\/www.almacsrl.com\/es\/wp-json\/wp\/v2\/media?parent=2675"}],"curies":[{"name":"wp","href":"https:\/\/api.w.org\/{rel}","templated":true}]}}