{"id":2667,"date":"2018-01-12T12:34:13","date_gmt":"2018-01-12T11:34:13","guid":{"rendered":"http:\/\/www.almacsrl.com\/produzione-mozzarella\/"},"modified":"2018-05-18T16:55:25","modified_gmt":"2018-05-18T14:55:25","slug":"produzione-mozzarella","status":"publish","type":"page","link":"https:\/\/www.almacsrl.com\/es\/produzione-mozzarella\/","title":{"rendered":"Impianti Produzione di mozzarella fresca"},"content":{"rendered":"<p>[et_pb_section bb_built=\u00bb1&#8243; fullwidth=\u00bboff\u00bb specialty=\u00bboff\u00bb _builder_version=\u00bb3.0.94&#8243; module_class=\u00bbtemplate-pagina-head template-small\u00bb][et_pb_row background_position=\u00bbtop_left\u00bb background_repeat=\u00bbrepeat\u00bb background_size=\u00bbinitial\u00bb][et_pb_column type=\u00bb4_4&#8243;][et_pb_text admin_label=\u00bbTitolo pagina\u00bb _builder_version=\u00bb3.0.94&#8243; background_layout=\u00bblight\u00bb text_orientation=\u00bbcenter\u00bb max_width_last_edited=\u00bboff|desktop\u00bb module_alignment=\u00bbcenter\u00bb header_font_size_last_edited=\u00bboff|desktop\u00bb custom_margin=\u00bb||0px|\u00bb custom_margin_last_edited=\u00bbon|\u00bb custom_padding=\u00bb||0px|\u00bb custom_padding_last_edited=\u00bbon|\u00bb]<\/p>\n<h1>Producci\u00f3n de mozzarella.<\/h1>\n<p>[\/et_pb_text][et_pb_text admin_label=\u00bbtesto PAGINA\u00bb _builder_version=\u00bb3.0.94&#8243; background_layout=\u00bblight\u00bb text_orientation=\u00bbcenter\u00bb max_width=\u00bb70%\u00bb max_width_tablet=\u00bb100%\u00bb max_width_last_edited=\u00bbon|desktop\u00bb module_alignment=\u00bbcenter\u00bb header_font_size_last_edited=\u00bboff|desktop\u00bb]<\/p>\n<p>Para pastas hiladas frescas, caracterizadas por un alto contenido de humedad.<\/p>\n<p>[\/et_pb_text][\/et_pb_column][\/et_pb_row][\/et_pb_section][et_pb_section bb_built=\u00bb1&#8243; fullwidth=\u00bboff\u00bb specialty=\u00bboff\u00bb _builder_version=\u00bb3.0.94&#8243; module_class=\u00bbtemplate-lista-categorie\u00bb disabled=\u00bboff\u00bb disabled_on=\u00bboff|off|off\u00bb][et_pb_row _builder_version=\u00bb3.0.94&#8243; make_fullwidth=\u00bbon\u00bb use_custom_gutter=\u00bbon\u00bb gutter_width=\u00bb1&#8243;][et_pb_column type=\u00bb1_4&#8243;][et_pb_blurb admin_label=\u00bbBlur \/drenaggio-maturazione-cagliata\/\u00bb _builder_version=\u00bb3.0.94&#8243; title=\u00bbSistemas de drenaje y maduraci\u00f3n de la cuajada\u00bb url=\u00bb\/es\/drenaggio-maturazione-cagliata\/\u00bb url_new_window=\u00bboff\u00bb use_icon=\u00bboff\u00bb image=\u00bbhttps:\/\/www.almacsrl.com\/wp-content\/uploads\/2018\/01\/1-1-accumulo-di-cagliata-PNG-1.png\u00bb use_circle=\u00bboff\u00bb use_circle_border=\u00bboff\u00bb icon_placement=\u00bbtop\u00bb use_icon_font_size=\u00bboff\u00bb background_layout=\u00bbdark\u00bb animation=\u00bboff\u00bb module_class=\u00bblista-categorie\u00bb saved_tabs=\u00bball\u00bb global_module=\u00bb3137&#8243; \/][\/et_pb_column][et_pb_column type=\u00bb1_4&#8243;][et_pb_blurb admin_label=\u00bbBlur \/caricatore-e-tagliapasta\/\u00bb _builder_version=\u00bb3.0.94&#8243; title=\u00bbCargador y cortapasta\u00bb url=\u00bb\/es\/caricatore-e-tagliapasta\/\u00bb url_new_window=\u00bboff\u00bb use_icon=\u00bboff\u00bb image=\u00bbhttps:\/\/www.almacsrl.com\/wp-content\/uploads\/2018\/01\/2-1-TD2-T26-PNG.jpg\u00bb use_circle=\u00bboff\u00bb use_circle_border=\u00bboff\u00bb icon_placement=\u00bbtop\u00bb use_icon_font_size=\u00bboff\u00bb background_layout=\u00bbdark\u00bb animation=\u00bboff\u00bb module_class=\u00bblista-categorie\u00bb saved_tabs=\u00bball\u00bb global_module=\u00bb3140&#8243; \/][\/et_pb_column][et_pb_column type=\u00bb1_4&#8243;][et_pb_blurb admin_label=\u00bbBlur \/macchine-filatrici\/\u00bb _builder_version=\u00bb3.0.94&#8243; title=\u00bbHiladoras\u00bb url=\u00bb\/es\/macchine-filatrici\/\u00bb url_new_window=\u00bboff\u00bb use_icon=\u00bboff\u00bb image=\u00bbhttps:\/\/www.almacsrl.com\/wp-content\/uploads\/2018\/01\/3-5-FT-15DT-small.png\u00bb use_circle=\u00bboff\u00bb use_circle_border=\u00bboff\u00bb icon_placement=\u00bbtop\u00bb use_icon_font_size=\u00bboff\u00bb background_layout=\u00bbdark\u00bb animation=\u00bboff\u00bb module_class=\u00bblista-categorie\u00bb saved_tabs=\u00bball\u00bb global_module=\u00bb3141&#8243; \/][\/et_pb_column][et_pb_column type=\u00bb1_4&#8243;][et_pb_blurb admin_label=\u00bbBlur \/macchine-formatrici\/\u00bb _builder_version=\u00bb3.0.94&#8243; title=\u00bbFormadoras\u00bb url=\u00bb\/es\/macchine-formatrici\/\u00bb url_new_window=\u00bboff\u00bb use_icon=\u00bboff\u00bb image=\u00bbhttps:\/\/www.almacsrl.com\/wp-content\/uploads\/2018\/01\/4-3-FS-200N-small.png\u00bb use_circle=\u00bboff\u00bb use_circle_border=\u00bboff\u00bb icon_placement=\u00bbtop\u00bb use_icon_font_size=\u00bboff\u00bb background_layout=\u00bbdark\u00bb animation=\u00bboff\u00bb module_class=\u00bblista-categorie\u00bb saved_tabs=\u00bball\u00bb global_module=\u00bb3144&#8243; \/][\/et_pb_column][\/et_pb_row][et_pb_row _builder_version=\u00bb3.0.94&#8243; make_fullwidth=\u00bbon\u00bb use_custom_gutter=\u00bbon\u00bb gutter_width=\u00bb1&#8243;][et_pb_column type=\u00bb1_4&#8243;][et_pb_blurb admin_label=\u00bbBlur \/macchine-gruppi-compatti-filatura-formatura\/\u00bb _builder_version=\u00bb3.0.94&#8243; title=\u00bbGrupos compactos de hilatura y formado\u00bb url=\u00bb\/es\/macchine-gruppi-compatti-filatura-formatura\/\u00bb url_new_window=\u00bboff\u00bb use_icon=\u00bboff\u00bb image=\u00bbhttps:\/\/www.almacsrl.com\/wp-content\/uploads\/2018\/01\/5-2-FS-FFC-1500-small.png\u00bb use_circle=\u00bboff\u00bb use_circle_border=\u00bboff\u00bb icon_placement=\u00bbtop\u00bb use_icon_font_size=\u00bboff\u00bb background_layout=\u00bbdark\u00bb animation=\u00bboff\u00bb module_class=\u00bblista-categorie\u00bb saved_tabs=\u00bball\u00bb global_module=\u00bb3148&#8243; \/][\/et_pb_column][et_pb_column type=\u00bb1_4&#8243;][et_pb_blurb admin_label=\u00bbBlur \/macchine-gruppo-rassodamento\/\u00bb _builder_version=\u00bb3.0.94&#8243; title=\u00bbGrupo de endurecimiento \u00bb url=\u00bb\/es\/macchine-gruppo-rassodamento\/\u00bb url_new_window=\u00bboff\u00bb use_icon=\u00bboff\u00bb image=\u00bbhttps:\/\/www.almacsrl.com\/wp-content\/uploads\/2018\/01\/6-2-GRDP-small.png\u00bb use_circle=\u00bboff\u00bb use_circle_border=\u00bboff\u00bb icon_placement=\u00bbtop\u00bb use_icon_font_size=\u00bboff\u00bb background_layout=\u00bbdark\u00bb animation=\u00bboff\u00bb module_class=\u00bblista-categorie\u00bb saved_tabs=\u00bball\u00bb global_module=\u00bb3149&#8243; \/][\/et_pb_column][et_pb_column type=\u00bb1_4&#8243;][et_pb_blurb admin_label=\u00bbBlur \/macchine-gruppo-salamoia\/\u00bb _builder_version=\u00bb3.0.94&#8243; title=\u00bbGrupo de salmuera \u00bb url=\u00bb\/es\/macchine-gruppo-salamoia\/\u00bb url_new_window=\u00bboff\u00bb use_icon=\u00bboff\u00bb image=\u00bbhttps:\/\/www.almacsrl.com\/wp-content\/uploads\/2018\/01\/7-1-gruppo-salamoia-small.png\u00bb use_circle=\u00bboff\u00bb use_circle_border=\u00bboff\u00bb icon_placement=\u00bbtop\u00bb use_icon_font_size=\u00bboff\u00bb background_layout=\u00bbdark\u00bb animation=\u00bboff\u00bb module_class=\u00bblista-categorie\u00bb saved_tabs=\u00bball\u00bb global_module=\u00bb3150&#8243; \/][\/et_pb_column][et_pb_column type=\u00bb1_4&#8243;][et_pb_blurb admin_label=\u00bbBlur \/macchine-caricatore-confezionatrice\/\u00bb _builder_version=\u00bb3.0.94&#8243; title=\u00bbCargador para envasadoras\u00bb url=\u00bb\/es\/macchine-caricatore-confezionatrice\/\u00bb url_new_window=\u00bboff\u00bb use_icon=\u00bboff\u00bb image=\u00bbhttps:\/\/www.almacsrl.com\/wp-content\/uploads\/2018\/01\/8-1-caricatore-mozzarelle-small.png\u00bb use_circle=\u00bboff\u00bb use_circle_border=\u00bboff\u00bb icon_placement=\u00bbtop\u00bb use_icon_font_size=\u00bboff\u00bb background_layout=\u00bbdark\u00bb animation=\u00bboff\u00bb module_class=\u00bblista-categorie\u00bb saved_tabs=\u00bball\u00bb global_module=\u00bb3151&#8243; \/][\/et_pb_column][\/et_pb_row][\/et_pb_section][et_pb_section bb_built=\u00bb1&#8243; fullwidth=\u00bboff\u00bb specialty=\u00bboff\u00bb _builder_version=\u00bb3.0.94&#8243; module_class=\u00bbtemplate-clienti template-clienti-banner\u00bb global_module=\u00bb2478&#8243;][et_pb_row global_parent=\u00bb2478&#8243; background_position=\u00bbtop_left\u00bb background_repeat=\u00bbrepeat\u00bb background_size=\u00bbinitial\u00bb][et_pb_column type=\u00bb4_4&#8243;][et_pb_text admin_label=\u00bbTitolo + testo CLIENTI\u00bb global_parent=\u00bb2478&#8243; _builder_version=\u00bb3.0.94&#8243; background_layout=\u00bblight\u00bb text_orientation=\u00bbcenter\u00bb max_width=\u00bb70%\u00bb max_width_tablet=\u00bb100%\u00bb max_width_last_edited=\u00bbon|desktop\u00bb module_alignment=\u00bbcenter\u00bb]<\/p>\n<h2>Nuestros clientes<\/h2>\n<p>El nivel de excelencia logrado por nuestras instalaciones y la capacidad de ofrecer un servicio de asistencia t\u00e9cnica- tecnol\u00f3gica global, han permitido a Almac convertirse en socio de los m\u00e1s importantes grupos de productores de pasta hilada a nivel internacional, por ejemplo:<\/p>\n<p>[\/et_pb_text][et_pb_text admin_label=\u00bbLISTA LOGHI CLIENTI\u00bb global_parent=\u00bb2478&#8243; _builder_version=\u00bb3.0.94&#8243; background_layout=\u00bblight\u00bb text_orientation=\u00bbcenter\u00bb]<\/p>\n<ul>\n<li><img decoding=\"async\" src=\"https:\/\/www.almacsrl.com\/wp-content\/uploads\/2018\/01\/Image-17.png\" \/><\/li>\n<li><img decoding=\"async\" src=\"https:\/\/www.almacsrl.com\/wp-content\/uploads\/2018\/01\/Image-18.png\" \/><\/li>\n<li><img decoding=\"async\" src=\"https:\/\/www.almacsrl.com\/wp-content\/uploads\/2018\/01\/Image-19.png\" \/><\/li>\n<li><img decoding=\"async\" src=\"https:\/\/www.almacsrl.com\/wp-content\/uploads\/2018\/01\/Image-20.png\" \/><\/li>\n<li><img decoding=\"async\" src=\"https:\/\/www.almacsrl.com\/wp-content\/uploads\/2018\/01\/Image-21.png\" \/><\/li>\n<li><img decoding=\"async\" src=\"https:\/\/www.almacsrl.com\/wp-content\/uploads\/2018\/01\/Image-22.png\" \/><\/li>\n<li><img decoding=\"async\" src=\"https:\/\/www.almacsrl.com\/wp-content\/uploads\/2018\/01\/Image-23.png\" \/><\/li>\n<li><img decoding=\"async\" src=\"https:\/\/www.almacsrl.com\/wp-content\/uploads\/2018\/01\/Image-24.png\" \/><\/li>\n<\/ul>\n<p>[\/et_pb_text][\/et_pb_column][\/et_pb_row][\/et_pb_section]<\/p>\n","protected":false},"excerpt":{"rendered":"<p>Producci\u00f3n de mozzarella. Para pastas hiladas frescas, caracterizadas por un alto contenido de humedad. Nuestros clientes El nivel de excelencia logrado por nuestras instalaciones y la capacidad de ofrecer un servicio de asistencia t\u00e9cnica- tecnol\u00f3gica global, han permitido a Almac convertirse en socio de los m\u00e1s importantes grupos de productores de pasta hilada a nivel [&hellip;]<\/p>\n","protected":false},"author":1,"featured_media":0,"parent":0,"menu_order":0,"comment_status":"closed","ping_status":"closed","template":"","meta":{"_acf_changed":false,"_et_pb_use_builder":"on","_et_pb_old_content":"<p>This is an example page. It's different from a blog post because it will stay in one place and will show up in your site navigation (in most themes). Most people start with an About page that introduces them to potential site visitors. It might say something like this:<\/p><blockquote><p>Hi there! I'm a bike messenger by day, aspiring actor by night, and this is my website. I live in Los Angeles, have a great dog named Jack, and I like pi\u00f1a coladas. (And gettin' caught in the rain.)<\/p><\/blockquote><p>...or something like this:<\/p><blockquote><p>The XYZ Doohickey Company was founded in 1971, and has been providing quality doohickeys to the public ever since. Located in Gotham City, XYZ employs over 2,000 people and does all kinds of awesome things for the Gotham community.<\/p><\/blockquote><p>As a new WordPress user, you should go to <a href=\"http:\/\/www.almacsrl.com\/wp-admin\/\">your dashboard<\/a> to delete this page and create new pages for your content. Have fun!<\/p>","_et_gb_content_width":"","footnotes":""},"class_list":["post-2667","page","type-page","status-publish","hentry"],"acf":[],"_links":{"self":[{"href":"https:\/\/www.almacsrl.com\/es\/wp-json\/wp\/v2\/pages\/2667","targetHints":{"allow":["GET"]}}],"collection":[{"href":"https:\/\/www.almacsrl.com\/es\/wp-json\/wp\/v2\/pages"}],"about":[{"href":"https:\/\/www.almacsrl.com\/es\/wp-json\/wp\/v2\/types\/page"}],"author":[{"embeddable":true,"href":"https:\/\/www.almacsrl.com\/es\/wp-json\/wp\/v2\/users\/1"}],"replies":[{"embeddable":true,"href":"https:\/\/www.almacsrl.com\/es\/wp-json\/wp\/v2\/comments?post=2667"}],"version-history":[{"count":3,"href":"https:\/\/www.almacsrl.com\/es\/wp-json\/wp\/v2\/pages\/2667\/revisions"}],"predecessor-version":[{"id":2992,"href":"https:\/\/www.almacsrl.com\/es\/wp-json\/wp\/v2\/pages\/2667\/revisions\/2992"}],"wp:attachment":[{"href":"https:\/\/www.almacsrl.com\/es\/wp-json\/wp\/v2\/media?parent=2667"}],"curies":[{"name":"wp","href":"https:\/\/api.w.org\/{rel}","templated":true}]}}