{"id":2661,"date":"2018-01-16T09:58:42","date_gmt":"2018-01-16T08:58:42","guid":{"rendered":"http:\/\/www.almacsrl.com\/macchine\/"},"modified":"2018-05-18T16:40:21","modified_gmt":"2018-05-18T14:40:21","slug":"macchine","status":"publish","type":"page","link":"https:\/\/www.almacsrl.com\/es\/macchine\/","title":{"rendered":"Macchine"},"content":{"rendered":"<p>[et_pb_section bb_built=\u00bb1&#8243; fullwidth=\u00bboff\u00bb specialty=\u00bboff\u00bb _builder_version=\u00bb3.0.94&#8243; module_class=\u00bbtemplate-pagina-head template-small\u00bb][et_pb_row background_position=\u00bbtop_left\u00bb background_repeat=\u00bbrepeat\u00bb background_size=\u00bbinitial\u00bb][et_pb_column type=\u00bb4_4&#8243;][et_pb_text admin_label=\u00bbTitolo pagina\u00bb _builder_version=\u00bb3.0.94&#8243; background_layout=\u00bblight\u00bb text_orientation=\u00bbcenter\u00bb max_width_last_edited=\u00bboff|desktop\u00bb module_alignment=\u00bbcenter\u00bb header_font_size=\u00bb60px\u00bb header_font_size_tablet=\u00bb40px\u00bb header_font_size_phone=\u00bb30px\u00bb header_font_size_last_edited=\u00bbon|desktop\u00bb custom_margin=\u00bb||0px|\u00bb custom_margin_last_edited=\u00bbon|\u00bb custom_padding=\u00bb||0px|\u00bb custom_padding_last_edited=\u00bbon|\u00bb]<\/p>\n<h1>M\u00e1quinas, Equipos, Automatizaciones para la industria quesera<\/h1>\n<p>[\/et_pb_text][et_pb_text admin_label=\u00bbtesto PAGINA\u00bb _builder_version=\u00bb3.0.94&#8243; background_layout=\u00bblight\u00bb text_orientation=\u00bbcenter\u00bb max_width=\u00bb70%\u00bb max_width_tablet=\u00bb100%\u00bb max_width_last_edited=\u00bbon|desktop\u00bb module_alignment=\u00bbcenter\u00bb header_font_size=\u00bb60px\u00bb header_font_size_tablet=\u00bb50px\u00bb header_font_size_phone=\u00bb30px\u00bb header_font_size_last_edited=\u00bbon|desktop\u00bb]<\/p>\n<p>Almac, empresa l\u00edder en el dise\u00f1o y fabricaci\u00f3n de m\u00e1quinas, instalaciones y automatizaciones para la industria de los quesos de \u00bbpasta hilada\u00bb (p. ej. Mozzarella y Provolone), representa un socio preferente para los principales grupos alimentarios italianos y extranjeros.<\/p>\n<p>[\/et_pb_text][\/et_pb_column][\/et_pb_row][\/et_pb_section][et_pb_section bb_built=\u00bb1&#8243; fullwidth=\u00bboff\u00bb specialty=\u00bboff\u00bb _builder_version=\u00bb3.0.94&#8243; module_class=\u00bbtemplate-lista-categorie\u00bb][et_pb_row _builder_version=\u00bb3.0.94&#8243; make_fullwidth=\u00bbon\u00bb use_custom_gutter=\u00bbon\u00bb gutter_width=\u00bb1&#8243;][et_pb_column type=\u00bb1_4&#8243;][et_pb_blurb admin_label=\u00bbBlur \/drenaggio-maturazione-cagliata\/\u00bb _builder_version=\u00bb3.0.94&#8243; title=\u00bbSistemas de drenaje y maduraci\u00f3n de la cuajada\u00bb url=\u00bb\/es\/drenaggio-maturazione-cagliata\/\u00bb url_new_window=\u00bboff\u00bb use_icon=\u00bboff\u00bb image=\u00bbhttps:\/\/www.almacsrl.com\/wp-content\/uploads\/2018\/01\/1-1-accumulo-di-cagliata-PNG-1.png\u00bb use_circle=\u00bboff\u00bb use_circle_border=\u00bboff\u00bb icon_placement=\u00bbtop\u00bb use_icon_font_size=\u00bboff\u00bb background_layout=\u00bbdark\u00bb animation=\u00bboff\u00bb module_class=\u00bblista-categorie\u00bb saved_tabs=\u00bball\u00bb global_module=\u00bb3138&#8243; \/][\/et_pb_column][et_pb_column type=\u00bb1_4&#8243;][et_pb_blurb admin_label=\u00bbBlur \/caricatore-e-tagliapasta\/\u00bb _builder_version=\u00bb3.0.94&#8243; title=\u00bbCargador y cortapasta\u00bb url=\u00bb\/es\/caricatore-e-tagliapasta\/\u00bb url_new_window=\u00bboff\u00bb use_icon=\u00bboff\u00bb image=\u00bbhttps:\/\/www.almacsrl.com\/wp-content\/uploads\/2018\/01\/2-1-TD2-T26-PNG.jpg\u00bb use_circle=\u00bboff\u00bb use_circle_border=\u00bboff\u00bb icon_placement=\u00bbtop\u00bb use_icon_font_size=\u00bboff\u00bb background_layout=\u00bbdark\u00bb animation=\u00bboff\u00bb module_class=\u00bblista-categorie\u00bb saved_tabs=\u00bball\u00bb global_module=\u00bb3140&#8243; \/][\/et_pb_column][et_pb_column type=\u00bb1_4&#8243;][et_pb_blurb admin_label=\u00bbBlur \/macchine-filatrici\/\u00bb _builder_version=\u00bb3.0.94&#8243; title=\u00bbHiladoras\u00bb url=\u00bb\/es\/macchine-filatrici\/\u00bb url_new_window=\u00bboff\u00bb use_icon=\u00bboff\u00bb image=\u00bbhttps:\/\/www.almacsrl.com\/wp-content\/uploads\/2018\/01\/3-5-FT-15DT-small.png\u00bb use_circle=\u00bboff\u00bb use_circle_border=\u00bboff\u00bb icon_placement=\u00bbtop\u00bb use_icon_font_size=\u00bboff\u00bb background_layout=\u00bbdark\u00bb animation=\u00bboff\u00bb module_class=\u00bblista-categorie\u00bb saved_tabs=\u00bball\u00bb global_module=\u00bb3141&#8243; \/][\/et_pb_column][et_pb_column type=\u00bb1_4&#8243;][et_pb_blurb admin_label=\u00bbBlur\/filatrice-vapore\/\u00bb _builder_version=\u00bb3.0.94&#8243; title=\u00bbHiladoras de vapor\u00bb url=\u00bb\/es\/filatrice-vapore\/\u00bb url_new_window=\u00bboff\u00bb use_icon=\u00bboff\u00bb image=\u00bbhttps:\/\/www.almacsrl.com\/wp-content\/uploads\/2018\/01\/9-8-FV-4000-small.png\u00bb use_circle=\u00bboff\u00bb use_circle_border=\u00bboff\u00bb icon_placement=\u00bbtop\u00bb use_icon_font_size=\u00bboff\u00bb background_layout=\u00bbdark\u00bb animation=\u00bboff\u00bb module_class=\u00bblista-categorie\u00bb saved_tabs=\u00bball\u00bb global_module=\u00bb3142&#8243; \/][\/et_pb_column][\/et_pb_row][et_pb_row _builder_version=\u00bb3.0.94&#8243; make_fullwidth=\u00bbon\u00bb use_custom_gutter=\u00bbon\u00bb gutter_width=\u00bb1&#8243;][et_pb_column type=\u00bb1_4&#8243;][et_pb_blurb admin_label=\u00bbBlur \/macchine-formatrici\/\u00bb _builder_version=\u00bb3.0.94&#8243; title=\u00bbFormadoras\u00bb url=\u00bb\/es\/macchine-formatrici\/\u00bb url_new_window=\u00bboff\u00bb use_icon=\u00bboff\u00bb image=\u00bbhttps:\/\/www.almacsrl.com\/wp-content\/uploads\/2018\/01\/4-3-FS-200N-small.png\u00bb use_circle=\u00bboff\u00bb use_circle_border=\u00bboff\u00bb icon_placement=\u00bbtop\u00bb use_icon_font_size=\u00bboff\u00bb background_layout=\u00bbdark\u00bb animation=\u00bboff\u00bb module_class=\u00bblista-categorie\u00bb saved_tabs=\u00bball\u00bb global_module=\u00bb3144&#8243; \/][\/et_pb_column][et_pb_column type=\u00bb1_4&#8243;][et_pb_blurb admin_label=\u00bbBlur \/formatrici-caciocavallo-provole\/\u00bb _builder_version=\u00bb3.0.94&#8243; title=\u00bbFormadoras para producci\u00f3n de provolone, kashkaval y kasar\u00bb url=\u00bb\/es\/formatrici-caciocavallo-provole\/\u00bb url_new_window=\u00bboff\u00bb use_icon=\u00bboff\u00bb image=\u00bbhttps:\/\/www.almacsrl.com\/wp-content\/uploads\/2018\/01\/12-1-FPB-small.png\u00bb use_circle=\u00bboff\u00bb use_circle_border=\u00bboff\u00bb icon_placement=\u00bbtop\u00bb use_icon_font_size=\u00bboff\u00bb background_layout=\u00bbdark\u00bb animation=\u00bboff\u00bb module_class=\u00bblista-categorie\u00bb saved_tabs=\u00bball\u00bb global_module=\u00bb3145&#8243; \/][\/et_pb_column][et_pb_column type=\u00bb1_4&#8243;][et_pb_blurb admin_label=\u00bbBlur \/macchine-estrusori\/\u00bb _builder_version=\u00bb3.0.94&#8243; title=\u00bbExtrusores\u00bb url=\u00bb\/es\/macchine-estrusori\/\u00bb url_new_window=\u00bboff\u00bb use_icon=\u00bboff\u00bb image=\u00bbhttps:\/\/www.almacsrl.com\/wp-content\/uploads\/2018\/01\/10-2-EM-5000-small.png\u00bb use_circle=\u00bboff\u00bb use_circle_border=\u00bboff\u00bb icon_placement=\u00bbtop\u00bb use_icon_font_size=\u00bboff\u00bb background_layout=\u00bbdark\u00bb animation=\u00bboff\u00bb module_class=\u00bblista-categorie\u00bb saved_tabs=\u00bball\u00bb global_module=\u00bb3146&#8243; \/][\/et_pb_column][et_pb_column type=\u00bb1_4&#8243;][et_pb_blurb admin_label=\u00bbBlur \/macchine-estrusori-convogliatori\/\u00bb _builder_version=\u00bb3.0.94&#8243; title=\u00bbExtrusores transportadores\u00bb url=\u00bb\/es\/macchine-estrusori-convogliatori\/\u00bb url_new_window=\u00bboff\u00bb use_icon=\u00bboff\u00bb image=\u00bbhttps:\/\/www.almacsrl.com\/wp-content\/uploads\/2018\/01\/11-3-EM-5000-T-600-small.png\u00bb use_circle=\u00bboff\u00bb use_circle_border=\u00bboff\u00bb icon_placement=\u00bbtop\u00bb use_icon_font_size=\u00bboff\u00bb background_layout=\u00bbdark\u00bb animation=\u00bboff\u00bb module_class=\u00bblista-categorie\u00bb saved_tabs=\u00bball\u00bb global_module=\u00bb3147&#8243; \/][\/et_pb_column][\/et_pb_row][et_pb_row _builder_version=\u00bb3.0.94&#8243; make_fullwidth=\u00bbon\u00bb use_custom_gutter=\u00bbon\u00bb gutter_width=\u00bb1&#8243;][et_pb_column type=\u00bb1_4&#8243;][et_pb_blurb admin_label=\u00bbBlur \/macchine-gruppi-compatti-filatura-formatura\/\u00bb _builder_version=\u00bb3.0.94&#8243; title=\u00bbGrupos compactos de hilatura y formado\u00bb url=\u00bb\/es\/macchine-gruppi-compatti-filatura-formatura\/\u00bb url_new_window=\u00bboff\u00bb use_icon=\u00bboff\u00bb image=\u00bbhttps:\/\/www.almacsrl.com\/wp-content\/uploads\/2018\/01\/5-2-FS-FFC-1500-small.png\u00bb use_circle=\u00bboff\u00bb use_circle_border=\u00bboff\u00bb icon_placement=\u00bbtop\u00bb use_icon_font_size=\u00bboff\u00bb background_layout=\u00bbdark\u00bb animation=\u00bboff\u00bb module_class=\u00bblista-categorie\u00bb saved_tabs=\u00bball\u00bb global_module=\u00bb3148&#8243; \/][\/et_pb_column][et_pb_column type=\u00bb1_4&#8243;][et_pb_blurb admin_label=\u00bbBlur \/macchine-gruppo-rassodamento\/\u00bb _builder_version=\u00bb3.0.94&#8243; title=\u00bbGrupo de endurecimiento \u00bb url=\u00bb\/es\/macchine-gruppo-rassodamento\/\u00bb url_new_window=\u00bboff\u00bb use_icon=\u00bboff\u00bb image=\u00bbhttps:\/\/www.almacsrl.com\/wp-content\/uploads\/2018\/01\/6-2-GRDP-small.png\u00bb use_circle=\u00bboff\u00bb use_circle_border=\u00bboff\u00bb icon_placement=\u00bbtop\u00bb use_icon_font_size=\u00bboff\u00bb background_layout=\u00bbdark\u00bb animation=\u00bboff\u00bb module_class=\u00bblista-categorie\u00bb saved_tabs=\u00bball\u00bb global_module=\u00bb3149&#8243; \/][\/et_pb_column][et_pb_column type=\u00bb1_4&#8243;][et_pb_blurb admin_label=\u00bbBlur \/macchine-gruppo-salamoia\/\u00bb _builder_version=\u00bb3.0.94&#8243; title=\u00bbGrupo de salmuera \u00bb url=\u00bb\/es\/macchine-gruppo-salamoia\/\u00bb url_new_window=\u00bboff\u00bb use_icon=\u00bboff\u00bb image=\u00bbhttps:\/\/www.almacsrl.com\/wp-content\/uploads\/2018\/01\/7-1-gruppo-salamoia-small.png\u00bb use_circle=\u00bboff\u00bb use_circle_border=\u00bboff\u00bb icon_placement=\u00bbtop\u00bb use_icon_font_size=\u00bboff\u00bb background_layout=\u00bbdark\u00bb animation=\u00bboff\u00bb module_class=\u00bblista-categorie\u00bb saved_tabs=\u00bball\u00bb global_module=\u00bb3150&#8243; \/][\/et_pb_column][et_pb_column type=\u00bb1_4&#8243;][et_pb_blurb admin_label=\u00bbBlur \/macchine-caricatore-confezionatrice\/\u00bb _builder_version=\u00bb3.0.94&#8243; title=\u00bbCargador para envasadoras\u00bb url=\u00bb\/es\/macchine-caricatore-confezionatrice\/\u00bb url_new_window=\u00bboff\u00bb use_icon=\u00bboff\u00bb image=\u00bbhttps:\/\/www.almacsrl.com\/wp-content\/uploads\/2018\/01\/8-1-caricatore-mozzarelle-small.png\u00bb use_circle=\u00bboff\u00bb use_circle_border=\u00bboff\u00bb icon_placement=\u00bbtop\u00bb use_icon_font_size=\u00bboff\u00bb background_layout=\u00bbdark\u00bb animation=\u00bboff\u00bb module_class=\u00bblista-categorie\u00bb saved_tabs=\u00bball\u00bb global_module=\u00bb3151&#8243; \/][\/et_pb_column][\/et_pb_row][\/et_pb_section][et_pb_section bb_built=\u00bb1&#8243; admin_label=\u00bbBANNER Applicazione e macchine speciali\u00bb fullwidth=\u00bboff\u00bb specialty=\u00bboff\u00bb _builder_version=\u00bb3.0.94&#8243; module_class=\u00bbtemplate-banner template-banner-sx\u00bb background_color=\u00bb#f6f6f6&#8243; global_module=\u00bb3019&#8243;][et_pb_row global_parent=\u00bb3019&#8243; background_position=\u00bbtop_left\u00bb background_repeat=\u00bbrepeat\u00bb background_size=\u00bbinitial\u00bb][et_pb_column type=\u00bb4_4&#8243;][et_pb_text admin_label=\u00bbCategoria\u00bb global_parent=\u00bb3019&#8243; _builder_version=\u00bb3.0.94&#8243; background_layout=\u00bblight\u00bb module_class=\u00bbmeta-categoria\u00bb]<\/p>\n<p>INVESTIGACI\u00d3N Y TECNOLOG\u00cdA<\/p>\n<p>[\/et_pb_text][et_pb_blurb admin_label=\u00bbBANNER Applicazione e macchine speciali\u00bb global_parent=\u00bb3019&#8243; _builder_version=\u00bb3.0.94&#8243; url=\u00bb\/macchine-speciali\/\u00bb url_new_window=\u00bboff\u00bb use_icon=\u00bboff\u00bb font_icon=\u00bb%%3%%\u00bb image=\u00bbhttps:\/\/www.almacsrl.com\/wp-content\/uploads\/2018\/01\/Image-4.png\u00bb use_circle=\u00bboff\u00bb use_circle_border=\u00bboff\u00bb icon_placement=\u00bbleft\u00bb use_icon_font_size=\u00bboff\u00bb background_layout=\u00bblight\u00bb header_level=\u00bbh1&#8243; content_max_width=\u00bb1100px\u00bb content_max_width_last_edited=\u00bbon|desktop\u00bb animation=\u00bboff\u00bb header_font=\u00bb|700|||||||\u00bb body_font_size=\u00bb16&#8243; body_font_size_tablet=\u00bb14&#8243; body_font_size_last_edited=\u00bbon|desktop\u00bb body_line_height=\u00bb1.5em\u00bb title=\u00bbAplicaci\u00f3n y m\u00e1quinas especiale\u00bb]<\/p>\n<p>Almac ha invertido la experiencia adquirida en este sector en la expansi\u00f3n de la gama de productos que se pueden realizar con las tecnolog\u00edas m\u00e1s innovadoras, automatizando y mejorando los procesos hist\u00f3ricos tradicionales, desde la realizaci\u00f3n del Kasar turco hasta la producci\u00f3n del t\u00edpico Queso de Mano&#8230;<\/p>\n<p>[\/et_pb_blurb][et_pb_button admin_label=\u00bbPulsante MACCHINE SPECIALI\u00bb global_parent=\u00bb3019&#8243; _builder_version=\u00bb3.0.94&#8243; button_text=\u00bbM\u00c1S INFORMACIONES\u00bb button_url=\u00bb\/es\/macchine-speciali\/\u00bb url_new_window=\u00bboff\u00bb background_layout=\u00bblight\u00bb custom_button=\u00bboff\u00bb button_icon_placement=\u00bbright\u00bb \/][\/et_pb_column][\/et_pb_row][\/et_pb_section]<\/p>\n","protected":false},"excerpt":{"rendered":"<p>M\u00e1quinas, Equipos, Automatizaciones para la industria quesera Almac, empresa l\u00edder en el dise\u00f1o y fabricaci\u00f3n de m\u00e1quinas, instalaciones y automatizaciones para la industria de los quesos de \u00bbpasta hilada\u00bb (p. ej. Mozzarella y Provolone), representa un socio preferente para los principales grupos alimentarios italianos y extranjeros. INVESTIGACI\u00d3N Y TECNOLOG\u00cdA Almac ha invertido la experiencia adquirida [&hellip;]<\/p>\n","protected":false},"author":1,"featured_media":0,"parent":0,"menu_order":0,"comment_status":"closed","ping_status":"closed","template":"","meta":{"_acf_changed":false,"_et_pb_use_builder":"on","_et_pb_old_content":"<p>This is an example page. It's different from a blog post because it will stay in one place and will show up in your site navigation (in most themes). Most people start with an About page that introduces them to potential site visitors. It might say something like this:<\/p><blockquote><p>Hi there! I'm a bike messenger by day, aspiring actor by night, and this is my website. I live in Los Angeles, have a great dog named Jack, and I like pi\u00f1a coladas. (And gettin' caught in the rain.)<\/p><\/blockquote><p>...or something like this:<\/p><blockquote><p>The XYZ Doohickey Company was founded in 1971, and has been providing quality doohickeys to the public ever since. Located in Gotham City, XYZ employs over 2,000 people and does all kinds of awesome things for the Gotham community.<\/p><\/blockquote><p>As a new WordPress user, you should go to <a href=\"http:\/\/www.almacsrl.com\/wp-admin\/\">your dashboard<\/a> to delete this page and create new pages for your content. Have fun!<\/p>","_et_gb_content_width":"","footnotes":""},"class_list":["post-2661","page","type-page","status-publish","hentry"],"acf":[],"_links":{"self":[{"href":"https:\/\/www.almacsrl.com\/es\/wp-json\/wp\/v2\/pages\/2661","targetHints":{"allow":["GET"]}}],"collection":[{"href":"https:\/\/www.almacsrl.com\/es\/wp-json\/wp\/v2\/pages"}],"about":[{"href":"https:\/\/www.almacsrl.com\/es\/wp-json\/wp\/v2\/types\/page"}],"author":[{"embeddable":true,"href":"https:\/\/www.almacsrl.com\/es\/wp-json\/wp\/v2\/users\/1"}],"replies":[{"embeddable":true,"href":"https:\/\/www.almacsrl.com\/es\/wp-json\/wp\/v2\/comments?post=2661"}],"version-history":[{"count":6,"href":"https:\/\/www.almacsrl.com\/es\/wp-json\/wp\/v2\/pages\/2661\/revisions"}],"predecessor-version":[{"id":3016,"href":"https:\/\/www.almacsrl.com\/es\/wp-json\/wp\/v2\/pages\/2661\/revisions\/3016"}],"wp:attachment":[{"href":"https:\/\/www.almacsrl.com\/es\/wp-json\/wp\/v2\/media?parent=2661"}],"curies":[{"name":"wp","href":"https:\/\/api.w.org\/{rel}","templated":true}]}}