{"id":2654,"date":"2018-01-12T12:31:57","date_gmt":"2018-01-12T11:31:57","guid":{"rendered":"http:\/\/www.almacsrl.com\/impianti\/"},"modified":"2018-05-18T16:44:55","modified_gmt":"2018-05-18T14:44:55","slug":"impianti","status":"publish","type":"page","link":"https:\/\/www.almacsrl.com\/es\/impianti\/","title":{"rendered":"Impianti"},"content":{"rendered":"<p>[et_pb_section bb_built=\u00bb1&#8243; fullwidth=\u00bboff\u00bb specialty=\u00bboff\u00bb _builder_version=\u00bb3.0.94&#8243; module_class=\u00bbtemplate-impianti\u00bb global_module=\u00bb3063&#8243;][et_pb_row global_parent=\u00bb3063&#8243; _builder_version=\u00bb3.0.94&#8243; make_fullwidth=\u00bbon\u00bb use_custom_width=\u00bbon\u00bb width_unit=\u00bboff\u00bb custom_width_px=\u00bb2600px\u00bb custom_width_percent=\u00bb100%\u00bb use_custom_gutter=\u00bbon\u00bb gutter_width=\u00bb1&#8243; make_equal=\u00bbon\u00bb background_color_3=\u00bb#ffffff\u00bb background_color_4=\u00bb#f4f4f4&#8243;][et_pb_column type=\u00bb1_2&#8243;][et_pb_text admin_label=\u00bbCategoria &#8211; IMPIANTI .meta-categoria\u00bb global_parent=\u00bb3063&#8243; _builder_version=\u00bb3.0.94&#8243; background_layout=\u00bblight\u00bb module_class=\u00bbmeta-categoria\u00bb]<\/p>\n<p>EQUIPOS<\/p>\n<p>[\/et_pb_text][et_pb_blurb admin_label=\u00bbBlur MOZZARELLA FRESCA\u00bb global_parent=\u00bb3063&#8243; _builder_version=\u00bb3.0.94&#8243; url=\u00bb\/produzione-mozzarella\/\u00bb url_new_window=\u00bboff\u00bb use_icon=\u00bboff\u00bb font_icon=\u00bb%%3%%\u00bb image=\u00bbhttps:\/\/www.almacsrl.com\/wp-content\/uploads\/2018\/01\/mozzarella.jpg\u00bb use_circle=\u00bboff\u00bb use_circle_border=\u00bboff\u00bb icon_placement=\u00bbtop\u00bb use_icon_font_size=\u00bboff\u00bb background_layout=\u00bblight\u00bb header_level=\u00bbh3&#8243; content_max_width=\u00bb1100px\u00bb content_max_width_last_edited=\u00bbon|desktop\u00bb animation=\u00bboff\u00bb header_font=\u00bb|700|||||||\u00bb body_font_size=\u00bb16&#8243; body_font_size_tablet=\u00bb14&#8243; body_font_size_last_edited=\u00bbon|desktop\u00bb body_line_height=\u00bb1.5em\u00bb title=\u00bbL\u00edneas de producci\u00f3n de mozzarella\u00bb]<\/p>\n<p>Para pastas hiladas frescas, caracterizadas por un alto contenido de humedad.<\/p>\n<p>[\/et_pb_blurb][et_pb_button admin_label=\u00bbPulsante MOZZARELLA FRESCA\u00bb global_parent=\u00bb3063&#8243; _builder_version=\u00bb3.0.94&#8243; button_text=\u00bbx\u00bb button_url=\u00bb\/es\/produzione-mozzarella\/\u00bb url_new_window=\u00bboff\u00bb background_layout=\u00bblight\u00bb custom_button=\u00bboff\u00bb button_icon_placement=\u00bbright\u00bb \/][\/et_pb_column][et_pb_column type=\u00bb1_2&#8243;][et_pb_text admin_label=\u00bbCategoria &#8211; IMPIANTI .meta-categoria\u00bb global_parent=\u00bb3063&#8243; _builder_version=\u00bb3.0.94&#8243; background_layout=\u00bblight\u00bb module_class=\u00bbmeta-categoria\u00bb]<\/p>\n<p>EQUIPOS<\/p>\n<p>[\/et_pb_text][et_pb_blurb admin_label=\u00bbBlur MOZZARELLA PIZZA\u00bb global_parent=\u00bb3063&#8243; _builder_version=\u00bb3.0.94&#8243; url=\u00bb\/impianti-produzione-mozzarella-pizza\/\u00bb url_new_window=\u00bboff\u00bb use_icon=\u00bboff\u00bb font_icon=\u00bb%%3%%\u00bb image=\u00bbhttps:\/\/www.almacsrl.com\/wp-content\/uploads\/2018\/01\/mozzarella-pizza.jpg\u00bb use_circle=\u00bboff\u00bb use_circle_border=\u00bboff\u00bb icon_placement=\u00bbtop\u00bb use_icon_font_size=\u00bboff\u00bb background_layout=\u00bblight\u00bb header_level=\u00bbh3&#8243; content_max_width=\u00bb1100px\u00bb content_max_width_last_edited=\u00bbon|desktop\u00bb animation=\u00bboff\u00bb header_font=\u00bb|700|||||||\u00bb body_font_size=\u00bb16&#8243; body_font_size_tablet=\u00bb14&#8243; body_font_size_last_edited=\u00bbon|desktop\u00bb body_line_height=\u00bb1.5em\u00bb title=\u00bbL\u00edneas de producci\u00f3n de mozzarella para pizza\u00bb]<\/p>\n<p>Para pastas hiladas destinadas a prepararpizzas artesanales e industriales.<\/p>\n<p>[\/et_pb_blurb][et_pb_button admin_label=\u00bbPulsante MOZZARELLA PIZZA\u00bb global_parent=\u00bb3063&#8243; _builder_version=\u00bb3.0.94&#8243; button_text=\u00bbx\u00bb button_url=\u00bb\/es\/impianti-produzione-mozzarella-pizza\/\u00bb url_new_window=\u00bboff\u00bb background_layout=\u00bblight\u00bb custom_button=\u00bboff\u00bb button_icon_placement=\u00bbright\u00bb \/][\/et_pb_column][\/et_pb_row][\/et_pb_section][et_pb_section bb_built=\u00bb1&#8243; fullwidth=\u00bboff\u00bb specialty=\u00bboff\u00bb _builder_version=\u00bb3.0.94&#8243; module_class=\u00bbtemplate-impianti template-even\u00bb global_module=\u00bb3062&#8243;][et_pb_row global_parent=\u00bb3062&#8243; _builder_version=\u00bb3.0.94&#8243; make_fullwidth=\u00bbon\u00bb use_custom_width=\u00bbon\u00bb width_unit=\u00bboff\u00bb custom_width_px=\u00bb2600px\u00bb custom_width_percent=\u00bb100%\u00bb use_custom_gutter=\u00bbon\u00bb gutter_width=\u00bb1&#8243; make_equal=\u00bbon\u00bb background_color_3=\u00bb#ffffff\u00bb background_color_4=\u00bb#f4f4f4&#8243;][et_pb_column type=\u00bb1_2&#8243;][et_pb_text admin_label=\u00bbCategoria &#8211; IMPIANTI .meta-categoria\u00bb global_parent=\u00bb3062&#8243; _builder_version=\u00bb3.0.94&#8243; background_layout=\u00bblight\u00bb module_class=\u00bbmeta-categoria\u00bb]<\/p>\n<p>EQUIPOS<\/p>\n<p>[\/et_pb_text][et_pb_blurb admin_label=\u00bbBlur PROVOLONE &#8230;\u00bb global_parent=\u00bb3062&#8243; _builder_version=\u00bb3.0.94&#8243; url=\u00bb\/impianti-produzione-di-provolone-kashkaval-kasar\/\u00bb url_new_window=\u00bboff\u00bb use_icon=\u00bboff\u00bb font_icon=\u00bb%%3%%\u00bb image=\u00bbhttps:\/\/www.almacsrl.com\/wp-content\/uploads\/2018\/01\/caciocavallo-1.jpg\u00bb use_circle=\u00bboff\u00bb use_circle_border=\u00bboff\u00bb icon_placement=\u00bbtop\u00bb use_icon_font_size=\u00bboff\u00bb background_layout=\u00bblight\u00bb header_level=\u00bbh3&#8243; content_max_width=\u00bb1100px\u00bb content_max_width_last_edited=\u00bbon|desktop\u00bb animation=\u00bboff\u00bb header_font=\u00bb|700|||||||\u00bb body_font_size=\u00bb16&#8243; body_font_size_tablet=\u00bb14&#8243; body_font_size_last_edited=\u00bbon|desktop\u00bb body_line_height=\u00bb1.5em\u00bb title=\u00bbL\u00edneas de producci\u00f3n de Provolone, Kashkaval y Kasar\u00bb]<\/p>\n<p>Para pastas hiladas destinadas a una fase de curado variable.<\/p>\n<p>[\/et_pb_blurb][et_pb_button admin_label=\u00bbPulsante PROVOLONE\u00bb global_parent=\u00bb3062&#8243; _builder_version=\u00bb3.0.94&#8243; button_text=\u00bbx\u00bb button_url=\u00bb\/es\/impianti-produzione-provolone-caciocavallo\/\u00bb url_new_window=\u00bboff\u00bb background_layout=\u00bblight\u00bb custom_button=\u00bboff\u00bb button_icon_placement=\u00bbright\u00bb \/][\/et_pb_column][et_pb_column type=\u00bb1_2&#8243;][et_pb_text admin_label=\u00bbCategoria &#8211; IMPIANTI .meta-categoria\u00bb global_parent=\u00bb3062&#8243; _builder_version=\u00bb3.0.94&#8243; background_layout=\u00bblight\u00bb module_class=\u00bbmeta-categoria\u00bb]<\/p>\n<p>EQUIPOS<\/p>\n<p>[\/et_pb_text][et_pb_blurb admin_label=\u00bbBlur FORMAGGI\u00bb global_parent=\u00bb3062&#8243; _builder_version=\u00bb3.0.94&#8243; url=\u00bb\/impianti-produzione-formaggio-clippato\/\u00bb url_new_window=\u00bboff\u00bb use_icon=\u00bboff\u00bb font_icon=\u00bb%%3%%\u00bb image=\u00bbhttps:\/\/www.almacsrl.com\/wp-content\/uploads\/2018\/01\/caciocavallo.jpg\u00bb use_circle=\u00bboff\u00bb use_circle_border=\u00bboff\u00bb icon_placement=\u00bbtop\u00bb use_icon_font_size=\u00bboff\u00bb background_layout=\u00bblight\u00bb header_level=\u00bbh3&#8243; content_max_width=\u00bb1100px\u00bb content_max_width_last_edited=\u00bbon|desktop\u00bb animation=\u00bboff\u00bb header_font=\u00bb|700|||||||\u00bb body_font_size=\u00bb16&#8243; body_font_size_tablet=\u00bb14&#8243; body_font_size_last_edited=\u00bbon|desktop\u00bb body_line_height=\u00bb1.5em\u00bb title=\u00bbL\u00edneas de producci\u00f3n de queso moldeado mediante extrusor\u00bb]<\/p>\n<p>Para quesos fundidos y pastas hiladas, obtenidos mediante la tecnolog\u00eda de hilatura con vapor.<\/p>\n<p>[\/et_pb_blurb][et_pb_button admin_label=\u00bbPulsante FORMAGGI\u00bb global_parent=\u00bb3062&#8243; _builder_version=\u00bb3.0.94&#8243; button_text=\u00bbx\u00bb button_url=\u00bb\/es\/impianti-produzione-formaggio-clippato\/\u00bb url_new_window=\u00bboff\u00bb background_layout=\u00bblight\u00bb custom_button=\u00bboff\u00bb button_icon_placement=\u00bbright\u00bb \/][\/et_pb_column][\/et_pb_row][\/et_pb_section][et_pb_section bb_built=\u00bb1&#8243; fullwidth=\u00bboff\u00bb specialty=\u00bboff\u00bb _builder_version=\u00bb3.0.94&#8243; module_class=\u00bbtemplate-impianti\u00bb global_module=\u00bb3064&#8243;][et_pb_row global_parent=\u00bb3064&#8243; _builder_version=\u00bb3.0.94&#8243; make_fullwidth=\u00bbon\u00bb use_custom_width=\u00bbon\u00bb width_unit=\u00bboff\u00bb custom_width_px=\u00bb2600px\u00bb custom_width_percent=\u00bb100%\u00bb use_custom_gutter=\u00bbon\u00bb gutter_width=\u00bb1&#8243; make_equal=\u00bbon\u00bb background_color_3=\u00bb#ffffff\u00bb background_color_4=\u00bb#f4f4f4&#8243;][et_pb_column type=\u00bb1_2&#8243;][et_pb_text admin_label=\u00bbCategoria &#8211; IMPIANTI .meta-categoria\u00bb global_parent=\u00bb3064&#8243; _builder_version=\u00bb3.0.94&#8243; background_layout=\u00bblight\u00bb module_class=\u00bbmeta-categoria\u00bb]<\/p>\n<p>EQUIPOS<\/p>\n<p>[\/et_pb_text][et_pb_blurb admin_label=\u00bbBlur MACCHINE SPECIALI\u00bb global_parent=\u00bb3064&#8243; _builder_version=\u00bb3.0.94&#8243; url=\u00bb\/macchine-speciali\/\u00bb url_new_window=\u00bboff\u00bb use_icon=\u00bboff\u00bb font_icon=\u00bb%%3%%\u00bb image=\u00bbhttps:\/\/www.almacsrl.com\/wp-content\/uploads\/2018\/01\/macchine-speciali-1.jpg\u00bb use_circle=\u00bboff\u00bb use_circle_border=\u00bboff\u00bb icon_placement=\u00bbtop\u00bb use_icon_font_size=\u00bboff\u00bb background_layout=\u00bblight\u00bb header_level=\u00bbh3&#8243; content_max_width=\u00bb1100px\u00bb content_max_width_last_edited=\u00bbon|desktop\u00bb animation=\u00bboff\u00bb header_font=\u00bb|700|||||||\u00bb body_font_size=\u00bb16&#8243; body_font_size_tablet=\u00bb14&#8243; body_font_size_last_edited=\u00bbon|desktop\u00bb body_line_height=\u00bb1.5em\u00bb title=\u00bbAplicaci\u00f3n y m\u00e1quinas especiale\u00bb]<\/p>\n<p>Mozzarella medallions, pearls y stick ; Queso de Mano; Queijo Mussarela&#8230;<\/p>\n<p>[\/et_pb_blurb][et_pb_button admin_label=\u00bbPulsante MACCHINE SPECIALI\u00bb global_parent=\u00bb3064&#8243; _builder_version=\u00bb3.0.94&#8243; button_text=\u00bbx\u00bb button_url=\u00bb\/es\/macchine-speciali\/\u00bb url_new_window=\u00bboff\u00bb background_layout=\u00bblight\u00bb custom_button=\u00bboff\u00bb button_icon_placement=\u00bbright\u00bb \/][\/et_pb_column][et_pb_column type=\u00bb1_2&#8243;][et_pb_text admin_label=\u00bbCategoria &#8211; PREVENTIVO .meta-categoria\u00bb global_parent=\u00bb3064&#8243; _builder_version=\u00bb3.0.94&#8243; background_layout=\u00bblight\u00bb module_class=\u00bbmeta-categoria\u00bb]<\/p>\n<p>CONTACTOS<\/p>\n<p>[\/et_pb_text][et_pb_blurb admin_label=\u00bbBlur Richiedi un preventivo\u00bb global_parent=\u00bb3064&#8243; _builder_version=\u00bb3.0.94&#8243; url=\u00bb\/richiedi-preventivo\/\u00bb url_new_window=\u00bboff\u00bb use_icon=\u00bboff\u00bb font_icon=\u00bb%%3%%\u00bb image=\u00bbhttps:\/\/www.almacsrl.com\/wp-content\/uploads\/2018\/01\/richiedi-preventivo.jpg\u00bb use_circle=\u00bboff\u00bb use_circle_border=\u00bboff\u00bb icon_placement=\u00bbtop\u00bb use_icon_font_size=\u00bboff\u00bb background_layout=\u00bblight\u00bb header_level=\u00bbh3&#8243; content_max_width=\u00bb1100px\u00bb content_max_width_last_edited=\u00bbon|desktop\u00bb animation=\u00bboff\u00bb header_font=\u00bb|700|||||||\u00bb body_font_size=\u00bb16&#8243; body_font_size_tablet=\u00bb14&#8243; body_font_size_last_edited=\u00bbon|desktop\u00bb body_line_height=\u00bb1.5em\u00bb title=\u00bbSolicitar un presupuesto\u00bb]<\/p>\n<p>Asistencia t\u00e9cnica y tecnol\u00f3gica global<\/p>\n<p>[\/et_pb_blurb][et_pb_button admin_label=\u00bbPulsante PREVENTIVO\u00bb global_parent=\u00bb3064&#8243; _builder_version=\u00bb3.0.94&#8243; button_text=\u00bbx\u00bb button_url=\u00bb\/es\/richiedi-preventivo\/\u00bb url_new_window=\u00bboff\u00bb background_layout=\u00bblight\u00bb custom_button=\u00bboff\u00bb button_icon_placement=\u00bbright\u00bb \/][\/et_pb_column][\/et_pb_row][\/et_pb_section][et_pb_section bb_built=\u00bb1&#8243; fullwidth=\u00bboff\u00bb specialty=\u00bboff\u00bb _builder_version=\u00bb3.0.94&#8243;][et_pb_row _builder_version=\u00bb3.0.94&#8243; make_fullwidth=\u00bbon\u00bb use_custom_width=\u00bbon\u00bb width_unit=\u00bboff\u00bb custom_width_px=\u00bb2600px\u00bb custom_width_percent=\u00bb100%\u00bb][et_pb_column type=\u00bb4_4&#8243;][et_pb_divider _builder_version=\u00bb3.0.94&#8243; show_divider=\u00bbon\u00bb background_color=\u00bb#e4e4e4&#8243; color=\u00bb#e4e4e4&#8243; height=\u00bb1px\u00bb custom_margin=\u00bb0px||0px|\u00bb custom_margin_last_edited=\u00bbon|\u00bb custom_padding=\u00bb0px||0px|\u00bb custom_padding_last_edited=\u00bbon|\u00bb \/][\/et_pb_column][\/et_pb_row][\/et_pb_section][et_pb_section bb_built=\u00bb1&#8243; fullwidth=\u00bboff\u00bb specialty=\u00bboff\u00bb _builder_version=\u00bb3.0.94&#8243; module_class=\u00bbtemplate-clienti template-clienti-banner\u00bb global_module=\u00bb2478&#8243;][et_pb_row global_parent=\u00bb2478&#8243; background_position=\u00bbtop_left\u00bb background_repeat=\u00bbrepeat\u00bb background_size=\u00bbinitial\u00bb][et_pb_column type=\u00bb4_4&#8243;][et_pb_text admin_label=\u00bbTitolo + testo CLIENTI\u00bb global_parent=\u00bb2478&#8243; _builder_version=\u00bb3.0.94&#8243; background_layout=\u00bblight\u00bb text_orientation=\u00bbcenter\u00bb max_width=\u00bb70%\u00bb max_width_tablet=\u00bb100%\u00bb max_width_last_edited=\u00bbon|desktop\u00bb module_alignment=\u00bbcenter\u00bb]<\/p>\n<h2>Nuestros clientes<\/h2>\n<p>El nivel de excelencia logrado por nuestras instalaciones y la capacidad de ofrecer un servicio de asistencia t\u00e9cnica- tecnol\u00f3gica global, han permitido a Almac convertirse en socio de los m\u00e1s importantes grupos de productores de pasta hilada a nivel internacional, por ejemplo:<\/p>\n<p>[\/et_pb_text][et_pb_text admin_label=\u00bbLISTA LOGHI CLIENTI\u00bb global_parent=\u00bb2478&#8243; _builder_version=\u00bb3.0.94&#8243; background_layout=\u00bblight\u00bb text_orientation=\u00bbcenter\u00bb]<\/p>\n<ul>\n<li><img decoding=\"async\" src=\"https:\/\/www.almacsrl.com\/wp-content\/uploads\/2018\/01\/Image-17.png\" \/><\/li>\n<li><img decoding=\"async\" src=\"https:\/\/www.almacsrl.com\/wp-content\/uploads\/2018\/01\/Image-18.png\" \/><\/li>\n<li><img decoding=\"async\" src=\"https:\/\/www.almacsrl.com\/wp-content\/uploads\/2018\/01\/Image-19.png\" \/><\/li>\n<li><img decoding=\"async\" src=\"https:\/\/www.almacsrl.com\/wp-content\/uploads\/2018\/01\/Image-20.png\" \/><\/li>\n<li><img decoding=\"async\" src=\"https:\/\/www.almacsrl.com\/wp-content\/uploads\/2018\/01\/Image-21.png\" \/><\/li>\n<li><img decoding=\"async\" src=\"https:\/\/www.almacsrl.com\/wp-content\/uploads\/2018\/01\/Image-22.png\" \/><\/li>\n<li><img decoding=\"async\" src=\"https:\/\/www.almacsrl.com\/wp-content\/uploads\/2018\/01\/Image-23.png\" \/><\/li>\n<li><img decoding=\"async\" src=\"https:\/\/www.almacsrl.com\/wp-content\/uploads\/2018\/01\/Image-24.png\" \/><\/li>\n<\/ul>\n<p>[\/et_pb_text][\/et_pb_column][\/et_pb_row][\/et_pb_section]<\/p>\n","protected":false},"excerpt":{"rendered":"<p>EQUIPOS Para pastas hiladas frescas, caracterizadas por un alto contenido de humedad. EQUIPOS Para pastas hiladas destinadas a prepararpizzas artesanales e industriales. EQUIPOS Para pastas hiladas destinadas a una fase de curado variable. EQUIPOS Para quesos fundidos y pastas hiladas, obtenidos mediante la tecnolog\u00eda de hilatura con vapor. EQUIPOS Mozzarella medallions, pearls y stick ; [&hellip;]<\/p>\n","protected":false},"author":1,"featured_media":0,"parent":0,"menu_order":0,"comment_status":"closed","ping_status":"closed","template":"","meta":{"_acf_changed":false,"_et_pb_use_builder":"on","_et_pb_old_content":"<p>This is an example page. It's different from a blog post because it will stay in one place and will show up in your site navigation (in most themes). Most people start with an About page that introduces them to potential site visitors. It might say something like this:<\/p><blockquote><p>Hi there! I'm a bike messenger by day, aspiring actor by night, and this is my website. I live in Los Angeles, have a great dog named Jack, and I like pi\u00f1a coladas. (And gettin' caught in the rain.)<\/p><\/blockquote><p>...or something like this:<\/p><blockquote><p>The XYZ Doohickey Company was founded in 1971, and has been providing quality doohickeys to the public ever since. Located in Gotham City, XYZ employs over 2,000 people and does all kinds of awesome things for the Gotham community.<\/p><\/blockquote><p>As a new WordPress user, you should go to <a href=\"http:\/\/www.almacsrl.com\/wp-admin\/\">your dashboard<\/a> to delete this page and create new pages for your content. Have fun!<\/p>","_et_gb_content_width":"","footnotes":""},"class_list":["post-2654","page","type-page","status-publish","hentry"],"acf":[],"_links":{"self":[{"href":"https:\/\/www.almacsrl.com\/es\/wp-json\/wp\/v2\/pages\/2654","targetHints":{"allow":["GET"]}}],"collection":[{"href":"https:\/\/www.almacsrl.com\/es\/wp-json\/wp\/v2\/pages"}],"about":[{"href":"https:\/\/www.almacsrl.com\/es\/wp-json\/wp\/v2\/types\/page"}],"author":[{"embeddable":true,"href":"https:\/\/www.almacsrl.com\/es\/wp-json\/wp\/v2\/users\/1"}],"replies":[{"embeddable":true,"href":"https:\/\/www.almacsrl.com\/es\/wp-json\/wp\/v2\/comments?post=2654"}],"version-history":[{"count":8,"href":"https:\/\/www.almacsrl.com\/es\/wp-json\/wp\/v2\/pages\/2654\/revisions"}],"predecessor-version":[{"id":3025,"href":"https:\/\/www.almacsrl.com\/es\/wp-json\/wp\/v2\/pages\/2654\/revisions\/3025"}],"wp:attachment":[{"href":"https:\/\/www.almacsrl.com\/es\/wp-json\/wp\/v2\/media?parent=2654"}],"curies":[{"name":"wp","href":"https:\/\/api.w.org\/{rel}","templated":true}]}}