{"id":2644,"date":"2018-01-12T14:54:24","date_gmt":"2018-01-12T13:54:24","guid":{"rendered":"http:\/\/www.almacsrl.com\/clienti\/"},"modified":"2018-05-15T16:33:08","modified_gmt":"2018-05-15T14:33:08","slug":"clienti","status":"publish","type":"page","link":"https:\/\/www.almacsrl.com\/es\/clienti\/","title":{"rendered":"Clienti"},"content":{"rendered":"<p>[et_pb_section bb_built=\u00bb1&#8243; fullwidth=\u00bboff\u00bb specialty=\u00bboff\u00bb _builder_version=\u00bb3.0.94&#8243; module_class=\u00bbtemplate-pagina-head template-small\u00bb][et_pb_row background_position=\u00bbtop_left\u00bb background_repeat=\u00bbrepeat\u00bb background_size=\u00bbinitial\u00bb][et_pb_column type=\u00bb4_4&#8243;][et_pb_text admin_label=\u00bbTitolo pagina\u00bb _builder_version=\u00bb3.0.94&#8243; background_layout=\u00bblight\u00bb text_orientation=\u00bbcenter\u00bb max_width_last_edited=\u00bboff|desktop\u00bb module_alignment=\u00bbcenter\u00bb header_font_size_last_edited=\u00bboff|desktop\u00bb custom_margin=\u00bb||0px|\u00bb custom_margin_last_edited=\u00bbon|\u00bb custom_padding=\u00bb||0px|\u00bb custom_padding_last_edited=\u00bbon|\u00bb]<\/p>\n<h1>Nuestros clientes<\/h1>\n<p>[\/et_pb_text][et_pb_text admin_label=\u00bbtesto PAGINA\u00bb _builder_version=\u00bb3.0.94&#8243; background_layout=\u00bblight\u00bb text_orientation=\u00bbcenter\u00bb max_width=\u00bb70%\u00bb max_width_tablet=\u00bb100%\u00bb max_width_last_edited=\u00bbon|desktop\u00bb module_alignment=\u00bbcenter\u00bb header_font_size_last_edited=\u00bboff|desktop\u00bb]<\/p>\n<p>El nivel de excelencia logrado por nuestras instalaciones y la capacidad de ofrecer un servicio de asistencia t\u00e9cnica- tecnol\u00f3gica global, han permitido a Almac convertirse en socio de los m\u00e1s importantes grupos de productores de pasta hilada a nivel internacional, por ejemplo:<\/p>\n<p>[\/et_pb_text][\/et_pb_column][\/et_pb_row][\/et_pb_section][et_pb_section bb_built=\u00bb1&#8243; fullwidth=\u00bboff\u00bb specialty=\u00bboff\u00bb _builder_version=\u00bb3.0.94&#8243; module_class=\u00bbtemplate-clienti\u00bb][et_pb_row background_position=\u00bbtop_left\u00bb background_repeat=\u00bbrepeat\u00bb background_size=\u00bbinitial\u00bb][et_pb_column type=\u00bb4_4&#8243;][et_pb_text admin_label=\u00bbLISTA LOGHI CLIENTI\u00bb _builder_version=\u00bb3.0.94&#8243; background_layout=\u00bblight\u00bb text_orientation=\u00bbcenter\u00bb]<\/p>\n<ul>\n<li><img decoding=\"async\" src=\"https:\/\/www.almacsrl.com\/wp-content\/uploads\/2018\/01\/Image-17.png\" \/><\/li>\n<li><img decoding=\"async\" src=\"https:\/\/www.almacsrl.com\/wp-content\/uploads\/2018\/01\/Image-18.png\" \/><\/li>\n<li><img decoding=\"async\" src=\"https:\/\/www.almacsrl.com\/wp-content\/uploads\/2018\/01\/Image-19.png\" \/><\/li>\n<li><img decoding=\"async\" src=\"https:\/\/www.almacsrl.com\/wp-content\/uploads\/2018\/01\/Image-20.png\" \/><\/li>\n<li><img decoding=\"async\" src=\"https:\/\/www.almacsrl.com\/wp-content\/uploads\/2018\/01\/Image-21.png\" \/><\/li>\n<li><img decoding=\"async\" src=\"https:\/\/www.almacsrl.com\/wp-content\/uploads\/2018\/01\/Image-22.png\" \/><\/li>\n<li><img decoding=\"async\" src=\"https:\/\/www.almacsrl.com\/wp-content\/uploads\/2018\/01\/Image-23.png\" \/><\/li>\n<li><img decoding=\"async\" src=\"https:\/\/www.almacsrl.com\/wp-content\/uploads\/2018\/01\/Image-24.png\" \/><\/li>\n<\/ul>\n<p>[\/et_pb_text][\/et_pb_column][\/et_pb_row][\/et_pb_section][et_pb_section bb_built=\u00bb1&#8243; fullwidth=\u00bboff\u00bb specialty=\u00bboff\u00bb _builder_version=\u00bb3.0.94&#8243; background_image=\u00bbhttps:\/\/www.almacsrl.com\/wp-content\/uploads\/2018\/01\/Image-16.jpg\u00bb module_class=\u00bbtemplate-banner-full template-small\u00bb global_module=\u00bb2974&#8243;][et_pb_row global_parent=\u00bb2974&#8243; _builder_version=\u00bb3.0.94&#8243; width_unit=\u00bboff\u00bb custom_width_percent=\u00bb100%\u00bb][et_pb_column type=\u00bb4_4&#8243;][et_pb_cta admin_label=\u00bbBANNER FULL Consulenza tecnica\u00bb global_parent=\u00bb2974&#8243; _builder_version=\u00bb3.0.94&#8243; title=\u00bbAsistencia t\u00e9cnica y tecnol\u00f3gica global\u00bb button_text=\u00bbSolicitar un presupuesto\u00bb button_url=\u00bb\/richiedi-preventivo\/\u00bb url_new_window=\u00bboff\u00bb background_color=\u00bbrgba(0,0,0,0)\u00bb use_background_color=\u00bbon\u00bb background_layout=\u00bbdark\u00bb header_level=\u00bbh1&#8243; custom_button=\u00bboff\u00bb button_icon_placement=\u00bbright\u00bb header_font_size=\u00bb46&#8243; header_font_size_tablet=\u00bb30&#8243; header_font_size_last_edited=\u00bbon|phone\u00bb]<\/p>\n<p>El nivel de excelencia logrado por nuestras instalaciones y la capacidad de ofrecer un servicio de asistencia t\u00e9cnica y tecnol\u00f3gica global, han permitido a Almac convertirse en socio de confianza de los m\u00e1s importantes grupos de productores de pasta hilada a nivel internacional.<\/p>\n<p>[\/et_pb_cta][\/et_pb_column][\/et_pb_row][\/et_pb_section]<\/p>\n","protected":false},"excerpt":{"rendered":"<p>Nuestros clientes El nivel de excelencia logrado por nuestras instalaciones y la capacidad de ofrecer un servicio de asistencia t\u00e9cnica- tecnol\u00f3gica global, han permitido a Almac convertirse en socio de los m\u00e1s importantes grupos de productores de pasta hilada a nivel internacional, por ejemplo: El nivel de excelencia logrado por nuestras instalaciones y la capacidad [&hellip;]<\/p>\n","protected":false},"author":1,"featured_media":0,"parent":0,"menu_order":0,"comment_status":"closed","ping_status":"closed","template":"","meta":{"_acf_changed":false,"_et_pb_use_builder":"on","_et_pb_old_content":"<p>This is an example page. It's different from a blog post because it will stay in one place and will show up in your site navigation (in most themes). Most people start with an About page that introduces them to potential site visitors. It might say something like this:<\/p><blockquote><p>Hi there! I'm a bike messenger by day, aspiring actor by night, and this is my website. I live in Los Angeles, have a great dog named Jack, and I like pi\u00f1a coladas. (And gettin' caught in the rain.)<\/p><\/blockquote><p>...or something like this:<\/p><blockquote><p>The XYZ Doohickey Company was founded in 1971, and has been providing quality doohickeys to the public ever since. Located in Gotham City, XYZ employs over 2,000 people and does all kinds of awesome things for the Gotham community.<\/p><\/blockquote><p>As a new WordPress user, you should go to <a href=\"http:\/\/www.almacsrl.com\/wp-admin\/\">your dashboard<\/a> to delete this page and create new pages for your content. Have fun!<\/p>","_et_gb_content_width":"","footnotes":""},"class_list":["post-2644","page","type-page","status-publish","hentry"],"acf":[],"_links":{"self":[{"href":"https:\/\/www.almacsrl.com\/es\/wp-json\/wp\/v2\/pages\/2644","targetHints":{"allow":["GET"]}}],"collection":[{"href":"https:\/\/www.almacsrl.com\/es\/wp-json\/wp\/v2\/pages"}],"about":[{"href":"https:\/\/www.almacsrl.com\/es\/wp-json\/wp\/v2\/types\/page"}],"author":[{"embeddable":true,"href":"https:\/\/www.almacsrl.com\/es\/wp-json\/wp\/v2\/users\/1"}],"replies":[{"embeddable":true,"href":"https:\/\/www.almacsrl.com\/es\/wp-json\/wp\/v2\/comments?post=2644"}],"version-history":[{"count":2,"href":"https:\/\/www.almacsrl.com\/es\/wp-json\/wp\/v2\/pages\/2644\/revisions"}],"predecessor-version":[{"id":2980,"href":"https:\/\/www.almacsrl.com\/es\/wp-json\/wp\/v2\/pages\/2644\/revisions\/2980"}],"wp:attachment":[{"href":"https:\/\/www.almacsrl.com\/es\/wp-json\/wp\/v2\/media?parent=2644"}],"curies":[{"name":"wp","href":"https:\/\/api.w.org\/{rel}","templated":true}]}}