{"id":2473,"date":"2018-01-12T14:16:19","date_gmt":"2018-01-12T13:16:19","guid":{"rendered":"http:\/\/www.almacsrl.com\/almac\/"},"modified":"2018-07-01T11:05:25","modified_gmt":"2018-07-01T09:05:25","slug":"almac","status":"publish","type":"page","link":"https:\/\/www.almacsrl.com\/es\/almac\/","title":{"rendered":"Azienda"},"content":{"rendered":"<p>[et_pb_section bb_built=\u00bb1&#8243; fullwidth=\u00bboff\u00bb specialty=\u00bboff\u00bb _builder_version=\u00bb3.0.94&#8243; module_class=\u00bbtemplate-pagina-head template-small\u00bb][et_pb_row background_position=\u00bbtop_left\u00bb background_repeat=\u00bbrepeat\u00bb background_size=\u00bbinitial\u00bb][et_pb_column type=\u00bb4_4&#8243;][et_pb_text admin_label=\u00bbTitolo pagina\u00bb _builder_version=\u00bb3.0.94&#8243; background_layout=\u00bblight\u00bb text_orientation=\u00bbcenter\u00bb max_width_last_edited=\u00bboff|desktop\u00bb module_alignment=\u00bbcenter\u00bb header_font_size_last_edited=\u00bboff|desktop\u00bb custom_margin=\u00bb||0px|\u00bb custom_margin_last_edited=\u00bbon|\u00bb custom_padding=\u00bb||0px|\u00bb custom_padding_last_edited=\u00bbon|\u00bb]<\/p>\n<h1>M\u00e1quinas, Equipos, Automatizaciones<br \/>\npara la industria quesera<\/h1>\n<p>[\/et_pb_text][et_pb_text admin_label=\u00bbtesto PAGINA\u00bb _builder_version=\u00bb3.0.94&#8243; background_layout=\u00bblight\u00bb text_orientation=\u00bbcenter\u00bb max_width=\u00bb70%\u00bb max_width_tablet=\u00bb100%\u00bb max_width_last_edited=\u00bbon|desktop\u00bb module_alignment=\u00bbcenter\u00bb header_font_size_last_edited=\u00bboff|desktop\u00bb]<\/p>\n<p>Almac, empresa l\u00edder en el dise\u00f1o y fabricaci\u00f3n de m\u00e1quinas, instalaciones y automatizaciones para la industria de los quesos de \u00bbpasta hilada\u00bb (p. ej. Mozzarella y Provolone), representa un socio preferente para los principales grupos alimentarios italianos y extranjeros.<\/p>\n<p>[\/et_pb_text][\/et_pb_column][\/et_pb_row][\/et_pb_section][et_pb_section bb_built=\u00bb1&#8243; fullwidth=\u00bboff\u00bb specialty=\u00bboff\u00bb _builder_version=\u00bb3.0.94&#8243; custom_margin_last_edited=\u00bboff|desktop\u00bb custom_padding=\u00bb||80px|\u00bb custom_padding_tablet=\u00bb||60px|\u00bb custom_padding_phone=\u00bb||40px|\u00bb custom_padding_last_edited=\u00bbon|desktop\u00bb][et_pb_row _builder_version=\u00bb3.0.94&#8243; make_fullwidth=\u00bbon\u00bb make_equal=\u00bbon\u00bb use_custom_gutter=\u00bbon\u00bb gutter_width=\u00bb1&#8243;][et_pb_column type=\u00bb4_4&#8243;][et_pb_gallery admin_label=\u00bbGalleria griglia 4 foto\u00bb _builder_version=\u00bb3.0.94&#8243; show_title_and_caption=\u00bboff\u00bb show_pagination=\u00bboff\u00bb gallery_ids=\u00bb2458,3726,3734,3730&#8243; fullwidth=\u00bboff\u00bb orientation=\u00bblandscape\u00bb background_layout=\u00bblight\u00bb pagination_font_size_tablet=\u00bb51&#8243; pagination_line_height_tablet=\u00bb2&#8243; zoom_icon_color=\u00bb#ffffff\u00bb hover_overlay_color=\u00bbrgba(39,47,50,0.9)\u00bb \/][\/et_pb_column][\/et_pb_row][\/et_pb_section][et_pb_section bb_built=\u00bb1&#8243; fullwidth=\u00bboff\u00bb specialty=\u00bboff\u00bb _builder_version=\u00bb3.0.94&#8243; module_class=\u00bbtemplate-testo-lungo\u00bb custom_margin_tablet=\u00bb||60px|\u00bb custom_margin_phone=\u00bb||40px|\u00bb custom_margin_last_edited=\u00bboff|desktop\u00bb custom_padding=\u00bb||80px|\u00bb custom_padding_tablet=\u00bb||60px|\u00bb custom_padding_phone=\u00bb||40px|\u00bb custom_padding_last_edited=\u00bbon|desktop\u00bb][et_pb_row background_position=\u00bbtop_left\u00bb background_repeat=\u00bbrepeat\u00bb background_size=\u00bbinitial\u00bb _builder_version=\u00bb3.0.94&#8243;][et_pb_column type=\u00bb4_4&#8243;][et_pb_text admin_label=\u00bbTitolo Chi siamo\u00bb _builder_version=\u00bb3.0.94&#8243; background_layout=\u00bblight\u00bb max_width_last_edited=\u00bboff|desktop\u00bb module_alignment=\u00bbleft\u00bb header_font_size=\u00bb60px\u00bb header_font_size_tablet=\u00bb50px\u00bb header_font_size_phone=\u00bb30px\u00bb header_font_size_last_edited=\u00bbon|desktop\u00bb]<\/p>\n<h1><span class=\"g-breadcrumbs-item\">Quien somos<\/span>.<\/h1>\n<p>[\/et_pb_text][et_pb_text admin_label=\u00bbTesto lungo PAGINA\u00bb _builder_version=\u00bb3.0.94&#8243; background_layout=\u00bblight\u00bb max_width_last_edited=\u00bboff|desktop\u00bb module_alignment=\u00bbleft\u00bb header_font_size=\u00bb60px\u00bb header_font_size_tablet=\u00bb50px\u00bb header_font_size_phone=\u00bb30px\u00bb header_font_size_last_edited=\u00bbon|desktop\u00bb]<\/p>\n<p>Almac, empresa l\u00edder en el dise\u00f1o y fabricaci\u00f3n de <strong>m\u00e1quinas, instalaciones y automatizaciones para la industria de los quesos de \u00abpasta hilada\u00bb<\/strong>, gracias a la experiencia de sus gerentes y a una pol\u00edtica empresarial sensible y atenta desde sus inicios a la evoluci\u00f3n del mercado, representa un socio preferente para los principales grupos alimentarios italianos y extranjeros<\/p>\n<p>El inter\u00e9s de nuestra empresa siempre se ha enfocado en la fase del proceso productivo desde la coagulaci\u00f3n de la leche hasta su transformaci\u00f3n en queso, realizando instalaciones que van de la descarga de las polivalentes hasta el envasado del producto. El tipo de queso del que nos enorgullecemos de tener gran experiencia (corroborada por las prestigiosas marcas de nuestros clientes) son los \u201c<strong>Pasta hilada<\/strong>\u201d (<strong>Mozzarella, Pizza Cheese, Provolone, Kasar<\/strong>, etc\u2026)<\/p>\n<p>A lo largo de estos a\u00f1os hemos dise\u00f1ado y desarrollado l\u00edneas de producci\u00f3n para producir los siguientes productos:<\/p>\n<ul>\n<li><strong>Pastas hiladas frescas<\/strong>, caracterizadas por un diferente contenido de humedad (ej. mozzarella de b\u00fafala, fior di latte y mozzarella para pizza).<\/li>\n<li><strong>Pastas hiladas cocidas<\/strong>, con un bajo contenido de humedad y una elevada fibrosidad, caracter\u00edsticas peculiares del queso ideal para el curado (ej. Provolone, Caciocavallo y Kasar etc.).<\/li>\n<li><strong>Quesos fundidos y preparados alimenticios<\/strong>, productos destinados a la preparaci\u00f3n de platos listos, pizzas frescas y congeladas, obtenidos con la tecnolog\u00eda de la hilatura con vapor y empleando como materias primas: case\u00edna en polvo, mantequilla, grasas vegetales, sales de fusi\u00f3n y varios quesos.<\/li>\n<\/ul>\n<p>[\/et_pb_text][\/et_pb_column][\/et_pb_row][\/et_pb_section][et_pb_section bb_built=\u00bb1&#8243; fullwidth=\u00bboff\u00bb specialty=\u00bboff\u00bb _builder_version=\u00bb3.0.94&#8243; module_class=\u00bbtemplate-testo-lungo\u00bb custom_margin_tablet=\u00bb||60px|\u00bb custom_margin_phone=\u00bb||40px|\u00bb custom_margin_last_edited=\u00bboff|desktop\u00bb custom_padding_last_edited=\u00bbon|desktop\u00bb custom_padding=\u00bb||40px|\u00bb custom_padding_tablet=\u00bb||30px|\u00bb][et_pb_row background_position=\u00bbtop_left\u00bb background_repeat=\u00bbrepeat\u00bb background_size=\u00bbinitial\u00bb _builder_version=\u00bb3.0.94&#8243; make_fullwidth=\u00bbon\u00bb use_custom_gutter=\u00bbon\u00bb gutter_width=\u00bb1&#8243;][et_pb_column type=\u00bb4_4&#8243;][et_pb_text admin_label=\u00bbTitolo punti di forza\u00bb _builder_version=\u00bb3.0.94&#8243; background_layout=\u00bblight\u00bb max_width_last_edited=\u00bboff|desktop\u00bb module_alignment=\u00bbleft\u00bb header_font_size=\u00bb60px\u00bb header_font_size_tablet=\u00bb50px\u00bb header_font_size_phone=\u00bb30px\u00bb header_font_size_last_edited=\u00bbon|desktop\u00bb text_orientation=\u00bbcenter\u00bb]<\/p>\n<h1>Nuestros puntos fuertes<\/h1>\n<p>[\/et_pb_text][\/et_pb_column][\/et_pb_row][\/et_pb_section][et_pb_section bb_built=\u00bb1&#8243; fullwidth=\u00bboff\u00bb specialty=\u00bboff\u00bb _builder_version=\u00bb3.0.94&#8243;][et_pb_row _builder_version=\u00bb3.0.94&#8243; make_fullwidth=\u00bbon\u00bb use_custom_width=\u00bbon\u00bb width_unit=\u00bboff\u00bb custom_width_px=\u00bb2600px\u00bb custom_width_percent=\u00bb100%\u00bb][et_pb_column type=\u00bb4_4&#8243;][et_pb_divider _builder_version=\u00bb3.0.94&#8243; show_divider=\u00bbon\u00bb background_color=\u00bb#e4e4e4&#8243; color=\u00bb#e4e4e4&#8243; height=\u00bb1px\u00bb custom_margin=\u00bb0px||0px|\u00bb custom_margin_last_edited=\u00bbon|\u00bb custom_padding=\u00bb0px||0px|\u00bb custom_padding_last_edited=\u00bbon|\u00bb \/][\/et_pb_column][\/et_pb_row][\/et_pb_section][et_pb_section bb_built=\u00bb1&#8243; fullwidth=\u00bboff\u00bb specialty=\u00bboff\u00bb _builder_version=\u00bb3.0.94&#8243; module_class=\u00bbtemplate-punti-forza\u00bb custom_margin_tablet=\u00bb||60px|\u00bb custom_margin_phone=\u00bb||40px|\u00bb custom_margin_last_edited=\u00bboff|desktop\u00bb custom_padding_last_edited=\u00bboff|desktop\u00bb][et_pb_row background_position=\u00bbtop_left\u00bb background_repeat=\u00bbrepeat\u00bb background_size=\u00bbinitial\u00bb _builder_version=\u00bb3.0.94&#8243; make_fullwidth=\u00bbon\u00bb use_custom_gutter=\u00bbon\u00bb gutter_width=\u00bb1&#8243; make_equal=\u00bbon\u00bb padding_top_1=\u00bb70px\u00bb padding_right_1=\u00bb50px\u00bb padding_bottom_1=\u00bb70px\u00bb padding_left_1=\u00bb50px\u00bb padding_top_2=\u00bb70px\u00bb padding_right_2=\u00bb50px\u00bb padding_bottom_2=\u00bb70px\u00bb padding_left_2=\u00bb50px\u00bb padding_top_3=\u00bb70px\u00bb padding_right_3=\u00bb50px\u00bb padding_bottom_3=\u00bb70px\u00bb padding_left_3=\u00bb50px\u00bb padding_top_4=\u00bb70px\u00bb padding_right_4=\u00bb50px\u00bb padding_bottom_4=\u00bb70px\u00bb padding_left_4=\u00bb50px\u00bb padding_1_last_edited=\u00bbon|phone\u00bb padding_2_tablet=\u00bb50px|40px|50px|40px\u00bb padding_2_last_edited=\u00bbon|phone\u00bb padding_3_tablet=\u00bb50px|40px|50px|40px\u00bb padding_3_last_edited=\u00bbon|phone\u00bb padding_4_tablet=\u00bb50px|40px|50px|40px\u00bb padding_4_last_edited=\u00bbon|phone\u00bb padding_1_tablet=\u00bb50px|40px|50px|40px\u00bb padding_1_phone=\u00bb40px|30px|40px|30px\u00bb padding_2_phone=\u00bb40px|30px|40px|30px\u00bb padding_3_phone=\u00bb40px|30px|40px|30px\u00bb padding_4_phone=\u00bb40px|30px|40px|30px\u00bb][et_pb_column type=\u00bb1_4&#8243;][et_pb_text _builder_version=\u00bb3.0.94&#8243; background_layout=\u00bblight\u00bb text_orientation=\u00bbcenter\u00bb]<\/p>\n<div class=\"red\"><strong>01<\/strong><\/div>\n<h4>3-A Sanitary Standards.<\/h4>\n<p>Construimos desde siempre seg\u00fan lo requerido por las 3-A Sanitary Standards, tambi\u00e9n para el mercado italiano.<\/p>\n<p>[\/et_pb_text][\/et_pb_column][et_pb_column type=\u00bb1_4&#8243;][et_pb_text _builder_version=\u00bb3.0.94&#8243; background_layout=\u00bblight\u00bb text_orientation=\u00bbcenter\u00bb]<\/p>\n<div class=\"red\"><strong>02<\/strong><\/div>\n<h4>Saneamiento.<\/h4>\n<p>Ausencia de puntos de estancamiento, total saneamiento de todas las partes de la m\u00e1quina..<\/p>\n<p>[\/et_pb_text][\/et_pb_column][et_pb_column type=\u00bb1_4&#8243;][et_pb_text _builder_version=\u00bb3.0.94&#8243; background_layout=\u00bblight\u00bb text_orientation=\u00bbcenter\u00bb]<\/p>\n<div class=\"red\"><strong>03<\/strong><\/div>\n<h4><strong>Monobloque<\/strong>.<\/h4>\n<p>Construcci\u00f3n en bloque \u00fanico de carpinter\u00eda de las m\u00e1quinas, sin bridas, tornillos, ni tuercas.<\/p>\n<p>[\/et_pb_text][\/et_pb_column][et_pb_column type=\u00bb1_4&#8243;][et_pb_text _builder_version=\u00bb3.0.94&#8243; background_layout=\u00bblight\u00bb text_orientation=\u00bbcenter\u00bb]<\/p>\n<div class=\"red\"><strong>04<\/strong><\/div>\n<h4><strong>Recubrimiento de tefl\u00f3n certificado.<\/strong><\/h4>\n<p>Si se solicita el revestimiento con tefl\u00f3n, se emplea el proveedor italiano capaz de certificarlo.<\/p>\n<p>[\/et_pb_text][\/et_pb_column][\/et_pb_row][\/et_pb_section][et_pb_section bb_built=\u00bb1&#8243; fullwidth=\u00bboff\u00bb specialty=\u00bboff\u00bb _builder_version=\u00bb3.0.94&#8243;][et_pb_row _builder_version=\u00bb3.0.94&#8243; make_fullwidth=\u00bbon\u00bb use_custom_width=\u00bbon\u00bb width_unit=\u00bboff\u00bb custom_width_px=\u00bb2600px\u00bb custom_width_percent=\u00bb100%\u00bb][et_pb_column type=\u00bb4_4&#8243;][et_pb_divider _builder_version=\u00bb3.0.94&#8243; show_divider=\u00bbon\u00bb background_color=\u00bb#e4e4e4&#8243; color=\u00bb#e4e4e4&#8243; height=\u00bb1px\u00bb custom_margin=\u00bb0px||0px|\u00bb custom_margin_last_edited=\u00bbon|\u00bb custom_padding=\u00bb0px||0px|\u00bb custom_padding_last_edited=\u00bbon|\u00bb \/][\/et_pb_column][\/et_pb_row][\/et_pb_section][et_pb_section bb_built=\u00bb1&#8243; fullwidth=\u00bboff\u00bb specialty=\u00bboff\u00bb _builder_version=\u00bb3.0.94&#8243; module_class=\u00bbtemplate-punti-forza\u00bb custom_margin_tablet=\u00bb||60px|\u00bb custom_margin_phone=\u00bb||40px|\u00bb custom_margin_last_edited=\u00bboff|desktop\u00bb custom_padding_last_edited=\u00bboff|desktop\u00bb][et_pb_row background_position=\u00bbtop_left\u00bb background_repeat=\u00bbrepeat\u00bb background_size=\u00bbinitial\u00bb _builder_version=\u00bb3.0.94&#8243; make_fullwidth=\u00bbon\u00bb use_custom_gutter=\u00bbon\u00bb gutter_width=\u00bb1&#8243; make_equal=\u00bbon\u00bb padding_top_1=\u00bb70px\u00bb padding_right_1=\u00bb50px\u00bb padding_bottom_1=\u00bb70px\u00bb padding_left_1=\u00bb50px\u00bb padding_top_2=\u00bb70px\u00bb padding_right_2=\u00bb50px\u00bb padding_bottom_2=\u00bb70px\u00bb padding_left_2=\u00bb50px\u00bb padding_top_3=\u00bb70px\u00bb padding_right_3=\u00bb50px\u00bb padding_bottom_3=\u00bb70px\u00bb padding_left_3=\u00bb50px\u00bb padding_top_4=\u00bb70px\u00bb padding_right_4=\u00bb50px\u00bb padding_bottom_4=\u00bb70px\u00bb padding_left_4=\u00bb50px\u00bb padding_1_last_edited=\u00bbon|phone\u00bb padding_2_tablet=\u00bb50px|40px|50px|40px\u00bb padding_2_last_edited=\u00bbon|phone\u00bb padding_3_tablet=\u00bb50px|40px|50px|40px\u00bb padding_3_last_edited=\u00bbon|phone\u00bb padding_4_tablet=\u00bb50px|40px|50px|40px\u00bb padding_4_last_edited=\u00bbon|phone\u00bb padding_1_tablet=\u00bb50px|40px|50px|40px\u00bb padding_1_phone=\u00bb40px|30px|40px|30px\u00bb padding_2_phone=\u00bb40px|30px|40px|30px\u00bb padding_3_phone=\u00bb40px|30px|40px|30px\u00bb padding_4_phone=\u00bb40px|30px|40px|30px\u00bb][et_pb_column type=\u00bb1_4&#8243;][et_pb_text _builder_version=\u00bb3.0.94&#8243; background_layout=\u00bblight\u00bb text_orientation=\u00bbcenter\u00bb]<\/p>\n<div class=\"red\"><strong>05<\/strong><\/div>\n<h4><strong>Motorizaciones.<\/strong><\/h4>\n<p>Motorizaci\u00f3n separada de la carpinter\u00eda de la m\u00e1quina que permite descargar a tierra las eventuales fugas de aceite para as\u00ed evitar contaminar el producto.<\/p>\n<p>[\/et_pb_text][\/et_pb_column][et_pb_column type=\u00bb1_4&#8243;][et_pb_text _builder_version=\u00bb3.0.94&#8243; background_layout=\u00bblight\u00bb text_orientation=\u00bbcenter\u00bb]<\/p>\n<div class=\"red\"><strong>06<\/strong><\/div>\n<h4><strong>Tuber\u00edas<\/strong>.<\/h4>\n<p>Tuber\u00edas realizadas con soldaduras perfectas, tal como requerido por las 3-A Sanitary Standards y con racores clamp (para los EE.UU.).<\/p>\n<p>[\/et_pb_text][\/et_pb_column][et_pb_column type=\u00bb1_4&#8243;][et_pb_text _builder_version=\u00bb3.0.94&#8243; background_layout=\u00bblight\u00bb text_orientation=\u00bbcenter\u00bb]<\/p>\n<div class=\"red\"><strong>07<\/strong><\/div>\n<h4><strong>Mercado estadounidense<\/strong>.<\/h4>\n<p>Cuadros y motores el\u00e9ctricos conformes con las normas UL (Underwriters Laboratories. Inc.), para el mercado americano.<\/p>\n<p>[\/et_pb_text][\/et_pb_column][et_pb_column type=\u00bb1_4&#8243;][et_pb_text _builder_version=\u00bb3.0.94&#8243; background_layout=\u00bblight\u00bb text_orientation=\u00bbcenter\u00bb]<\/p>\n<div class=\"red\"><strong>08<\/strong><\/div>\n<h4>Tratamiento con chorro de arena.<\/h4>\n<p>Tratamiento especial de chorro de arena certificado para todas las superficies en contacto con el producto<\/p>\n<p>[\/et_pb_text][\/et_pb_column][\/et_pb_row][\/et_pb_section][et_pb_section bb_built=\u00bb1&#8243; fullwidth=\u00bboff\u00bb specialty=\u00bboff\u00bb _builder_version=\u00bb3.0.94&#8243;][et_pb_row _builder_version=\u00bb3.0.94&#8243; make_fullwidth=\u00bbon\u00bb use_custom_width=\u00bbon\u00bb width_unit=\u00bboff\u00bb custom_width_px=\u00bb2600px\u00bb custom_width_percent=\u00bb100%\u00bb][et_pb_column type=\u00bb4_4&#8243;][et_pb_divider _builder_version=\u00bb3.0.94&#8243; show_divider=\u00bbon\u00bb background_color=\u00bb#e4e4e4&#8243; color=\u00bb#e4e4e4&#8243; height=\u00bb1px\u00bb custom_margin=\u00bb0px||0px|\u00bb custom_margin_last_edited=\u00bbon|\u00bb custom_padding=\u00bb0px||0px|\u00bb custom_padding_last_edited=\u00bbon|\u00bb \/][\/et_pb_column][\/et_pb_row][\/et_pb_section][et_pb_section bb_built=\u00bb1&#8243; admin_label=\u00bbBANNER Applicazione e macchine speciali\u00bb fullwidth=\u00bboff\u00bb specialty=\u00bboff\u00bb _builder_version=\u00bb3.0.94&#8243; module_class=\u00bbtemplate-banner template-banner-sx\u00bb background_color=\u00bb#f6f6f6&#8243; global_module=\u00bb3019&#8243;][et_pb_row global_parent=\u00bb3019&#8243; background_position=\u00bbtop_left\u00bb background_repeat=\u00bbrepeat\u00bb background_size=\u00bbinitial\u00bb][et_pb_column type=\u00bb4_4&#8243;][et_pb_text admin_label=\u00bbCategoria\u00bb global_parent=\u00bb3019&#8243; _builder_version=\u00bb3.0.94&#8243; background_layout=\u00bblight\u00bb module_class=\u00bbmeta-categoria\u00bb]<\/p>\n<p>INVESTIGACI\u00d3N Y TECNOLOG\u00cdA<\/p>\n<p>[\/et_pb_text][et_pb_blurb admin_label=\u00bbBANNER Applicazione e macchine speciali\u00bb global_parent=\u00bb3019&#8243; _builder_version=\u00bb3.0.94&#8243; url=\u00bb\/macchine-speciali\/\u00bb url_new_window=\u00bboff\u00bb use_icon=\u00bboff\u00bb font_icon=\u00bb%%3%%\u00bb image=\u00bbhttps:\/\/www.almacsrl.com\/wp-content\/uploads\/2018\/01\/Image-4.png\u00bb use_circle=\u00bboff\u00bb use_circle_border=\u00bboff\u00bb icon_placement=\u00bbleft\u00bb use_icon_font_size=\u00bboff\u00bb background_layout=\u00bblight\u00bb header_level=\u00bbh1&#8243; content_max_width=\u00bb1100px\u00bb content_max_width_last_edited=\u00bbon|desktop\u00bb animation=\u00bboff\u00bb header_font=\u00bb|700|||||||\u00bb body_font_size=\u00bb16&#8243; body_font_size_tablet=\u00bb14&#8243; body_font_size_last_edited=\u00bbon|desktop\u00bb body_line_height=\u00bb1.5em\u00bb title=\u00bbAplicaci\u00f3n y m\u00e1quinas especiale\u00bb]<\/p>\n<p>Almac ha invertido la experiencia adquirida en este sector en la expansi\u00f3n de la gama de productos que se pueden realizar con las tecnolog\u00edas m\u00e1s innovadoras, automatizando y mejorando los procesos hist\u00f3ricos tradicionales, desde la realizaci\u00f3n del Kasar turco hasta la producci\u00f3n del t\u00edpico Queso de Mano&#8230;<\/p>\n<p>[\/et_pb_blurb][et_pb_button admin_label=\u00bbPulsante MACCHINE SPECIALI\u00bb global_parent=\u00bb3019&#8243; _builder_version=\u00bb3.0.94&#8243; button_text=\u00bbM\u00c1S INFORMACIONES\u00bb button_url=\u00bb\/es\/macchine-speciali\/\u00bb url_new_window=\u00bboff\u00bb background_layout=\u00bblight\u00bb custom_button=\u00bboff\u00bb button_icon_placement=\u00bbright\u00bb \/][\/et_pb_column][\/et_pb_row][\/et_pb_section][et_pb_section bb_built=\u00bb1&#8243; fullwidth=\u00bboff\u00bb specialty=\u00bboff\u00bb _builder_version=\u00bb3.0.94&#8243; background_image=\u00bbhttps:\/\/www.almacsrl.com\/wp-content\/uploads\/2018\/01\/Image-16.jpg\u00bb module_class=\u00bbtemplate-banner-full template-small\u00bb global_module=\u00bb2974&#8243;][et_pb_row global_parent=\u00bb2974&#8243; _builder_version=\u00bb3.0.94&#8243; width_unit=\u00bboff\u00bb custom_width_percent=\u00bb100%\u00bb][et_pb_column type=\u00bb4_4&#8243;][et_pb_cta admin_label=\u00bbBANNER FULL Consulenza tecnica\u00bb global_parent=\u00bb2974&#8243; _builder_version=\u00bb3.0.94&#8243; title=\u00bbAsistencia t\u00e9cnica y tecnol\u00f3gica global\u00bb button_text=\u00bbSolicitar un presupuesto\u00bb button_url=\u00bb\/richiedi-preventivo\/\u00bb url_new_window=\u00bboff\u00bb background_color=\u00bbrgba(0,0,0,0)\u00bb use_background_color=\u00bbon\u00bb background_layout=\u00bbdark\u00bb header_level=\u00bbh1&#8243; custom_button=\u00bboff\u00bb button_icon_placement=\u00bbright\u00bb header_font_size=\u00bb46&#8243; header_font_size_tablet=\u00bb30&#8243; header_font_size_last_edited=\u00bbon|phone\u00bb]<\/p>\n<p>El nivel de excelencia logrado por nuestras instalaciones y la capacidad de ofrecer un servicio de asistencia t\u00e9cnica y tecnol\u00f3gica global, han permitido a Almac convertirse en socio de confianza de los m\u00e1s importantes grupos de productores de pasta hilada a nivel internacional.<\/p>\n<p>[\/et_pb_cta][\/et_pb_column][\/et_pb_row][\/et_pb_section][et_pb_section bb_built=\u00bb1&#8243; fullwidth=\u00bboff\u00bb specialty=\u00bboff\u00bb _builder_version=\u00bb3.0.94&#8243; module_class=\u00bbtemplate-clienti template-clienti-banner\u00bb global_module=\u00bb2478&#8243;][et_pb_row global_parent=\u00bb2478&#8243; background_position=\u00bbtop_left\u00bb background_repeat=\u00bbrepeat\u00bb background_size=\u00bbinitial\u00bb][et_pb_column type=\u00bb4_4&#8243;][et_pb_text admin_label=\u00bbTitolo + testo CLIENTI\u00bb global_parent=\u00bb2478&#8243; _builder_version=\u00bb3.0.94&#8243; background_layout=\u00bblight\u00bb text_orientation=\u00bbcenter\u00bb max_width=\u00bb70%\u00bb max_width_tablet=\u00bb100%\u00bb max_width_last_edited=\u00bbon|desktop\u00bb module_alignment=\u00bbcenter\u00bb]<\/p>\n<h2>Nuestros clientes<\/h2>\n<p>El nivel de excelencia logrado por nuestras instalaciones y la capacidad de ofrecer un servicio de asistencia t\u00e9cnica- tecnol\u00f3gica global, han permitido a Almac convertirse en socio de los m\u00e1s importantes grupos de productores de pasta hilada a nivel internacional, por ejemplo:<\/p>\n<p>[\/et_pb_text][et_pb_text admin_label=\u00bbLISTA LOGHI CLIENTI\u00bb global_parent=\u00bb2478&#8243; _builder_version=\u00bb3.0.94&#8243; background_layout=\u00bblight\u00bb text_orientation=\u00bbcenter\u00bb]<\/p>\n<ul>\n<li><img decoding=\"async\" src=\"https:\/\/www.almacsrl.com\/wp-content\/uploads\/2018\/01\/Image-17.png\" \/><\/li>\n<li><img decoding=\"async\" src=\"https:\/\/www.almacsrl.com\/wp-content\/uploads\/2018\/01\/Image-18.png\" \/><\/li>\n<li><img decoding=\"async\" src=\"https:\/\/www.almacsrl.com\/wp-content\/uploads\/2018\/01\/Image-19.png\" \/><\/li>\n<li><img decoding=\"async\" src=\"https:\/\/www.almacsrl.com\/wp-content\/uploads\/2018\/01\/Image-20.png\" \/><\/li>\n<li><img decoding=\"async\" src=\"https:\/\/www.almacsrl.com\/wp-content\/uploads\/2018\/01\/Image-21.png\" \/><\/li>\n<li><img decoding=\"async\" src=\"https:\/\/www.almacsrl.com\/wp-content\/uploads\/2018\/01\/Image-22.png\" \/><\/li>\n<li><img decoding=\"async\" src=\"https:\/\/www.almacsrl.com\/wp-content\/uploads\/2018\/01\/Image-23.png\" \/><\/li>\n<li><img decoding=\"async\" src=\"https:\/\/www.almacsrl.com\/wp-content\/uploads\/2018\/01\/Image-24.png\" \/><\/li>\n<\/ul>\n<p>[\/et_pb_text][\/et_pb_column][\/et_pb_row][\/et_pb_section]<\/p>\n","protected":false},"excerpt":{"rendered":"<p>M\u00e1quinas, Equipos, Automatizaciones para la industria quesera Almac, empresa l\u00edder en el dise\u00f1o y fabricaci\u00f3n de m\u00e1quinas, instalaciones y automatizaciones para la industria de los quesos de \u00bbpasta hilada\u00bb (p. ej. Mozzarella y Provolone), representa un socio preferente para los principales grupos alimentarios italianos y extranjeros. Quien somos. Almac, empresa l\u00edder en el dise\u00f1o y [&hellip;]<\/p>\n","protected":false},"author":1,"featured_media":0,"parent":0,"menu_order":0,"comment_status":"closed","ping_status":"closed","template":"","meta":{"_acf_changed":false,"_et_pb_use_builder":"on","_et_pb_old_content":"<p>This is an example page. It's different from a blog post because it will stay in one place and will show up in your site navigation (in most themes). Most people start with an About page that introduces them to potential site visitors. It might say something like this:<\/p><blockquote><p>Hi there! I'm a bike messenger by day, aspiring actor by night, and this is my website. I live in Los Angeles, have a great dog named Jack, and I like pi\u00f1a coladas. (And gettin' caught in the rain.)<\/p><\/blockquote><p>...or something like this:<\/p><blockquote><p>The XYZ Doohickey Company was founded in 1971, and has been providing quality doohickeys to the public ever since. Located in Gotham City, XYZ employs over 2,000 people and does all kinds of awesome things for the Gotham community.<\/p><\/blockquote><p>As a new WordPress user, you should go to <a href=\"http:\/\/www.almacsrl.com\/wp-admin\/\">your dashboard<\/a> to delete this page and create new pages for your content. Have fun!<\/p>","_et_gb_content_width":"","footnotes":""},"class_list":["post-2473","page","type-page","status-publish","hentry"],"acf":[],"_links":{"self":[{"href":"https:\/\/www.almacsrl.com\/es\/wp-json\/wp\/v2\/pages\/2473","targetHints":{"allow":["GET"]}}],"collection":[{"href":"https:\/\/www.almacsrl.com\/es\/wp-json\/wp\/v2\/pages"}],"about":[{"href":"https:\/\/www.almacsrl.com\/es\/wp-json\/wp\/v2\/types\/page"}],"author":[{"embeddable":true,"href":"https:\/\/www.almacsrl.com\/es\/wp-json\/wp\/v2\/users\/1"}],"replies":[{"embeddable":true,"href":"https:\/\/www.almacsrl.com\/es\/wp-json\/wp\/v2\/comments?post=2473"}],"version-history":[{"count":12,"href":"https:\/\/www.almacsrl.com\/es\/wp-json\/wp\/v2\/pages\/2473\/revisions"}],"predecessor-version":[{"id":2482,"href":"https:\/\/www.almacsrl.com\/es\/wp-json\/wp\/v2\/pages\/2473\/revisions\/2482"}],"wp:attachment":[{"href":"https:\/\/www.almacsrl.com\/es\/wp-json\/wp\/v2\/media?parent=2473"}],"curies":[{"name":"wp","href":"https:\/\/api.w.org\/{rel}","templated":true}]}}