{"id":3974,"date":"2018-07-24T16:11:27","date_gmt":"2018-07-24T14:11:27","guid":{"rendered":"http:\/\/www.almacsrl.com\/privacy-policy-fornitori\/"},"modified":"2026-02-24T17:12:18","modified_gmt":"2026-02-24T16:12:18","slug":"privacy-policy-fornitori","status":"publish","type":"page","link":"https:\/\/www.almacsrl.com\/de\/privacy-policy-fornitori\/","title":{"rendered":"Informativa consenso clienti fornitori"},"content":{"rendered":"<p>[et_pb_section fb_built=&#8220;1&#8243; _builder_version=&#8220;4.16&#8243; global_colors_info=&#8220;{}&#8220;][et_pb_row _builder_version=&#8220;4.16&#8243; background_size=&#8220;initial&#8220; background_position=&#8220;top_left&#8220; background_repeat=&#8220;repeat&#8220; global_colors_info=&#8220;{}&#8220;][et_pb_column type=&#8220;4_4&#8243; _builder_version=&#8220;4.16&#8243; custom_padding=&#8220;|||&#8220; global_colors_info=&#8220;{}&#8220; custom_padding__hover=&#8220;|||&#8220;][et_pb_text admin_label=&#8220;Testo titolo&#8220; _builder_version=&#8220;4.16&#8243; custom_padding=&#8220;60px||40px|&#8220; custom_padding_tablet=&#8220;&#8220; custom_padding_phone=&#8220;&#8220; custom_padding_last_edited=&#8220;on|&#8220; global_colors_info=&#8220;{}&#8220;]<\/p>\n<h1>Privacy policy<\/h1>\n<p>[\/et_pb_text][et_pb_text _builder_version=&#8220;4.27.5&#8243; custom_padding=&#8220;||100px|&#8220; custom_padding_tablet=&#8220;&#8220; custom_padding_phone=&#8220;&#8220; custom_padding_last_edited=&#8220;on|&#8220; hover_enabled=&#8220;0&#8243; global_colors_info=&#8220;{}&#8220; sticky_enabled=&#8220;0&#8243;]Gem\u00e4\u00df Art. 13 der Verordnung (EU) 2016\/679 informieren wir Sie hiermit, dass Ihre von uns erfassten oder zu erfassenden personenbezogenen Daten einer den Anforderungen der Verordnung entsprechenden Verarbeitung unterliegen; das Gleiche gilt f\u00fcr die Aus\u00fcbung der Rechte als \u201eBetroffene\u201c<\/p>\n<p>a)\tDie Verarbeitung beinhaltet die folgenden Verfahren: Erfassung auf telefonische, digitale oder schriftliche Weise, oder in \u00f6ffentlichen Registern, Listen, Akten und Unterlagen und\/oder in \u00f6ffentlichen und\/oder privaten Datenbanken (Unternehmen f\u00fcr Wirtschaftsinformationen), Registrierung, Organisierung, Aufbewahrung und Bearbeitung in Papierform, auf magnetischen, automatisierten oder digitalen Datentr\u00e4gern, Bearbeitung von durch Dritte erfassten Daten, \u00c4nderung, Auswahl, Auszug, Vergleich, Nutzung, auch in Verbindung mit Daten von anderen Personen, aufgrund von qualitativen, quantitativen und zeitlichen, wiederkehrenden oder von Mal zu Mal neu zu definierenden Kriterien, vorl\u00e4ufige Bearbeitung mit dem Ziel einer schnellen Zusammenfassung oder Umwandlung der Daten selbst, Umsetzung von Entscheidungen in automatisierter und\/oder sonstiger Form, Profilierung und Informationsbildung, Mitteilung, L\u00f6schung und Vernichtung von Daten, oder Kombination einer oder mehrerer der oben genannten Verfahren.<\/p>\n<p>b)\tUnbeschadet der Offenlegung im Rahmen der gesetzlichen Bestimmungen oder Verordnungen oder anderer gemeinschaftlicher Normen werden die von uns erfassten Daten sowohl in Italien als auch im Ausland an folgende Dritte weitergeleitet: 1) Unser Verkaufsnetz; 2) andere verbundene und\/oder Tochtergesellschaften (bei welchen die Verarbeitung analoge Zwecke verfolgt, wie die in dieser Informationsschrift angegebenen); 3)Gesellschaften, Beh\u00f6rden, Vereine und\/oder nat\u00fcrliche Personen, die EDV Dienst- und entsprechende Wartungsleistungen ausf\u00fchren; 4) Banken und Kreditanstalten; 5) Versicherungen; 6) Factoring-Gesellschaften; 7) Leasing-Gesellschaften; 8) Inkassob\u00fcros; 9) Versicherungsgesellschaften oder Agenturen f\u00fcr Kredit\u00fcbertragungen;10) Agenturen f\u00fcr Wirtschaftsinformationen; 11) Berater und Fachleute; 12) Kanzleien und Unternehmensberatungen; 13) Wirtschaftspr\u00fcfer; 14) Spediteure, Fahrer und Zustelldienste; 15) Besch\u00e4ftigte im Fernmeldebereich; 16) Wirtschaftsbeh\u00f6rden; 17) Kunden\/Lieferanten und Unterlieferanten;18) Justizbeh\u00f6rden im Rahmen von Strafverfahren; 19) andere Personen, die durch Gesetze oder andere Bestimmungen oder gemeinschaftliche Normen dazu befugt sind, Zugang zu Ihren personenbezogenen Daten zu erhalten; 20) andere Gesellschaften, Beh\u00f6rden oder nat\u00fcrliche Personen, die T\u00e4tigkeiten aus\u00fcben, die mit unseren verbunden, notwendig und\/oder unterst\u00fctzend oder notwendig und\/oder funktionell hinsichtlich der Ausf\u00fchrung der von Ihnen gew\u00fcnschten Vertr\u00e4ge oder Dienstleitungen sind. Dieser Personenkreis verarbeitet oder \u00fcbergibt seinerseits die Daten an Dritte in ihrer Eigenschaft als \u201eVerantwortliche\u201c oder \u201eBeauftragte\u201c im Rahmen der Bestimmungen der Verordnung (EU) 2016\/679.<\/p>\n<p>c)\tDie obengenannten Verfahrensweisen der Verarbeitung haben folgende Ziele: 1) Vorvertragliche Anforderungen zu erf\u00fcllen (z.B. Verfassung von Angeboten oder Ihrer Bestellungen, \u00dcberpr\u00fcfung der Zahlungsf\u00e4higkeit); 2) Befolgung rechtlicher oder vertraglicher Bestimmungen (z.B. Buchhaltung, steuerliche Formalit\u00e4ten, Verwaltungsmanagement); 3) Befolgung der gesetzlichen Vorschriften zur Bek\u00e4mpfung der Geldw\u00e4sche (z.B. Informatikarchiv\/Papierunterlagen wie vom Gesetzesdekret 231\/07 vorgesehen, das durch das Gesetzesdekret 151\/09 ge\u00e4ndert wurde, und \u00e4hnliche; 4) Kundenmanagement; 5) Lieferantenmanagement; 6) Verwaltung Kreditumfang; 7) Risikokontrolle (Betrug, Insolvenzen, &#8230;) 8) Management von Rechtsstreitigkeiten und Abtretung von Forderungen; 9) Verwaltung Buchhaltung und Kassenmittel; 10) Finanzdienstleistungen die unmittelbar zum Kunden\/Lieferantenmanagement geh\u00f6ren; 11) Verwaltung elektronischer Zahlungsmittel; 12) Versicherungsdienstleistungen die unmittelbar zum Kunden\/Lieferantenmanagement geh\u00f6ren; 13) Lager und Transportmanagement; 14) Management der Gesch\u00e4ftsbeziehungen; 15) operatives und strategisches Marketing; 16) Versandgesch\u00e4ft und E-Commerce; 17) Telemarketing und Teleselling; 18) Werbung, Werbesendungen, Direktverkauf oder interaktive Werbung; 19) Qualit\u00e4tszertifizierung; 20) Ermittlung der Zufriedenheit von Kunden\/Lieferanten.<\/p>\n<p>d)\tDie Angabe Ihrer Daten ist nur zu den unter den Punkten 1 bis14 genannten Zwecken notwendig, und Ihre Einwilligung ist dazu nicht notwendig. Eine eventuelle Weigerung Ihrerseits, diese anzugeben, f\u00fchrt jedoch zur Unm\u00f6glichkeit, Gesch\u00e4ftsbeziehungen mit Ihnen einzugehen oder fortzuf\u00fchren. <\/p>\n<p>e)\tDie Daten werden w\u00e4hrend der gesamten Dauer der Gesch\u00e4ftsbeziehung mit Ihrer Gesellschaft verarbeitet und aufbewahrt, und danach noch f\u00fcr den notwendigen Zeitraum, um den gesetzlichen Verpflichtungen zu entsprechen, und um Ihr gesch\u00e4ftliches Profil aufzubewahren, um die Auswahl der Kunden und\/oder Lieferanten zu rationalisieren und mit Ihrer Einwilligung, wie nachstehend n\u00e4her erl\u00e4utert, zu den kommerziellen Zwecken, die unter den Punkten 15 bis 20 angegeben sind.<\/p>\n<p>f)\tBez\u00fcglich der Datenverarbeitung, die in dieser Informationsschrift behandelt wird, hat der Betroffene in jedem Moment das Recht auf:<br \/>\n\u2022\tZugriff (Art. 15 Verordnung (EU) 2016\/679);<br \/>\n\u2022\tBerichtigung (Art. 16 EU Verordnung Nr.16 Verordnung (EU) 2016\/679);<br \/>\n\u2022\tL\u00f6schung (Art. 17 Verordnung (EU) 2016\/679);<br \/>\n\u2022\tEinschr\u00e4nkung (Art. 18 Verordnung (EU) 2016\/679);<br \/>\n\u2022\tDaten\u00fcbertragbarkeit, dies bedeutet das Recht, vom Verantwortlichen der Verarbeitung die Daten in einem strukturierten, g\u00e4ngigen und maschinenlesbaren Format zu erhalten, um sie unverz\u00fcglich an einen anderen Verantwortlichen f\u00fcr die Verarbeitung \u00fcbermitteln zu k\u00f6nnen (Art. 20 Verordnung (EU)  2016\/679);<br \/>\n\u2022\tWiderspruch gegen die Verarbeitung (Art. 21 Verordnung (EU) 2016\/679);<br \/>\n\u2022\tWiderruf der Zustimmung zur Verarbeitung, unbeschadet der Rechtm\u00e4\u00dfigkeit der Verarbeitung, die sich auf die Zustimmung vor dem Widerruf st\u00fctzte (Art. 7, Abs.  3 Verordnung (EU). 2016\/679);<br \/>\n\u2022\tBeschwerde bei der Aufsichtsbeh\u00f6rde f\u00fcr den Datenschutz einlegen (Art. 51 Verordnung (EU) 2016\/679).<\/p>\n<p><strong>Die Aus\u00fcbung der oben angef\u00fchrten Rechte kann mittels schriftlicher Mitteilung, die per zertifizierter E-Mail an die Adresse almac@pec.almacsrl.it oder per Einschreiben mit R\u00fcckantwort an folgende Adresse: ALMAC srl &#8211; Via Emilia Est 2009 &#8211; 41018 San Cesario sul Panaro (MO) geschickt werden muss, erfolgen.<\/p>\n<p>Verantwortlicher der Datenverarbeitung ist ALMAC srl, mit Firmensitz in Via Emilia Est 2009 &#8211; 41018 San Cesario sul Panaro (MO)<\/p>\n<p>Beauftragter der Datenverarbeitung ist Toma Alessandro, erreichbar unter folgender E-Mail-Adresse alessandro.toma@almacsrl.it.<\/p>\n<p>Datenschutzbeauftragter: NICHT ERNANNT.<\/strong><br \/>\n[\/et_pb_text][\/et_pb_column][\/et_pb_row][\/et_pb_section]<\/p>\n","protected":false},"excerpt":{"rendered":"<p>Privacy policy Gem\u00e4\u00df Art. 13 der Verordnung (EU) 2016\/679 informieren wir Sie hiermit, dass Ihre von uns erfassten oder zu erfassenden personenbezogenen Daten einer den Anforderungen der Verordnung entsprechenden Verarbeitung unterliegen; das Gleiche gilt f\u00fcr die Aus\u00fcbung der Rechte als \u201eBetroffene\u201c a) Die Verarbeitung beinhaltet die folgenden Verfahren: Erfassung auf telefonische, digitale oder schriftliche Weise, [&hellip;]<\/p>\n","protected":false},"author":1,"featured_media":0,"parent":0,"menu_order":0,"comment_status":"closed","ping_status":"closed","template":"","meta":{"_acf_changed":false,"_et_pb_use_builder":"on","_et_pb_old_content":"","_et_gb_content_width":"","footnotes":""},"class_list":["post-3974","page","type-page","status-publish","hentry"],"acf":[],"_links":{"self":[{"href":"https:\/\/www.almacsrl.com\/de\/wp-json\/wp\/v2\/pages\/3974","targetHints":{"allow":["GET"]}}],"collection":[{"href":"https:\/\/www.almacsrl.com\/de\/wp-json\/wp\/v2\/pages"}],"about":[{"href":"https:\/\/www.almacsrl.com\/de\/wp-json\/wp\/v2\/types\/page"}],"author":[{"embeddable":true,"href":"https:\/\/www.almacsrl.com\/de\/wp-json\/wp\/v2\/users\/1"}],"replies":[{"embeddable":true,"href":"https:\/\/www.almacsrl.com\/de\/wp-json\/wp\/v2\/comments?post=3974"}],"version-history":[{"count":4,"href":"https:\/\/www.almacsrl.com\/de\/wp-json\/wp\/v2\/pages\/3974\/revisions"}],"predecessor-version":[{"id":5853,"href":"https:\/\/www.almacsrl.com\/de\/wp-json\/wp\/v2\/pages\/3974\/revisions\/5853"}],"wp:attachment":[{"href":"https:\/\/www.almacsrl.com\/de\/wp-json\/wp\/v2\/media?parent=3974"}],"curies":[{"name":"wp","href":"https:\/\/api.w.org\/{rel}","templated":true}]}}