{"id":3291,"date":"2018-02-27T10:40:18","date_gmt":"2018-02-27T09:40:18","guid":{"rendered":"http:\/\/www.almacsrl.com\/macchine-formatrici-formaggio-clippato\/"},"modified":"2018-07-05T17:43:10","modified_gmt":"2018-07-05T15:43:10","slug":"macchine-formatrici-formaggio-clippato","status":"publish","type":"page","link":"https:\/\/www.almacsrl.com\/de\/macchine-formatrici-formaggio-clippato\/","title":{"rendered":"Macchine Formatrici per formaggio clippato"},"content":{"rendered":"<p>[et_pb_section bb_built=&#8220;1&#8243; fullwidth=&#8220;off&#8220; specialty=&#8220;off&#8220; _builder_version=&#8220;3.0.94&#8243; module_class=&#8220;template-pagina-head template-small&#8220;][et_pb_row background_position=&#8220;top_left&#8220; background_repeat=&#8220;repeat&#8220; background_size=&#8220;initial&#8220;][et_pb_column type=&#8220;4_4&#8243;][et_pb_text admin_label=&#8220;Titolo pagina&#8220; _builder_version=&#8220;3.0.94&#8243; background_layout=&#8220;light&#8220; text_orientation=&#8220;center&#8220; max_width_last_edited=&#8220;off|desktop&#8220; module_alignment=&#8220;center&#8220; header_font_size=&#8220;60px&#8220; header_font_size_tablet=&#8220;40px&#8220; header_font_size_phone=&#8220;30px&#8220; header_font_size_last_edited=&#8220;on|desktop&#8220; custom_margin=&#8220;||0px|&#8220; custom_margin_last_edited=&#8220;on|&#8220; custom_padding=&#8220;||0px|&#8220; custom_padding_last_edited=&#8220;on|&#8220;]<\/p>\n<h1>Formmaschinen f\u00fcr die Herstellung von eingeklemmtem K\u00e4se<\/h1>\n<p>[\/et_pb_text][et_pb_text admin_label=&#8220;testo PAGINA&#8220; _builder_version=&#8220;3.0.94&#8243; background_layout=&#8220;light&#8220; text_orientation=&#8220;center&#8220; max_width=&#8220;70%&#8220; max_width_tablet=&#8220;100%&#8220; max_width_last_edited=&#8220;on|desktop&#8220; module_alignment=&#8220;center&#8220; header_font_size=&#8220;60px&#8220; header_font_size_tablet=&#8220;50px&#8220; header_font_size_phone=&#8220;30px&#8220; header_font_size_last_edited=&#8220;on|desktop&#8220;]<\/p>\n<p>Almac, f\u00fchrendes Unternehmen in der Planung und Herstellung von Maschinen, Anlagen und Automationen f\u00fcr die Industrie der K\u00e4sesorten mit &#8222;Pasta Filata&#8220; ist (z.B. Mozzarella und Provolone) ein bevorzugter Partner f\u00fcr die wichtigsten italienischen und ausl\u00e4ndischen Lebensmittelkonzerne.<\/p>\n<p>[\/et_pb_text][\/et_pb_column][\/et_pb_row][\/et_pb_section][et_pb_section bb_built=&#8220;1&#8243; fullwidth=&#8220;off&#8220; specialty=&#8220;off&#8220; _builder_version=&#8220;3.0.94&#8243; module_class=&#8220;template-prodotti-lista&#8220;][et_pb_row _builder_version=&#8220;3.0.94&#8243; make_fullwidth=&#8220;on&#8220; use_custom_gutter=&#8220;on&#8220; gutter_width=&#8220;1&#8243;][et_pb_column type=&#8220;4_4&#8243;][et_pb_portfolio_almac_prodotti admin_label=&#8220;Almac Prodotti Formatrici&#8220; _builder_version=&#8220;3.0.94&#8243; posts_number=&#8220;100&#8243; show_title=&#8220;on&#8220; show_categories=&#8220;off&#8220; show_pagination=&#8220;off&#8220; fullwidth=&#8220;on&#8220; background_layout=&#8220;dark&#8220; title_font_size_tablet=&#8220;51&#8243; title_line_height_tablet=&#8220;2&#8243; caption_font_size_tablet=&#8220;51&#8243; caption_line_height_tablet=&#8220;2&#8243; pagination_font_size_tablet=&#8220;51&#8243; pagination_line_height_tablet=&#8220;2&#8243; include_categories=&#8220;37&#8243; \/][\/et_pb_column][\/et_pb_row][\/et_pb_section]<\/p>\n","protected":false},"excerpt":{"rendered":"<p>Formmaschinen f\u00fcr die Herstellung von eingeklemmtem K\u00e4se Almac, f\u00fchrendes Unternehmen in der Planung und Herstellung von Maschinen, Anlagen und Automationen f\u00fcr die Industrie der K\u00e4sesorten mit &#8222;Pasta Filata&#8220; ist (z.B. Mozzarella und Provolone) ein bevorzugter Partner f\u00fcr die wichtigsten italienischen und ausl\u00e4ndischen Lebensmittelkonzerne.<\/p>\n","protected":false},"author":1,"featured_media":0,"parent":0,"menu_order":0,"comment_status":"closed","ping_status":"closed","template":"","meta":{"_acf_changed":false,"_et_pb_use_builder":"on","_et_pb_old_content":"<p>This is an example page. It's different from a blog post because it will stay in one place and will show up in your site navigation (in most themes). Most people start with an About page that introduces them to potential site visitors. It might say something like this:<\/p><blockquote><p>Hi there! I'm a bike messenger by day, aspiring actor by night, and this is my website. I live in Los Angeles, have a great dog named Jack, and I like pi\u00f1a coladas. (And gettin' caught in the rain.)<\/p><\/blockquote><p>...or something like this:<\/p><blockquote><p>The XYZ Doohickey Company was founded in 1971, and has been providing quality doohickeys to the public ever since. Located in Gotham City, XYZ employs over 2,000 people and does all kinds of awesome things for the Gotham community.<\/p><\/blockquote><p>As a new WordPress user, you should go to <a href=\"http:\/\/www.almacsrl.com\/wp-admin\/\">your dashboard<\/a> to delete this page and create new pages for your content. Have fun!<\/p>","_et_gb_content_width":"","footnotes":""},"class_list":["post-3291","page","type-page","status-publish","hentry"],"acf":[],"_links":{"self":[{"href":"https:\/\/www.almacsrl.com\/de\/wp-json\/wp\/v2\/pages\/3291","targetHints":{"allow":["GET"]}}],"collection":[{"href":"https:\/\/www.almacsrl.com\/de\/wp-json\/wp\/v2\/pages"}],"about":[{"href":"https:\/\/www.almacsrl.com\/de\/wp-json\/wp\/v2\/types\/page"}],"author":[{"embeddable":true,"href":"https:\/\/www.almacsrl.com\/de\/wp-json\/wp\/v2\/users\/1"}],"replies":[{"embeddable":true,"href":"https:\/\/www.almacsrl.com\/de\/wp-json\/wp\/v2\/comments?post=3291"}],"version-history":[{"count":2,"href":"https:\/\/www.almacsrl.com\/de\/wp-json\/wp\/v2\/pages\/3291\/revisions"}],"predecessor-version":[{"id":3905,"href":"https:\/\/www.almacsrl.com\/de\/wp-json\/wp\/v2\/pages\/3291\/revisions\/3905"}],"wp:attachment":[{"href":"https:\/\/www.almacsrl.com\/de\/wp-json\/wp\/v2\/media?parent=3291"}],"curies":[{"name":"wp","href":"https:\/\/api.w.org\/{rel}","templated":true}]}}