{"id":3280,"date":"2018-01-16T09:58:42","date_gmt":"2018-01-16T08:58:42","guid":{"rendered":"http:\/\/www.almacsrl.com\/macchine\/"},"modified":"2018-07-05T16:54:21","modified_gmt":"2018-07-05T14:54:21","slug":"macchine","status":"publish","type":"page","link":"https:\/\/www.almacsrl.com\/de\/macchine\/","title":{"rendered":"Macchine"},"content":{"rendered":"<p>[et_pb_section bb_built=&#8220;1&#8243; fullwidth=&#8220;off&#8220; specialty=&#8220;off&#8220; _builder_version=&#8220;3.0.94&#8243; module_class=&#8220;template-pagina-head template-small&#8220;][et_pb_row background_position=&#8220;top_left&#8220; background_repeat=&#8220;repeat&#8220; background_size=&#8220;initial&#8220;][et_pb_column type=&#8220;4_4&#8243;][et_pb_text admin_label=&#8220;Titolo pagina&#8220; _builder_version=&#8220;3.0.94&#8243; background_layout=&#8220;light&#8220; text_orientation=&#8220;center&#8220; max_width_last_edited=&#8220;off|desktop&#8220; module_alignment=&#8220;center&#8220; header_font_size=&#8220;60px&#8220; header_font_size_tablet=&#8220;40px&#8220; header_font_size_phone=&#8220;30px&#8220; header_font_size_last_edited=&#8220;on|desktop&#8220; custom_margin=&#8220;||0px|&#8220; custom_margin_last_edited=&#8220;on|&#8220; custom_padding=&#8220;||0px|&#8220; custom_padding_last_edited=&#8220;on|&#8220;]<\/p>\n<h1>Maschinen, Anlagen, Automatisierungen f\u00fcr die K\u00e4seindustrie<\/h1>\n<p>[\/et_pb_text][et_pb_text admin_label=&#8220;testo PAGINA&#8220; _builder_version=&#8220;3.0.94&#8243; background_layout=&#8220;light&#8220; text_orientation=&#8220;center&#8220; max_width=&#8220;70%&#8220; max_width_tablet=&#8220;100%&#8220; max_width_last_edited=&#8220;on|desktop&#8220; module_alignment=&#8220;center&#8220; header_font_size=&#8220;60px&#8220; header_font_size_tablet=&#8220;50px&#8220; header_font_size_phone=&#8220;30px&#8220; header_font_size_last_edited=&#8220;on|desktop&#8220;]<\/p>\n<p>Almac, f\u00fchrendes Unternehmen in der Planung und Herstellung von Maschinen, Anlagen und Automationen f\u00fcr die Industrie der K\u00e4sesorten mit &#8222;Pasta Filata&#8220; ist (z.B. Mozzarella und Provolone) ein bevorzugter Partner f\u00fcr die wichtigsten italienischen und ausl\u00e4ndischen Lebensmittelkonzerne.<\/p>\n<p>[\/et_pb_text][\/et_pb_column][\/et_pb_row][\/et_pb_section][et_pb_section bb_built=&#8220;1&#8243; fullwidth=&#8220;off&#8220; specialty=&#8220;off&#8220; _builder_version=&#8220;3.0.94&#8243; module_class=&#8220;template-lista-categorie&#8220;][et_pb_row _builder_version=&#8220;3.0.94&#8243; make_fullwidth=&#8220;on&#8220; use_custom_gutter=&#8220;on&#8220; gutter_width=&#8220;1&#8243;][et_pb_column type=&#8220;1_4&#8243;][et_pb_blurb admin_label=&#8220;Blur \/drenaggio-maturazione-cagliata\/&#8220; _builder_version=&#8220;3.0.94&#8243; title=&#8220;Systeme f\u00fcr die Bruchentw\u00e4sserung und -reifung&#8220; url=&#8220;\/de\/drenaggio-maturazione-cagliata\/&#8220; url_new_window=&#8220;off&#8220; use_icon=&#8220;off&#8220; image=&#8220;https:\/\/www.almacsrl.com\/wp-content\/uploads\/2018\/01\/1-1-accumulo-di-cagliata-PNG-1.png&#8220; use_circle=&#8220;off&#8220; use_circle_border=&#8220;off&#8220; icon_placement=&#8220;top&#8220; use_icon_font_size=&#8220;off&#8220; background_layout=&#8220;dark&#8220; animation=&#8220;off&#8220; module_class=&#8220;lista-categorie&#8220; saved_tabs=&#8220;all&#8220; global_module=&#8220;3841&#8243; \/][\/et_pb_column][et_pb_column type=&#8220;1_4&#8243;][et_pb_blurb admin_label=&#8220;Blur \/caricatore-e-tagliapasta\/&#8220; _builder_version=&#8220;3.0.94&#8243; title=&#8220;Lader und Teigschneider&#8220; url=&#8220;\/de\/caricatore-e-tagliapasta\/&#8220; url_new_window=&#8220;off&#8220; use_icon=&#8220;off&#8220; image=&#8220;https:\/\/www.almacsrl.com\/wp-content\/uploads\/2018\/01\/2-1-TD2-T26-PNG.jpg&#8220; use_circle=&#8220;off&#8220; use_circle_border=&#8220;off&#8220; icon_placement=&#8220;top&#8220; use_icon_font_size=&#8220;off&#8220; background_layout=&#8220;dark&#8220; animation=&#8220;off&#8220; module_class=&#8220;lista-categorie&#8220; saved_tabs=&#8220;all&#8220; global_module=&#8220;3843&#8243; \/][\/et_pb_column][et_pb_column type=&#8220;1_4&#8243;][et_pb_blurb admin_label=&#8220;Blur \/macchine-filatrici\/&#8220; _builder_version=&#8220;3.0.94&#8243; title=&#8220;Knet- und Ziehmaschinen&#8220; url=&#8220;\/de\/macchine-filatrici\/&#8220; url_new_window=&#8220;off&#8220; use_icon=&#8220;off&#8220; image=&#8220;https:\/\/www.almacsrl.com\/wp-content\/uploads\/2018\/01\/3-5-FT-15DT-small.png&#8220; use_circle=&#8220;off&#8220; use_circle_border=&#8220;off&#8220; icon_placement=&#8220;top&#8220; use_icon_font_size=&#8220;off&#8220; background_layout=&#8220;dark&#8220; animation=&#8220;off&#8220; module_class=&#8220;lista-categorie&#8220; saved_tabs=&#8220;all&#8220; global_module=&#8220;3877&#8243; \/][\/et_pb_column][et_pb_column type=&#8220;1_4&#8243;][et_pb_blurb admin_label=&#8220;Blur\/filatrice-vapore\/&#8220; _builder_version=&#8220;3.0.94&#8243; title=&#8220;Dampfknet- und -ziehmaschinen&#8220; url=&#8220;\/de\/filatrice-vapore\/&#8220; url_new_window=&#8220;off&#8220; use_icon=&#8220;off&#8220; image=&#8220;https:\/\/www.almacsrl.com\/wp-content\/uploads\/2018\/01\/9-8-FV-4000-small.png&#8220; use_circle=&#8220;off&#8220; use_circle_border=&#8220;off&#8220; icon_placement=&#8220;top&#8220; use_icon_font_size=&#8220;off&#8220; background_layout=&#8220;dark&#8220; animation=&#8220;off&#8220; module_class=&#8220;lista-categorie&#8220; saved_tabs=&#8220;all&#8220; global_module=&#8220;3878&#8243; \/][\/et_pb_column][\/et_pb_row][et_pb_row _builder_version=&#8220;3.0.94&#8243; make_fullwidth=&#8220;on&#8220; use_custom_gutter=&#8220;on&#8220; gutter_width=&#8220;1&#8243;][et_pb_column type=&#8220;1_4&#8243;][et_pb_blurb admin_label=&#8220;Blur \/macchine-formatrici\/&#8220; _builder_version=&#8220;3.0.94&#8243; title=&#8220;Formmaschinen&#8220; url=&#8220;\/de\/macchine-formatrici\/&#8220; url_new_window=&#8220;off&#8220; use_icon=&#8220;off&#8220; image=&#8220;https:\/\/www.almacsrl.com\/wp-content\/uploads\/2018\/01\/4-3-FS-200N-small.png&#8220; use_circle=&#8220;off&#8220; use_circle_border=&#8220;off&#8220; icon_placement=&#8220;top&#8220; use_icon_font_size=&#8220;off&#8220; background_layout=&#8220;dark&#8220; animation=&#8220;off&#8220; module_class=&#8220;lista-categorie&#8220; saved_tabs=&#8220;all&#8220; global_module=&#8220;3879&#8243; \/][\/et_pb_column][et_pb_column type=&#8220;1_4&#8243;][et_pb_blurb admin_label=&#8220;Blur \/formatrici-caciocavallo-provole\/&#8220; _builder_version=&#8220;3.0.94&#8243; title=&#8220;Moulders caciocavallo, provola, silani cheeses production &#8220; url=&#8220;\/de\/formatrici-caciocavallo-provole\/&#8220; url_new_window=&#8220;off&#8220; use_icon=&#8220;off&#8220; image=&#8220;https:\/\/www.almacsrl.com\/wp-content\/uploads\/2018\/01\/12-1-FPB-small.png&#8220; use_circle=&#8220;off&#8220; use_circle_border=&#8220;off&#8220; icon_placement=&#8220;top&#8220; use_icon_font_size=&#8220;off&#8220; background_layout=&#8220;dark&#8220; animation=&#8220;off&#8220; module_class=&#8220;lista-categorie&#8220; saved_tabs=&#8220;all&#8220; global_module=&#8220;3872&#8243; \/][\/et_pb_column][et_pb_column type=&#8220;1_4&#8243;][et_pb_blurb admin_label=&#8220;Blur \/macchine-estrusori\/&#8220; _builder_version=&#8220;3.0.94&#8243; title=&#8220;Extruder&#8220; url=&#8220;\/de\/macchine-estrusori\/&#8220; url_new_window=&#8220;off&#8220; use_icon=&#8220;off&#8220; image=&#8220;https:\/\/www.almacsrl.com\/wp-content\/uploads\/2018\/01\/10-2-EM-5000-small.png&#8220; use_circle=&#8220;off&#8220; use_circle_border=&#8220;off&#8220; icon_placement=&#8220;top&#8220; use_icon_font_size=&#8220;off&#8220; background_layout=&#8220;dark&#8220; animation=&#8220;off&#8220; module_class=&#8220;lista-categorie&#8220; saved_tabs=&#8220;all&#8220; global_module=&#8220;3880&#8243; \/][\/et_pb_column][et_pb_column type=&#8220;1_4&#8243;][et_pb_blurb admin_label=&#8220;Blur \/macchine-estrusori-convogliatori\/&#8220; _builder_version=&#8220;3.0.94&#8243; title=&#8220;Extruder und F\u00f6rderer&#8220; url=&#8220;\/de\/macchine-estrusori-convogliatori\/&#8220; url_new_window=&#8220;off&#8220; use_icon=&#8220;off&#8220; image=&#8220;https:\/\/www.almacsrl.com\/wp-content\/uploads\/2018\/01\/11-3-EM-5000-T-600-small.png&#8220; use_circle=&#8220;off&#8220; use_circle_border=&#8220;off&#8220; icon_placement=&#8220;top&#8220; use_icon_font_size=&#8220;off&#8220; background_layout=&#8220;dark&#8220; animation=&#8220;off&#8220; module_class=&#8220;lista-categorie&#8220; saved_tabs=&#8220;all&#8220; global_module=&#8220;3850&#8243; \/][\/et_pb_column][\/et_pb_row][et_pb_row _builder_version=&#8220;3.0.94&#8243; make_fullwidth=&#8220;on&#8220; use_custom_gutter=&#8220;on&#8220; gutter_width=&#8220;1&#8243;][et_pb_column type=&#8220;1_4&#8243;][et_pb_blurb admin_label=&#8220;Blur \/macchine-gruppi-compatti-filatura-formatura\/&#8220; _builder_version=&#8220;3.0.94&#8243; title=&#8220;Kompakte Knet- und Ziehgruppen und Formgruppen&#8220; url=&#8220;\/de\/macchine-gruppi-compatti-filatura-formatura\/&#8220; url_new_window=&#8220;off&#8220; use_icon=&#8220;off&#8220; image=&#8220;https:\/\/www.almacsrl.com\/wp-content\/uploads\/2018\/01\/5-2-FS-FFC-1500-small.png&#8220; use_circle=&#8220;off&#8220; use_circle_border=&#8220;off&#8220; icon_placement=&#8220;top&#8220; use_icon_font_size=&#8220;off&#8220; background_layout=&#8220;dark&#8220; animation=&#8220;off&#8220; module_class=&#8220;lista-categorie&#8220; saved_tabs=&#8220;all&#8220; global_module=&#8220;3881&#8243; \/][\/et_pb_column][et_pb_column type=&#8220;1_4&#8243;][et_pb_blurb admin_label=&#8220;Blur \/macchine-gruppo-rassodamento\/&#8220; _builder_version=&#8220;3.0.94&#8243; title=&#8220;Festigungsgruppe&#8220; url=&#8220;\/de\/macchine-gruppo-rassodamento\/&#8220; url_new_window=&#8220;off&#8220; use_icon=&#8220;off&#8220; image=&#8220;https:\/\/www.almacsrl.com\/wp-content\/uploads\/2018\/01\/6-2-GRDP-small.png&#8220; use_circle=&#8220;off&#8220; use_circle_border=&#8220;off&#8220; icon_placement=&#8220;top&#8220; use_icon_font_size=&#8220;off&#8220; background_layout=&#8220;dark&#8220; animation=&#8220;off&#8220; module_class=&#8220;lista-categorie&#8220; saved_tabs=&#8220;all&#8220; global_module=&#8220;3796&#8243; \/][\/et_pb_column][et_pb_column type=&#8220;1_4&#8243;][et_pb_blurb admin_label=&#8220;Blur \/macchine-gruppo-salamoia\/&#8220; _builder_version=&#8220;3.0.94&#8243; title=&#8220;Salzlakegruppe&#8220; url=&#8220;\/de\/macchine-gruppo-salamoia\/&#8220; url_new_window=&#8220;off&#8220; use_icon=&#8220;off&#8220; image=&#8220;https:\/\/www.almacsrl.com\/wp-content\/uploads\/2018\/01\/7-1-gruppo-salamoia-small.png&#8220; use_circle=&#8220;off&#8220; use_circle_border=&#8220;off&#8220; icon_placement=&#8220;top&#8220; use_icon_font_size=&#8220;off&#8220; background_layout=&#8220;dark&#8220; animation=&#8220;off&#8220; module_class=&#8220;lista-categorie&#8220; saved_tabs=&#8220;all&#8220; global_module=&#8220;3874&#8243; \/][\/et_pb_column][et_pb_column type=&#8220;1_4&#8243;][et_pb_blurb admin_label=&#8220;Blur \/macchine-caricatore-confezionatrice\/&#8220; _builder_version=&#8220;3.0.94&#8243; title=&#8220;Lader f\u00fcr Verpackungsmaschine&#8220; url=&#8220;\/de\/macchine-caricatore-confezionatrice\/&#8220; url_new_window=&#8220;off&#8220; use_icon=&#8220;off&#8220; image=&#8220;https:\/\/www.almacsrl.com\/wp-content\/uploads\/2018\/01\/8-1-caricatore-mozzarelle-small.png&#8220; use_circle=&#8220;off&#8220; use_circle_border=&#8220;off&#8220; icon_placement=&#8220;top&#8220; use_icon_font_size=&#8220;off&#8220; background_layout=&#8220;dark&#8220; animation=&#8220;off&#8220; module_class=&#8220;lista-categorie&#8220; saved_tabs=&#8220;all&#8220; global_module=&#8220;3882&#8243; \/][\/et_pb_column][\/et_pb_row][\/et_pb_section][et_pb_section bb_built=&#8220;1&#8243; admin_label=&#8220;BANNER (DEU2) Applicazione e macchine speciali&#8220; fullwidth=&#8220;off&#8220; specialty=&#8220;off&#8220; _builder_version=&#8220;3.0.94&#8243; module_class=&#8220;template-banner template-banner-sx&#8220; background_color=&#8220;#f6f6f6&#8243;][et_pb_row background_position=&#8220;top_left&#8220; background_repeat=&#8220;repeat&#8220; background_size=&#8220;initial&#8220;][et_pb_column type=&#8220;4_4&#8243;][et_pb_text admin_label=&#8220;Categoria&#8220; _builder_version=&#8220;3.0.94&#8243; background_layout=&#8220;light&#8220; module_class=&#8220;meta-categoria&#8220;]<\/p>\n<p>FORSCHUNG UND TECHNOLOGIE<\/p>\n<p>[\/et_pb_text][et_pb_blurb admin_label=&#8220;BANNER Applicazione e macchine speciali&#8220; _builder_version=&#8220;3.0.94&#8243; url=&#8220;\/macchine-speciali\/&#8220; url_new_window=&#8220;off&#8220; use_icon=&#8220;off&#8220; font_icon=&#8220;%%3%%&#8220; image=&#8220;https:\/\/www.almacsrl.com\/wp-content\/uploads\/2018\/01\/Image-4.png&#8220; use_circle=&#8220;off&#8220; use_circle_border=&#8220;off&#8220; icon_placement=&#8220;left&#8220; use_icon_font_size=&#8220;off&#8220; background_layout=&#8220;light&#8220; header_level=&#8220;h1&#8243; content_max_width=&#8220;1100px&#8220; content_max_width_last_edited=&#8220;on|desktop&#8220; animation=&#8220;off&#8220; header_font=&#8220;|700|||||||&#8220; body_font_size=&#8220;16&#8243; body_font_size_tablet=&#8220;14&#8243; body_font_size_last_edited=&#8220;on|desktop&#8220; body_line_height=&#8220;1.5em&#8220; title=&#8220;Anwendungen und Spezialmaschinen&#8220;]<\/p>\n<p>Almac hat aufgrund ihrer langj\u00e4hrigen Erfahrung in dieser Branche die Palette der herzustellenden Produkte mit den innovativsten Technologien erweitert, wobei traditionelle Verfahren automatisiert und verbessert werden, von der Herstellung des t\u00fcrkischen Kasars bis hin zur Produktion des typischen Queso di Mano&#8230;<\/p>\n<p>[\/et_pb_blurb][et_pb_button admin_label=&#8220;Pulsante MACCHINE SPECIALI&#8220; _builder_version=&#8220;3.0.94&#8243; button_text=&#8220;MEHR ENTDECKEN &#8220; button_url=&#8220;\/de\/macchine-speciali\/&#8220; url_new_window=&#8220;off&#8220; background_layout=&#8220;light&#8220; custom_button=&#8220;off&#8220; button_icon_placement=&#8220;right&#8220; \/][\/et_pb_column][\/et_pb_row][\/et_pb_section]<\/p>\n","protected":false},"excerpt":{"rendered":"<p>Maschinen, Anlagen, Automatisierungen f\u00fcr die K\u00e4seindustrie Almac, f\u00fchrendes Unternehmen in der Planung und Herstellung von Maschinen, Anlagen und Automationen f\u00fcr die Industrie der K\u00e4sesorten mit &#8222;Pasta Filata&#8220; ist (z.B. Mozzarella und Provolone) ein bevorzugter Partner f\u00fcr die wichtigsten italienischen und ausl\u00e4ndischen Lebensmittelkonzerne. FORSCHUNG UND TECHNOLOGIE Almac hat aufgrund ihrer langj\u00e4hrigen Erfahrung in dieser Branche die [&hellip;]<\/p>\n","protected":false},"author":1,"featured_media":0,"parent":0,"menu_order":0,"comment_status":"closed","ping_status":"closed","template":"","meta":{"_acf_changed":false,"_et_pb_use_builder":"on","_et_pb_old_content":"<p>This is an example page. It's different from a blog post because it will stay in one place and will show up in your site navigation (in most themes). Most people start with an About page that introduces them to potential site visitors. It might say something like this:<\/p><blockquote><p>Hi there! I'm a bike messenger by day, aspiring actor by night, and this is my website. I live in Los Angeles, have a great dog named Jack, and I like pi\u00f1a coladas. (And gettin' caught in the rain.)<\/p><\/blockquote><p>...or something like this:<\/p><blockquote><p>The XYZ Doohickey Company was founded in 1971, and has been providing quality doohickeys to the public ever since. Located in Gotham City, XYZ employs over 2,000 people and does all kinds of awesome things for the Gotham community.<\/p><\/blockquote><p>As a new WordPress user, you should go to <a href=\"http:\/\/www.almacsrl.com\/wp-admin\/\">your dashboard<\/a> to delete this page and create new pages for your content. Have fun!<\/p>","_et_gb_content_width":"","footnotes":""},"class_list":["post-3280","page","type-page","status-publish","hentry"],"acf":[],"_links":{"self":[{"href":"https:\/\/www.almacsrl.com\/de\/wp-json\/wp\/v2\/pages\/3280","targetHints":{"allow":["GET"]}}],"collection":[{"href":"https:\/\/www.almacsrl.com\/de\/wp-json\/wp\/v2\/pages"}],"about":[{"href":"https:\/\/www.almacsrl.com\/de\/wp-json\/wp\/v2\/types\/page"}],"author":[{"embeddable":true,"href":"https:\/\/www.almacsrl.com\/de\/wp-json\/wp\/v2\/users\/1"}],"replies":[{"embeddable":true,"href":"https:\/\/www.almacsrl.com\/de\/wp-json\/wp\/v2\/comments?post=3280"}],"version-history":[{"count":2,"href":"https:\/\/www.almacsrl.com\/de\/wp-json\/wp\/v2\/pages\/3280\/revisions"}],"predecessor-version":[{"id":3883,"href":"https:\/\/www.almacsrl.com\/de\/wp-json\/wp\/v2\/pages\/3280\/revisions\/3883"}],"wp:attachment":[{"href":"https:\/\/www.almacsrl.com\/de\/wp-json\/wp\/v2\/media?parent=3280"}],"curies":[{"name":"wp","href":"https:\/\/api.w.org\/{rel}","templated":true}]}}