{"id":3274,"date":"2018-01-16T16:48:42","date_gmt":"2018-01-16T15:48:42","guid":{"rendered":"http:\/\/www.almacsrl.com\/impianti-produzione-formaggio-clippato\/"},"modified":"2018-07-02T11:09:42","modified_gmt":"2018-07-02T09:09:42","slug":"impianti-produzione-formaggio-clippato","status":"publish","type":"page","link":"https:\/\/www.almacsrl.com\/de\/impianti-produzione-formaggio-clippato\/","title":{"rendered":"Impianti Produzione di formaggio clippato"},"content":{"rendered":"<p>[et_pb_section bb_built=&#8220;1&#8243; fullwidth=&#8220;off&#8220; specialty=&#8220;off&#8220; _builder_version=&#8220;3.0.94&#8243; module_class=&#8220;template-pagina-head template-small&#8220;][et_pb_row background_position=&#8220;top_left&#8220; background_repeat=&#8220;repeat&#8220; background_size=&#8220;initial&#8220;][et_pb_column type=&#8220;4_4&#8243;][et_pb_text admin_label=&#8220;Titolo pagina&#8220; _builder_version=&#8220;3.0.94&#8243; background_layout=&#8220;light&#8220; text_orientation=&#8220;center&#8220; max_width_last_edited=&#8220;off|desktop&#8220; module_alignment=&#8220;center&#8220; header_font_size_last_edited=&#8220;off|desktop&#8220; custom_margin=&#8220;||0px|&#8220; custom_margin_last_edited=&#8220;on|&#8220; custom_padding=&#8220;||0px|&#8220; custom_padding_last_edited=&#8220;on|&#8220;]<\/p>\n<h1>Produktion von schnittk\u00e4se.<\/h1>\n<p>[\/et_pb_text][et_pb_text admin_label=&#8220;testo PAGINA&#8220; _builder_version=&#8220;3.0.94&#8243; background_layout=&#8220;light&#8220; text_orientation=&#8220;center&#8220; max_width=&#8220;70%&#8220; max_width_tablet=&#8220;100%&#8220; max_width_last_edited=&#8220;on|desktop&#8220; module_alignment=&#8220;center&#8220; header_font_size_last_edited=&#8220;off|desktop&#8220;]<\/p>\n<p>F\u00fcr<strong> Schmelzk\u00e4se und Pasta Filata<\/strong>, erzielt durch die Technik des Dampfknetens und -ziehens. Diese Produkte k\u00f6nnen mit einer unserer Maschinen geschnitten oder geformt werden<\/p>\n<p>[\/et_pb_text][\/et_pb_column][\/et_pb_row][\/et_pb_section][et_pb_section bb_built=&#8220;1&#8243; fullwidth=&#8220;off&#8220; specialty=&#8220;off&#8220; _builder_version=&#8220;3.0.94&#8243; module_class=&#8220;template-lista-categorie&#8220; disabled=&#8220;off&#8220; disabled_on=&#8220;off|off|off&#8220;][et_pb_row _builder_version=&#8220;3.0.94&#8243; make_fullwidth=&#8220;on&#8220; use_custom_gutter=&#8220;on&#8220; gutter_width=&#8220;1&#8243;][et_pb_column type=&#8220;1_4&#8243;][et_pb_blurb admin_label=&#8220;Blur\/filatrice-vapore\/&#8220; _builder_version=&#8220;3.0.94&#8243; title=&#8220;Knet- und Ziehmaschinen&#8220; url=&#8220;\/de\/filatrice-vapore\/&#8220; url_new_window=&#8220;off&#8220; use_icon=&#8220;off&#8220; image=&#8220;https:\/\/www.almacsrl.com\/wp-content\/uploads\/2018\/01\/9-8-FV-4000-small.png&#8220; use_circle=&#8220;off&#8220; use_circle_border=&#8220;off&#8220; icon_placement=&#8220;top&#8220; use_icon_font_size=&#8220;off&#8220; background_layout=&#8220;dark&#8220; animation=&#8220;off&#8220; module_class=&#8220;lista-categorie&#8220; saved_tabs=&#8220;all&#8220; global_module=&#8220;3792&#8243; \/][\/et_pb_column][et_pb_column type=&#8220;1_4&#8243;][et_pb_blurb admin_label=&#8220;Blur \/macchine-estrusori\/&#8220; _builder_version=&#8220;3.0.94&#8243; title=&#8220;Extruder&#8220; url=&#8220;\/de\/macchine-estrusori\/&#8220; url_new_window=&#8220;off&#8220; use_icon=&#8220;off&#8220; image=&#8220;https:\/\/www.almacsrl.com\/wp-content\/uploads\/2018\/01\/10-2-EM-5000-small.png&#8220; use_circle=&#8220;off&#8220; use_circle_border=&#8220;off&#8220; icon_placement=&#8220;top&#8220; use_icon_font_size=&#8220;off&#8220; background_layout=&#8220;dark&#8220; animation=&#8220;off&#8220; module_class=&#8220;lista-categorie&#8220; saved_tabs=&#8220;all&#8220; global_module=&#8220;3794&#8243; \/][\/et_pb_column][et_pb_column type=&#8220;1_4&#8243;][et_pb_blurb admin_label=&#8220;Blur \/macchine-estrusori-convogliatori\/&#8220; _builder_version=&#8220;3.0.94&#8243; title=&#8220;Extruder und F\u00f6rderer&#8220; url=&#8220;\/de\/macchine-estrusori-convogliatori\/&#8220; url_new_window=&#8220;off&#8220; use_icon=&#8220;off&#8220; image=&#8220;https:\/\/www.almacsrl.com\/wp-content\/uploads\/2018\/01\/11-3-EM-5000-T-600-small.png&#8220; use_circle=&#8220;off&#8220; use_circle_border=&#8220;off&#8220; icon_placement=&#8220;top&#8220; use_icon_font_size=&#8220;off&#8220; background_layout=&#8220;dark&#8220; animation=&#8220;off&#8220; module_class=&#8220;lista-categorie&#8220; saved_tabs=&#8220;all&#8220; global_module=&#8220;3795&#8243; \/][\/et_pb_column][et_pb_column type=&#8220;1_4&#8243;][et_pb_blurb admin_label=&#8220;Blur \/macchine-gruppo-rassodamento\/&#8220; _builder_version=&#8220;3.0.94&#8243; title=&#8220;Festigungsgruppe&#8220; url=&#8220;\/de\/macchine-gruppo-rassodamento\/&#8220; url_new_window=&#8220;off&#8220; use_icon=&#8220;off&#8220; image=&#8220;https:\/\/www.almacsrl.com\/wp-content\/uploads\/2018\/01\/6-2-GRDP-small.png&#8220; use_circle=&#8220;off&#8220; use_circle_border=&#8220;off&#8220; icon_placement=&#8220;top&#8220; use_icon_font_size=&#8220;off&#8220; background_layout=&#8220;dark&#8220; animation=&#8220;off&#8220; module_class=&#8220;lista-categorie&#8220; saved_tabs=&#8220;all&#8220; global_module=&#8220;3796&#8243; \/][\/et_pb_column][\/et_pb_row][et_pb_row _builder_version=&#8220;3.0.94&#8243; make_fullwidth=&#8220;on&#8220; use_custom_gutter=&#8220;on&#8220; gutter_width=&#8220;1&#8243;][et_pb_column type=&#8220;1_4&#8243;][et_pb_blurb admin_label=&#8220;Blur\/formatrici\/&#8220; _builder_version=&#8220;3.0.94&#8243; title=&#8220;Formmaschinen&#8220; url=&#8220;\/de\/macchine-formatrici-formaggio-clippato&#8220; url_new_window=&#8220;off&#8220; use_icon=&#8220;off&#8220; image=&#8220;https:\/\/www.almacsrl.com\/wp-content\/uploads\/2018\/02\/4-4-FP-21-small.png&#8220; use_circle=&#8220;off&#8220; use_circle_border=&#8220;off&#8220; icon_placement=&#8220;top&#8220; use_icon_font_size=&#8220;off&#8220; background_layout=&#8220;dark&#8220; animation=&#8220;off&#8220; module_class=&#8220;lista-categorie&#8220; saved_tabs=&#8220;all&#8220; global_module=&#8220;3793&#8243; \/][\/et_pb_column][et_pb_column type=&#8220;1_4&#8243;][\/et_pb_column][et_pb_column type=&#8220;1_4&#8243;][\/et_pb_column][et_pb_column type=&#8220;1_4&#8243;][\/et_pb_column][\/et_pb_row][\/et_pb_section][et_pb_section bb_built=&#8220;1&#8243; fullwidth=&#8220;off&#8220; specialty=&#8220;off&#8220; _builder_version=&#8220;3.0.94&#8243; module_class=&#8220;template-clienti template-clienti-banner&#8220; global_module=&#8220;3756&#8243;][et_pb_row global_parent=&#8220;3756&#8243; background_position=&#8220;top_left&#8220; background_repeat=&#8220;repeat&#8220; background_size=&#8220;initial&#8220;][et_pb_column type=&#8220;4_4&#8243;][et_pb_text admin_label=&#8220;Titolo + testo CLIENTI&#8220; global_parent=&#8220;3756&#8243; _builder_version=&#8220;3.0.94&#8243; background_layout=&#8220;light&#8220; text_orientation=&#8220;center&#8220; max_width=&#8220;70%&#8220; max_width_tablet=&#8220;100%&#8220; max_width_last_edited=&#8220;on|desktop&#8220; module_alignment=&#8220;center&#8220;]<\/p>\n<h1>Unsere Kunden<\/h1>\n<p>Durch das Spitzenniveau, das unsere Anlagen erreichen, und die F\u00e4higkeit, einen technischen und technologischen Rundumberatungsservice anzubieten, ist Almac heute zuverl\u00e4ssiger Partner der wichtigsten Pasta Filata Hersteller auf internationaler Ebene, darunter:<\/p>\n<p>[\/et_pb_text][et_pb_text admin_label=&#8220;LISTA LOGHI CLIENTI&#8220; global_parent=&#8220;3756&#8243; _builder_version=&#8220;3.0.94&#8243; background_layout=&#8220;light&#8220; text_orientation=&#8220;center&#8220;]<\/p>\n<ul>\n<li><img decoding=\"async\" src=\"https:\/\/www.almacsrl.com\/wp-content\/uploads\/2018\/01\/Image-17.png\" \/><\/li>\n<li><img decoding=\"async\" src=\"https:\/\/www.almacsrl.com\/wp-content\/uploads\/2018\/01\/Image-18.png\" \/><\/li>\n<li><img decoding=\"async\" src=\"https:\/\/www.almacsrl.com\/wp-content\/uploads\/2018\/01\/Image-19.png\" \/><\/li>\n<li><img decoding=\"async\" src=\"https:\/\/www.almacsrl.com\/wp-content\/uploads\/2018\/01\/Image-20.png\" \/><\/li>\n<li><img decoding=\"async\" src=\"https:\/\/www.almacsrl.com\/wp-content\/uploads\/2018\/01\/Image-21.png\" \/><\/li>\n<li><img decoding=\"async\" src=\"https:\/\/www.almacsrl.com\/wp-content\/uploads\/2018\/01\/Image-22.png\" \/><\/li>\n<li><img decoding=\"async\" src=\"https:\/\/www.almacsrl.com\/wp-content\/uploads\/2018\/01\/Image-23.png\" \/><\/li>\n<li><img decoding=\"async\" src=\"https:\/\/www.almacsrl.com\/wp-content\/uploads\/2018\/01\/Image-24.png\" \/><\/li>\n<\/ul>\n<p>[\/et_pb_text][\/et_pb_column][\/et_pb_row][\/et_pb_section]<\/p>\n","protected":false},"excerpt":{"rendered":"<p>Produktion von schnittk\u00e4se. F\u00fcr Schmelzk\u00e4se und Pasta Filata, erzielt durch die Technik des Dampfknetens und -ziehens. Diese Produkte k\u00f6nnen mit einer unserer Maschinen geschnitten oder geformt werden Unsere Kunden Durch das Spitzenniveau, das unsere Anlagen erreichen, und die F\u00e4higkeit, einen technischen und technologischen Rundumberatungsservice anzubieten, ist Almac heute zuverl\u00e4ssiger Partner der wichtigsten Pasta Filata Hersteller [&hellip;]<\/p>\n","protected":false},"author":1,"featured_media":0,"parent":0,"menu_order":0,"comment_status":"closed","ping_status":"closed","template":"","meta":{"_acf_changed":false,"_et_pb_use_builder":"on","_et_pb_old_content":"<p>This is an example page. It's different from a blog post because it will stay in one place and will show up in your site navigation (in most themes). Most people start with an About page that introduces them to potential site visitors. It might say something like this:<\/p><blockquote><p>Hi there! I'm a bike messenger by day, aspiring actor by night, and this is my website. I live in Los Angeles, have a great dog named Jack, and I like pi\u00f1a coladas. (And gettin' caught in the rain.)<\/p><\/blockquote><p>...or something like this:<\/p><blockquote><p>The XYZ Doohickey Company was founded in 1971, and has been providing quality doohickeys to the public ever since. Located in Gotham City, XYZ employs over 2,000 people and does all kinds of awesome things for the Gotham community.<\/p><\/blockquote><p>As a new WordPress user, you should go to <a href=\"http:\/\/www.almacsrl.com\/wp-admin\/\">your dashboard<\/a> to delete this page and create new pages for your content. Have fun!<\/p>","_et_gb_content_width":"","footnotes":""},"class_list":["post-3274","page","type-page","status-publish","hentry"],"acf":[],"_links":{"self":[{"href":"https:\/\/www.almacsrl.com\/de\/wp-json\/wp\/v2\/pages\/3274","targetHints":{"allow":["GET"]}}],"collection":[{"href":"https:\/\/www.almacsrl.com\/de\/wp-json\/wp\/v2\/pages"}],"about":[{"href":"https:\/\/www.almacsrl.com\/de\/wp-json\/wp\/v2\/types\/page"}],"author":[{"embeddable":true,"href":"https:\/\/www.almacsrl.com\/de\/wp-json\/wp\/v2\/users\/1"}],"replies":[{"embeddable":true,"href":"https:\/\/www.almacsrl.com\/de\/wp-json\/wp\/v2\/comments?post=3274"}],"version-history":[{"count":3,"href":"https:\/\/www.almacsrl.com\/de\/wp-json\/wp\/v2\/pages\/3274\/revisions"}],"predecessor-version":[{"id":3275,"href":"https:\/\/www.almacsrl.com\/de\/wp-json\/wp\/v2\/pages\/3274\/revisions\/3275"}],"wp:attachment":[{"href":"https:\/\/www.almacsrl.com\/de\/wp-json\/wp\/v2\/media?parent=3274"}],"curies":[{"name":"wp","href":"https:\/\/api.w.org\/{rel}","templated":true}]}}