{"id":3272,"date":"2018-01-12T12:31:57","date_gmt":"2018-01-12T11:31:57","guid":{"rendered":"http:\/\/www.almacsrl.com\/impianti\/"},"modified":"2018-08-07T12:27:18","modified_gmt":"2018-08-07T10:27:18","slug":"impianti","status":"publish","type":"page","link":"https:\/\/www.almacsrl.com\/de\/impianti\/","title":{"rendered":"Impianti"},"content":{"rendered":"<p>[et_pb_section bb_built=&#8220;1&#8243; fullwidth=&#8220;off&#8220; specialty=&#8220;off&#8220; _builder_version=&#8220;3.0.94&#8243; module_class=&#8220;template-impianti&#8220;][et_pb_row _builder_version=&#8220;3.0.94&#8243; make_fullwidth=&#8220;on&#8220; use_custom_width=&#8220;on&#8220; width_unit=&#8220;off&#8220; custom_width_px=&#8220;2600px&#8220; custom_width_percent=&#8220;100%&#8220; use_custom_gutter=&#8220;on&#8220; gutter_width=&#8220;1&#8243; make_equal=&#8220;on&#8220; background_color_3=&#8220;#ffffff&#8220; background_color_4=&#8220;#f4f4f4&#8243;][et_pb_column type=&#8220;1_2&#8243;][et_pb_text admin_label=&#8220;Categoria &#8211; IMPIANTI .meta-categoria&#8220; _builder_version=&#8220;3.0.94&#8243; background_layout=&#8220;light&#8220; module_class=&#8220;meta-categoria&#8220;]<\/p>\n<p>ANLAGEN<\/p>\n<p>[\/et_pb_text][et_pb_blurb admin_label=&#8220;Blur MOZZARELLA FRESCA&#8220; _builder_version=&#8220;3.0.94&#8243; url=&#8220;\/de\/produzione-mozzarella\/&#8220; url_new_window=&#8220;off&#8220; use_icon=&#8220;off&#8220; font_icon=&#8220;%%3%%&#8220; image=&#8220;https:\/\/www.almacsrl.com\/wp-content\/uploads\/2018\/01\/mozzarella.jpg&#8220; use_circle=&#8220;off&#8220; use_circle_border=&#8220;off&#8220; icon_placement=&#8220;top&#8220; use_icon_font_size=&#8220;off&#8220; background_layout=&#8220;light&#8220; header_level=&#8220;h3&#8243; content_max_width=&#8220;1100px&#8220; content_max_width_last_edited=&#8220;on|desktop&#8220; animation=&#8220;off&#8220; header_font=&#8220;|700|||||||&#8220; body_font_size=&#8220;16&#8243; body_font_size_tablet=&#8220;14&#8243; body_font_size_last_edited=&#8220;on|desktop&#8220; body_line_height=&#8220;1.5em&#8220; title=&#8220;Produktionslinien f\u00fcr die Herstellung von frischem Mozzarella&#8220;]<\/p>\n<p>F\u00fcr frische Pasta Filata, charakterisiert durch einen hohen Feuchtigkeitsgehalt. Tipologia di prodotto: mozzarella di latte vaccino, mozzarella di bufala, treccia, nodini, scamorza.<\/p>\n<p>[\/et_pb_blurb][et_pb_button admin_label=&#8220;Pulsante MOZZARELLA FRESCA&#8220; _builder_version=&#8220;3.0.94&#8243; button_text=&#8220;x&#8220; button_url=&#8220;\/de\/produzione-mozzarella\/&#8220; url_new_window=&#8220;off&#8220; background_layout=&#8220;light&#8220; custom_button=&#8220;off&#8220; button_icon_placement=&#8220;right&#8220; \/][\/et_pb_column][et_pb_column type=&#8220;1_2&#8243;][et_pb_text admin_label=&#8220;Categoria &#8211; IMPIANTI .meta-categoria&#8220; _builder_version=&#8220;3.0.94&#8243; background_layout=&#8220;light&#8220; module_class=&#8220;meta-categoria&#8220;]<\/p>\n<p>ANLAGEN<\/p>\n<p>[\/et_pb_text][et_pb_blurb admin_label=&#8220;Blur MOZZARELLA PIZZA&#8220; _builder_version=&#8220;3.0.94&#8243; url=&#8220;\/de\/impianti-produzione-mozzarella-pizza\/&#8220; url_new_window=&#8220;off&#8220; use_icon=&#8220;off&#8220; font_icon=&#8220;%%3%%&#8220; image=&#8220;https:\/\/www.almacsrl.com\/wp-content\/uploads\/2018\/01\/mozzarella-pizza.jpg&#8220; use_circle=&#8220;off&#8220; use_circle_border=&#8220;off&#8220; icon_placement=&#8220;top&#8220; use_icon_font_size=&#8220;off&#8220; background_layout=&#8220;light&#8220; header_level=&#8220;h3&#8243; content_max_width=&#8220;1100px&#8220; content_max_width_last_edited=&#8220;on|desktop&#8220; animation=&#8220;off&#8220; header_font=&#8220;|700|||||||&#8220; body_font_size=&#8220;16&#8243; body_font_size_tablet=&#8220;14&#8243; body_font_size_last_edited=&#8220;on|desktop&#8220; body_line_height=&#8220;1.5em&#8220; title=&#8220;Produktionslinien f\u00fcr die Herstellung von Mozzarella f\u00fcr Pizza&#8220;]<\/p>\n<p>Aus Pasta Filata zum W\u00fcrzen von selbstgemachter und industrieller Pizza.<\/p>\n<p>[\/et_pb_blurb][et_pb_button admin_label=&#8220;Pulsante MOZZARELLA PIZZA&#8220; _builder_version=&#8220;3.0.94&#8243; button_text=&#8220;x&#8220; button_url=&#8220;\/de\/impianti-produzione-mozzarella-pizza\/&#8220; url_new_window=&#8220;off&#8220; background_layout=&#8220;light&#8220; custom_button=&#8220;off&#8220; button_icon_placement=&#8220;right&#8220; \/][\/et_pb_column][\/et_pb_row][\/et_pb_section][et_pb_section bb_built=&#8220;1&#8243; fullwidth=&#8220;off&#8220; specialty=&#8220;off&#8220; _builder_version=&#8220;3.0.94&#8243; module_class=&#8220;template-impianti template-even&#8220;][et_pb_row _builder_version=&#8220;3.0.94&#8243; make_fullwidth=&#8220;on&#8220; use_custom_width=&#8220;on&#8220; width_unit=&#8220;off&#8220; custom_width_px=&#8220;2600px&#8220; custom_width_percent=&#8220;100%&#8220; use_custom_gutter=&#8220;on&#8220; gutter_width=&#8220;1&#8243; make_equal=&#8220;on&#8220; background_color_3=&#8220;#ffffff&#8220; background_color_4=&#8220;#f4f4f4&#8243;][et_pb_column type=&#8220;1_2&#8243;][et_pb_text admin_label=&#8220;Categoria &#8211; IMPIANTI .meta-categoria&#8220; _builder_version=&#8220;3.0.94&#8243; background_layout=&#8220;light&#8220; module_class=&#8220;meta-categoria&#8220;]<\/p>\n<p>ANLAGEN<\/p>\n<p>[\/et_pb_text][et_pb_blurb admin_label=&#8220;Blur PROVOLONE &#8230;&#8220; _builder_version=&#8220;3.0.94&#8243; url=&#8220;\/de\/impianti-produzione-di-provolone-kashkaval-kasar\/&#8220; url_new_window=&#8220;off&#8220; use_icon=&#8220;off&#8220; font_icon=&#8220;%%3%%&#8220; image=&#8220;https:\/\/www.almacsrl.com\/wp-content\/uploads\/2018\/01\/caciocavallo-1.jpg&#8220; use_circle=&#8220;off&#8220; use_circle_border=&#8220;off&#8220; icon_placement=&#8220;top&#8220; use_icon_font_size=&#8220;off&#8220; background_layout=&#8220;light&#8220; header_level=&#8220;h3&#8243; content_max_width=&#8220;1100px&#8220; content_max_width_last_edited=&#8220;on|desktop&#8220; animation=&#8220;off&#8220; header_font=&#8220;|700|||||||&#8220; body_font_size=&#8220;16&#8243; body_font_size_tablet=&#8220;14&#8243; body_font_size_last_edited=&#8220;on|desktop&#8220; body_line_height=&#8220;1.5em&#8220; title=&#8220;Produktionslinien f\u00fcr die Herstellung von Provolone, Caciocavallo und Ka\u015far&#8220;]<\/p>\n<p>F\u00fcr Pasta Filata, die f\u00fcr eine variable Reifungsphase bestimmt ist.<\/p>\n<p>[\/et_pb_blurb][et_pb_button admin_label=&#8220;Pulsante PROVOLONE&#8220; _builder_version=&#8220;3.0.94&#8243; button_text=&#8220;x&#8220; button_url=&#8220;\/de\/impianti-produzione-di-provolone-kashkaval-kasar\/&#8220; url_new_window=&#8220;off&#8220; background_layout=&#8220;light&#8220; custom_button=&#8220;off&#8220; button_icon_placement=&#8220;right&#8220; \/][\/et_pb_column][et_pb_column type=&#8220;1_2&#8243;][et_pb_text admin_label=&#8220;Categoria &#8211; IMPIANTI .meta-categoria&#8220; _builder_version=&#8220;3.0.94&#8243; background_layout=&#8220;light&#8220; module_class=&#8220;meta-categoria&#8220;]<\/p>\n<p>ANLAGEN<\/p>\n<p>[\/et_pb_text][et_pb_blurb admin_label=&#8220;Blur FORMAGGI&#8220; _builder_version=&#8220;3.0.94&#8243; url=&#8220;\/de\/impianti-produzione-formaggio-clippato\/&#8220; url_new_window=&#8220;off&#8220; use_icon=&#8220;off&#8220; font_icon=&#8220;%%3%%&#8220; image=&#8220;https:\/\/www.almacsrl.com\/wp-content\/uploads\/2018\/01\/caciocavallo.jpg&#8220; use_circle=&#8220;off&#8220; use_circle_border=&#8220;off&#8220; icon_placement=&#8220;top&#8220; use_icon_font_size=&#8220;off&#8220; background_layout=&#8220;light&#8220; header_level=&#8220;h3&#8243; content_max_width=&#8220;1100px&#8220; content_max_width_last_edited=&#8220;on|desktop&#8220; animation=&#8220;off&#8220; header_font=&#8220;|700|||||||&#8220; body_font_size=&#8220;16&#8243; body_font_size_tablet=&#8220;14&#8243; body_font_size_last_edited=&#8220;on|desktop&#8220; body_line_height=&#8220;1.5em&#8220; title=&#8220;Produktionslinien f\u00fcr die Herstellung von K\u00e4se mit Pasta Filata&#8220;]<\/p>\n<p>Impianti costituiti da filatrice a vapore in grado di produrre diverse tipologie di prodotto.<\/p>\n<p>[\/et_pb_blurb][et_pb_button admin_label=&#8220;Pulsante FORMAGGI&#8220; _builder_version=&#8220;3.0.94&#8243; button_text=&#8220;x&#8220; button_url=&#8220;\/de\/impianti-produzione-formaggio-clippato\/&#8220; url_new_window=&#8220;off&#8220; background_layout=&#8220;light&#8220; custom_button=&#8220;off&#8220; button_icon_placement=&#8220;right&#8220; \/][\/et_pb_column][\/et_pb_row][\/et_pb_section][et_pb_section bb_built=&#8220;1&#8243; fullwidth=&#8220;off&#8220; specialty=&#8220;off&#8220; _builder_version=&#8220;3.0.94&#8243; module_class=&#8220;template-impianti&#8220;][et_pb_row _builder_version=&#8220;3.0.94&#8243; make_fullwidth=&#8220;on&#8220; use_custom_width=&#8220;on&#8220; width_unit=&#8220;off&#8220; custom_width_px=&#8220;2600px&#8220; custom_width_percent=&#8220;100%&#8220; use_custom_gutter=&#8220;on&#8220; gutter_width=&#8220;1&#8243; make_equal=&#8220;on&#8220; background_color_3=&#8220;#ffffff&#8220; background_color_4=&#8220;#f4f4f4&#8243;][et_pb_column type=&#8220;1_2&#8243;][et_pb_text admin_label=&#8220;Categoria &#8211; IMPIANTI .meta-categoria&#8220; _builder_version=&#8220;3.0.94&#8243; background_layout=&#8220;light&#8220; module_class=&#8220;meta-categoria&#8220;]<\/p>\n<p>ANLAGEN<\/p>\n<p>[\/et_pb_text][et_pb_blurb admin_label=&#8220;Blur MACCHINE SPECIALI&#8220; _builder_version=&#8220;3.0.94&#8243; url=&#8220;\/de\/macchine-speciali\/&#8220; url_new_window=&#8220;off&#8220; use_icon=&#8220;off&#8220; font_icon=&#8220;%%3%%&#8220; image=&#8220;https:\/\/www.almacsrl.com\/wp-content\/uploads\/2018\/01\/macchine-speciali-1.jpg&#8220; use_circle=&#8220;off&#8220; use_circle_border=&#8220;off&#8220; icon_placement=&#8220;top&#8220; use_icon_font_size=&#8220;off&#8220; background_layout=&#8220;light&#8220; header_level=&#8220;h3&#8243; content_max_width=&#8220;1100px&#8220; content_max_width_last_edited=&#8220;on|desktop&#8220; animation=&#8220;off&#8220; header_font=&#8220;|700|||||||&#8220; body_font_size=&#8220;16&#8243; body_font_size_tablet=&#8220;14&#8243; body_font_size_last_edited=&#8220;on|desktop&#8220; body_line_height=&#8220;1.5em&#8220; title=&#8220;Spezifische Produkte&#8220;]<\/p>\n<p>Mozzarella Perlen, Sticks und Medaillons; Queso de Mano; Queijo Mussarela&#8230;<\/p>\n<p>[\/et_pb_blurb][et_pb_button admin_label=&#8220;Pulsante MACCHINE SPECIALI&#8220; _builder_version=&#8220;3.0.94&#8243; button_text=&#8220;x&#8220; button_url=&#8220;\/de\/macchine-speciali\/&#8220; url_new_window=&#8220;off&#8220; background_layout=&#8220;light&#8220; custom_button=&#8220;off&#8220; button_icon_placement=&#8220;right&#8220; \/][\/et_pb_column][et_pb_column type=&#8220;1_2&#8243;][et_pb_text admin_label=&#8220;Categoria &#8211; PREVENTIVO .meta-categoria&#8220; _builder_version=&#8220;3.0.94&#8243; background_layout=&#8220;light&#8220; module_class=&#8220;meta-categoria&#8220;]<\/p>\n<p>KONTAKTE<\/p>\n<p>[\/et_pb_text][et_pb_blurb admin_label=&#8220;Blur Richiedi un preventivo&#8220; _builder_version=&#8220;3.0.94&#8243; url=&#8220;\/de\/richiedi-preventivo\/&#8220; url_new_window=&#8220;off&#8220; use_icon=&#8220;off&#8220; font_icon=&#8220;%%3%%&#8220; image=&#8220;https:\/\/www.almacsrl.com\/wp-content\/uploads\/2018\/01\/richiedi-preventivo.jpg&#8220; use_circle=&#8220;off&#8220; use_circle_border=&#8220;off&#8220; icon_placement=&#8220;top&#8220; use_icon_font_size=&#8220;off&#8220; background_layout=&#8220;light&#8220; header_level=&#8220;h3&#8243; content_max_width=&#8220;1100px&#8220; content_max_width_last_edited=&#8220;on|desktop&#8220; animation=&#8220;off&#8220; header_font=&#8220;|700|||||||&#8220; body_font_size=&#8220;16&#8243; body_font_size_tablet=&#8220;14&#8243; body_font_size_last_edited=&#8220;on|desktop&#8220; body_line_height=&#8220;1.5em&#8220; title=&#8220;Richiedi un preventivo&#8220;]<\/p>\n<p>Consulenza tecnica e tecnologica a 360\u00b0<\/p>\n<p>[\/et_pb_blurb][et_pb_button admin_label=&#8220;Pulsante PREVENTIVO&#8220; _builder_version=&#8220;3.0.94&#8243; button_text=&#8220;x&#8220; button_url=&#8220;\/de\/richiedi-preventivo\/&#8220; url_new_window=&#8220;off&#8220; background_layout=&#8220;light&#8220; custom_button=&#8220;off&#8220; button_icon_placement=&#8220;right&#8220; \/][\/et_pb_column][\/et_pb_row][\/et_pb_section][et_pb_section bb_built=&#8220;1&#8243; fullwidth=&#8220;off&#8220; specialty=&#8220;off&#8220; _builder_version=&#8220;3.0.94&#8243;][et_pb_row _builder_version=&#8220;3.0.94&#8243; make_fullwidth=&#8220;on&#8220; use_custom_width=&#8220;on&#8220; width_unit=&#8220;off&#8220; custom_width_px=&#8220;2600px&#8220; custom_width_percent=&#8220;100%&#8220;][et_pb_column type=&#8220;4_4&#8243;][et_pb_divider _builder_version=&#8220;3.0.94&#8243; show_divider=&#8220;on&#8220; background_color=&#8220;#e4e4e4&#8243; color=&#8220;#e4e4e4&#8243; height=&#8220;1px&#8220; custom_margin=&#8220;0px||0px|&#8220; custom_margin_last_edited=&#8220;on|&#8220; custom_padding=&#8220;0px||0px|&#8220; custom_padding_last_edited=&#8220;on|&#8220; \/][\/et_pb_column][\/et_pb_row][\/et_pb_section][et_pb_section bb_built=&#8220;1&#8243; fullwidth=&#8220;off&#8220; specialty=&#8220;off&#8220; _builder_version=&#8220;3.0.94&#8243; module_class=&#8220;template-clienti template-clienti-banner&#8220; global_module=&#8220;3756&#8243;][et_pb_row global_parent=&#8220;3756&#8243; background_position=&#8220;top_left&#8220; background_repeat=&#8220;repeat&#8220; background_size=&#8220;initial&#8220;][et_pb_column type=&#8220;4_4&#8243;][et_pb_text admin_label=&#8220;Titolo + testo CLIENTI&#8220; global_parent=&#8220;3756&#8243; _builder_version=&#8220;3.0.94&#8243; background_layout=&#8220;light&#8220; text_orientation=&#8220;center&#8220; max_width=&#8220;70%&#8220; max_width_tablet=&#8220;100%&#8220; max_width_last_edited=&#8220;on|desktop&#8220; module_alignment=&#8220;center&#8220;]<\/p>\n<h1>Unsere Kunden<\/h1>\n<p>Durch das Spitzenniveau, das unsere Anlagen erreichen, und die F\u00e4higkeit, einen technischen und technologischen Rundumberatungsservice anzubieten, ist Almac heute zuverl\u00e4ssiger Partner der wichtigsten Pasta Filata Hersteller auf internationaler Ebene, darunter:<\/p>\n<p>[\/et_pb_text][et_pb_text admin_label=&#8220;LISTA LOGHI CLIENTI&#8220; global_parent=&#8220;3756&#8243; _builder_version=&#8220;3.0.94&#8243; background_layout=&#8220;light&#8220; text_orientation=&#8220;center&#8220;]<\/p>\n<ul>\n<li><img decoding=\"async\" src=\"https:\/\/www.almacsrl.com\/wp-content\/uploads\/2018\/01\/Image-17.png\" \/><\/li>\n<li><img decoding=\"async\" src=\"https:\/\/www.almacsrl.com\/wp-content\/uploads\/2018\/01\/Image-18.png\" \/><\/li>\n<li><img decoding=\"async\" src=\"https:\/\/www.almacsrl.com\/wp-content\/uploads\/2018\/01\/Image-19.png\" \/><\/li>\n<li><img decoding=\"async\" src=\"https:\/\/www.almacsrl.com\/wp-content\/uploads\/2018\/01\/Image-20.png\" \/><\/li>\n<li><img decoding=\"async\" src=\"https:\/\/www.almacsrl.com\/wp-content\/uploads\/2018\/01\/Image-21.png\" \/><\/li>\n<li><img decoding=\"async\" src=\"https:\/\/www.almacsrl.com\/wp-content\/uploads\/2018\/01\/Image-22.png\" \/><\/li>\n<li><img decoding=\"async\" src=\"https:\/\/www.almacsrl.com\/wp-content\/uploads\/2018\/01\/Image-23.png\" \/><\/li>\n<li><img decoding=\"async\" src=\"https:\/\/www.almacsrl.com\/wp-content\/uploads\/2018\/01\/Image-24.png\" \/><\/li>\n<\/ul>\n<p>[\/et_pb_text][\/et_pb_column][\/et_pb_row][\/et_pb_section]<\/p>\n","protected":false},"excerpt":{"rendered":"<p>ANLAGEN F\u00fcr frische Pasta Filata, charakterisiert durch einen hohen Feuchtigkeitsgehalt. Tipologia di prodotto: mozzarella di latte vaccino, mozzarella di bufala, treccia, nodini, scamorza. ANLAGEN Aus Pasta Filata zum W\u00fcrzen von selbstgemachter und industrieller Pizza. ANLAGEN F\u00fcr Pasta Filata, die f\u00fcr eine variable Reifungsphase bestimmt ist. ANLAGEN Impianti costituiti da filatrice a vapore in grado di [&hellip;]<\/p>\n","protected":false},"author":1,"featured_media":0,"parent":0,"menu_order":0,"comment_status":"closed","ping_status":"closed","template":"","meta":{"_acf_changed":false,"_et_pb_use_builder":"on","_et_pb_old_content":"<p>This is an example page. It's different from a blog post because it will stay in one place and will show up in your site navigation (in most themes). Most people start with an About page that introduces them to potential site visitors. It might say something like this:<\/p><blockquote><p>Hi there! I'm a bike messenger by day, aspiring actor by night, and this is my website. I live in Los Angeles, have a great dog named Jack, and I like pi\u00f1a coladas. (And gettin' caught in the rain.)<\/p><\/blockquote><p>...or something like this:<\/p><blockquote><p>The XYZ Doohickey Company was founded in 1971, and has been providing quality doohickeys to the public ever since. Located in Gotham City, XYZ employs over 2,000 people and does all kinds of awesome things for the Gotham community.<\/p><\/blockquote><p>As a new WordPress user, you should go to <a href=\"http:\/\/www.almacsrl.com\/wp-admin\/\">your dashboard<\/a> to delete this page and create new pages for your content. Have fun!<\/p>","_et_gb_content_width":"","footnotes":""},"class_list":["post-3272","page","type-page","status-publish","hentry"],"acf":[],"_links":{"self":[{"href":"https:\/\/www.almacsrl.com\/de\/wp-json\/wp\/v2\/pages\/3272","targetHints":{"allow":["GET"]}}],"collection":[{"href":"https:\/\/www.almacsrl.com\/de\/wp-json\/wp\/v2\/pages"}],"about":[{"href":"https:\/\/www.almacsrl.com\/de\/wp-json\/wp\/v2\/types\/page"}],"author":[{"embeddable":true,"href":"https:\/\/www.almacsrl.com\/de\/wp-json\/wp\/v2\/users\/1"}],"replies":[{"embeddable":true,"href":"https:\/\/www.almacsrl.com\/de\/wp-json\/wp\/v2\/comments?post=3272"}],"version-history":[{"count":4,"href":"https:\/\/www.almacsrl.com\/de\/wp-json\/wp\/v2\/pages\/3272\/revisions"}],"predecessor-version":[{"id":4011,"href":"https:\/\/www.almacsrl.com\/de\/wp-json\/wp\/v2\/pages\/3272\/revisions\/4011"}],"wp:attachment":[{"href":"https:\/\/www.almacsrl.com\/de\/wp-json\/wp\/v2\/media?parent=3272"}],"curies":[{"name":"wp","href":"https:\/\/api.w.org\/{rel}","templated":true}]}}