{"id":3265,"date":"2018-01-12T14:16:19","date_gmt":"2018-01-12T13:16:19","guid":{"rendered":"http:\/\/www.almacsrl.com\/almac\/"},"modified":"2018-07-01T12:03:22","modified_gmt":"2018-07-01T10:03:22","slug":"almac","status":"publish","type":"page","link":"https:\/\/www.almacsrl.com\/de\/almac\/","title":{"rendered":"Azienda"},"content":{"rendered":"<p>[et_pb_section bb_built=&#8220;1&#8243; fullwidth=&#8220;off&#8220; specialty=&#8220;off&#8220; _builder_version=&#8220;3.0.94&#8243; module_class=&#8220;template-pagina-head template-small&#8220;][et_pb_row background_position=&#8220;top_left&#8220; background_repeat=&#8220;repeat&#8220; background_size=&#8220;initial&#8220;][et_pb_column type=&#8220;4_4&#8243;][et_pb_text admin_label=&#8220;Titolo pagina&#8220; _builder_version=&#8220;3.0.94&#8243; background_layout=&#8220;light&#8220; text_orientation=&#8220;center&#8220; max_width_last_edited=&#8220;off|desktop&#8220; module_alignment=&#8220;center&#8220; header_font_size_last_edited=&#8220;off|desktop&#8220; custom_margin=&#8220;||0px|&#8220; custom_margin_last_edited=&#8220;on|&#8220; custom_padding=&#8220;||0px|&#8220; custom_padding_last_edited=&#8220;on|&#8220;]<\/p>\n<h1>Maschinen, Anlagen, Automatisierungen f\u00fcr die K\u00e4seindustrie.<\/h1>\n<p>[\/et_pb_text][et_pb_text admin_label=&#8220;testo PAGINA&#8220; _builder_version=&#8220;3.0.94&#8243; background_layout=&#8220;light&#8220; text_orientation=&#8220;center&#8220; max_width=&#8220;70%&#8220; max_width_tablet=&#8220;100%&#8220; max_width_last_edited=&#8220;on|desktop&#8220; module_alignment=&#8220;center&#8220; header_font_size_last_edited=&#8220;off|desktop&#8220;]<\/p>\n<p>Almac, f\u00fchrendes Unternehmen in der Planung und Herstellung von Maschinen, Anlagen und Automationen f\u00fcr die Industrie der K\u00e4sesorten mit &#8222;Pasta Filata&#8220; ist (z.B. Mozzarella und Provolone) ein bevorzugter Partner f\u00fcr die wichtigsten italienischen und ausl\u00e4ndischen Lebensmittelkonzerne.<\/p>\n<p>[\/et_pb_text][\/et_pb_column][\/et_pb_row][\/et_pb_section][et_pb_section bb_built=&#8220;1&#8243; fullwidth=&#8220;off&#8220; specialty=&#8220;off&#8220; _builder_version=&#8220;3.0.94&#8243; custom_margin_last_edited=&#8220;off|desktop&#8220; custom_padding=&#8220;||80px|&#8220; custom_padding_tablet=&#8220;||60px|&#8220; custom_padding_phone=&#8220;||40px|&#8220; custom_padding_last_edited=&#8220;on|desktop&#8220;][et_pb_row _builder_version=&#8220;3.0.94&#8243; make_fullwidth=&#8220;on&#8220; make_equal=&#8220;on&#8220; use_custom_gutter=&#8220;on&#8220; gutter_width=&#8220;1&#8243;][et_pb_column type=&#8220;4_4&#8243;][et_pb_gallery admin_label=&#8220;Galleria griglia 4 foto&#8220; _builder_version=&#8220;3.0.94&#8243; show_title_and_caption=&#8220;off&#8220; show_pagination=&#8220;off&#8220; gallery_ids=&#8220;3244,3723,3731,3727&#8243; fullwidth=&#8220;off&#8220; orientation=&#8220;landscape&#8220; background_layout=&#8220;light&#8220; pagination_font_size_tablet=&#8220;51&#8243; pagination_line_height_tablet=&#8220;2&#8243; zoom_icon_color=&#8220;#ffffff&#8220; hover_overlay_color=&#8220;rgba(39,47,50,0.9)&#8220; \/][\/et_pb_column][\/et_pb_row][\/et_pb_section][et_pb_section bb_built=&#8220;1&#8243; fullwidth=&#8220;off&#8220; specialty=&#8220;off&#8220; _builder_version=&#8220;3.0.94&#8243; module_class=&#8220;template-testo-lungo&#8220; custom_margin_tablet=&#8220;||60px|&#8220; custom_margin_phone=&#8220;||40px|&#8220; custom_margin_last_edited=&#8220;off|desktop&#8220; custom_padding=&#8220;||80px|&#8220; custom_padding_tablet=&#8220;||60px|&#8220; custom_padding_phone=&#8220;||40px|&#8220; custom_padding_last_edited=&#8220;on|desktop&#8220;][et_pb_row background_position=&#8220;top_left&#8220; background_repeat=&#8220;repeat&#8220; background_size=&#8220;initial&#8220; _builder_version=&#8220;3.0.94&#8243;][et_pb_column type=&#8220;4_4&#8243;][et_pb_text admin_label=&#8220;Titolo Chi siamo&#8220; _builder_version=&#8220;3.0.94&#8243; background_layout=&#8220;light&#8220; max_width_last_edited=&#8220;off|desktop&#8220; module_alignment=&#8220;left&#8220; header_font_size=&#8220;60px&#8220; header_font_size_tablet=&#8220;50px&#8220; header_font_size_phone=&#8220;30px&#8220; header_font_size_last_edited=&#8220;on|desktop&#8220;]<\/p>\n<h1 class=\"tit_Section\"><strong>Wer wir sind<\/strong><\/h1>\n<p>[\/et_pb_text][et_pb_text admin_label=&#8220;Testo lungo PAGINA&#8220; _builder_version=&#8220;3.0.94&#8243; background_layout=&#8220;light&#8220; max_width_last_edited=&#8220;off|desktop&#8220; module_alignment=&#8220;left&#8220; header_font_size=&#8220;60px&#8220; header_font_size_tablet=&#8220;50px&#8220; header_font_size_phone=&#8220;30px&#8220; header_font_size_last_edited=&#8220;on|desktop&#8220;]<\/p>\n<p>Almac, f\u00fchrendes Unternehmen in der Planung und Herstellung von Maschinen, Anlagen und Automationen f\u00fcr die Industrie der K\u00e4sesorten mit &#8222;<strong>Pasta Filata<\/strong>&#8220; ist (z.B. <strong>Mozzarella<\/strong> und <strong>Provolone<\/strong>) <strong>ein bevorzugter Partner f\u00fcr die wichtigsten italienischen und ausl\u00e4ndischen Lebensmittelkonzerne<\/strong>.<strong><br \/>\n<\/strong><\/p>\n<p>L\u2019interesse della nostra azienda \u00e8 da sempre rivolto a quella fase del processo produttivo compreso dalla coagulazione del latte fino alla sua trasformazione in formaggio, realizzando <strong>impianti che vanno dallo scarico delle polivalenti fino al confezionamento del prodotto<\/strong>. Il tipo di formaggio per il quale vantiamo una grande tradizione (confermata dai marchi prestigiosi dei nostri clienti) \u00e8 quello a \u201cPasta Filata\u201d: <strong>Mozzarella, Pizza Cheese, Provolone, Kasar<\/strong>, ecc\u2026<\/p>\n<p>Nel corso degli anni abbiamo progettato e sviluppato linee produttive per la produzione dei seguenti prodotti:<\/p>\n<p>&#8211; <strong>Paste Filate fresche<\/strong>, caratterizzate da un differente tenore di umidit\u00e0, (es. <em>mozzarella di bufala, fior di latte e mozzarella per pizza<\/em>).<br \/>\n&#8211; <strong>Paste Filate cotte<\/strong>, aventi un basso tenore di umidit\u00e0 ed un\u2019elevata fibrosit\u00e0, caratteristiche peculiari del formaggio idoneo alla stagionatura (es. <em>Provolone, Caciocavallo e Kasar<\/em> ecc.).<br \/>\n&#8211; <strong>Formaggi fusi e preparati alimentari<\/strong>, prodotti destinati al condimento di piatti pronti, pizze fresche e surgelate, ottenuti con la tecnologia della filatura a vapore, impiegando come materie prime: <em>caseina in polvere, burro, grassi vegetali, sali di fusione e formaggi vari<\/em>.<\/p>\n<p>[\/et_pb_text][\/et_pb_column][\/et_pb_row][\/et_pb_section][et_pb_section bb_built=&#8220;1&#8243; fullwidth=&#8220;off&#8220; specialty=&#8220;off&#8220; _builder_version=&#8220;3.0.94&#8243; module_class=&#8220;template-testo-lungo&#8220; custom_margin_tablet=&#8220;||60px|&#8220; custom_margin_phone=&#8220;||40px|&#8220; custom_margin_last_edited=&#8220;off|desktop&#8220; custom_padding_last_edited=&#8220;on|desktop&#8220; custom_padding=&#8220;||40px|&#8220; custom_padding_tablet=&#8220;||30px|&#8220;][et_pb_row background_position=&#8220;top_left&#8220; background_repeat=&#8220;repeat&#8220; background_size=&#8220;initial&#8220; _builder_version=&#8220;3.0.94&#8243; make_fullwidth=&#8220;on&#8220; use_custom_gutter=&#8220;on&#8220; gutter_width=&#8220;1&#8243;][et_pb_column type=&#8220;4_4&#8243;][et_pb_text admin_label=&#8220;Titolo punti di forza&#8220; _builder_version=&#8220;3.0.94&#8243; background_layout=&#8220;light&#8220; max_width_last_edited=&#8220;off|desktop&#8220; module_alignment=&#8220;left&#8220; header_font_size=&#8220;60px&#8220; header_font_size_tablet=&#8220;50px&#8220; header_font_size_phone=&#8220;30px&#8220; header_font_size_last_edited=&#8220;on|desktop&#8220; text_orientation=&#8220;center&#8220;]<\/p>\n<h1>Unsere St\u00e4rken<\/h1>\n<p>[\/et_pb_text][\/et_pb_column][\/et_pb_row][\/et_pb_section][et_pb_section bb_built=&#8220;1&#8243; fullwidth=&#8220;off&#8220; specialty=&#8220;off&#8220; _builder_version=&#8220;3.0.94&#8243;][et_pb_row _builder_version=&#8220;3.0.94&#8243; make_fullwidth=&#8220;on&#8220; use_custom_width=&#8220;on&#8220; width_unit=&#8220;off&#8220; custom_width_px=&#8220;2600px&#8220; custom_width_percent=&#8220;100%&#8220;][et_pb_column type=&#8220;4_4&#8243;][et_pb_divider _builder_version=&#8220;3.0.94&#8243; show_divider=&#8220;on&#8220; background_color=&#8220;#e4e4e4&#8243; color=&#8220;#e4e4e4&#8243; height=&#8220;1px&#8220; custom_margin=&#8220;0px||0px|&#8220; custom_margin_last_edited=&#8220;on|&#8220; custom_padding=&#8220;0px||0px|&#8220; custom_padding_last_edited=&#8220;on|&#8220; \/][\/et_pb_column][\/et_pb_row][\/et_pb_section][et_pb_section bb_built=&#8220;1&#8243; fullwidth=&#8220;off&#8220; specialty=&#8220;off&#8220; _builder_version=&#8220;3.0.94&#8243; module_class=&#8220;template-punti-forza&#8220; custom_margin_tablet=&#8220;||60px|&#8220; custom_margin_phone=&#8220;||40px|&#8220; custom_margin_last_edited=&#8220;off|desktop&#8220; custom_padding_last_edited=&#8220;off|desktop&#8220;][et_pb_row background_position=&#8220;top_left&#8220; background_repeat=&#8220;repeat&#8220; background_size=&#8220;initial&#8220; _builder_version=&#8220;3.0.94&#8243; make_fullwidth=&#8220;on&#8220; use_custom_gutter=&#8220;on&#8220; gutter_width=&#8220;1&#8243; make_equal=&#8220;on&#8220; padding_top_1=&#8220;70px&#8220; padding_right_1=&#8220;50px&#8220; padding_bottom_1=&#8220;70px&#8220; padding_left_1=&#8220;50px&#8220; padding_top_2=&#8220;70px&#8220; padding_right_2=&#8220;50px&#8220; padding_bottom_2=&#8220;70px&#8220; padding_left_2=&#8220;50px&#8220; padding_top_3=&#8220;70px&#8220; padding_right_3=&#8220;50px&#8220; padding_bottom_3=&#8220;70px&#8220; padding_left_3=&#8220;50px&#8220; padding_top_4=&#8220;70px&#8220; padding_right_4=&#8220;50px&#8220; padding_bottom_4=&#8220;70px&#8220; padding_left_4=&#8220;50px&#8220; padding_1_last_edited=&#8220;on|phone&#8220; padding_2_tablet=&#8220;50px|40px|50px|40px&#8220; padding_2_last_edited=&#8220;on|phone&#8220; padding_3_tablet=&#8220;50px|40px|50px|40px&#8220; padding_3_last_edited=&#8220;on|phone&#8220; padding_4_tablet=&#8220;50px|40px|50px|40px&#8220; padding_4_last_edited=&#8220;on|phone&#8220; padding_1_tablet=&#8220;50px|40px|50px|40px&#8220; padding_1_phone=&#8220;40px|30px|40px|30px&#8220; padding_2_phone=&#8220;40px|30px|40px|30px&#8220; padding_3_phone=&#8220;40px|30px|40px|30px&#8220; padding_4_phone=&#8220;40px|30px|40px|30px&#8220;][et_pb_column type=&#8220;1_4&#8243;][et_pb_text _builder_version=&#8220;3.0.94&#8243; background_layout=&#8220;light&#8220; text_orientation=&#8220;center&#8220;]<\/p>\n<div class=\"red\"><strong>01<\/strong><\/div>\n<h4>3-A Sanitary Standards.<\/h4>\n<p>Der Bau erfolgt schon immer, wie von den 3-A Sanitary Standards gefordert, auch f\u00fcr den italienischen Markt.<\/p>\n<p>[\/et_pb_text][\/et_pb_column][et_pb_column type=&#8220;1_4&#8243;][et_pb_text _builder_version=&#8220;3.0.94&#8243; background_layout=&#8220;light&#8220; text_orientation=&#8220;center&#8220;]<\/p>\n<div class=\"red\"><strong>02<\/strong><\/div>\n<h4><strong>Sterilisierung<\/strong>.<\/h4>\n<p>Keine Stauungspunkte, vollst\u00e4ndige Sterilisierbarkeit aller Maschinenteile.<\/p>\n<p>[\/et_pb_text][\/et_pb_column][et_pb_column type=&#8220;1_4&#8243;][et_pb_text _builder_version=&#8220;3.0.94&#8243; background_layout=&#8220;light&#8220; text_orientation=&#8220;center&#8220;]<\/p>\n<div class=\"red\"><strong>03<\/strong><\/div>\n<h4>Kompakte Bauweise<\/h4>\n<p>Monoblock-Konstruktion der Stahlstrukturen der Maschine ohne Flansche, Schrauben und Bolzen.<\/p>\n<p>[\/et_pb_text][\/et_pb_column][et_pb_column type=&#8220;1_4&#8243;][et_pb_text _builder_version=&#8220;3.0.94&#8243; background_layout=&#8220;light&#8220; text_orientation=&#8220;center&#8220;]<\/p>\n<div class=\"red\"><strong>04<\/strong><\/div>\n<h4>Zertifizierte Teflon-Beschichtung<\/h4>\n<p>Wenn die Teflonbeschichtung erforderlich ist, Einsatz des italienischen Lieferanten, der sie zertifizieren kann.<\/p>\n<p>[\/et_pb_text][\/et_pb_column][\/et_pb_row][\/et_pb_section][et_pb_section bb_built=&#8220;1&#8243; fullwidth=&#8220;off&#8220; specialty=&#8220;off&#8220; _builder_version=&#8220;3.0.94&#8243;][et_pb_row _builder_version=&#8220;3.0.94&#8243; make_fullwidth=&#8220;on&#8220; use_custom_width=&#8220;on&#8220; width_unit=&#8220;off&#8220; custom_width_px=&#8220;2600px&#8220; custom_width_percent=&#8220;100%&#8220;][et_pb_column type=&#8220;4_4&#8243;][et_pb_divider _builder_version=&#8220;3.0.94&#8243; show_divider=&#8220;on&#8220; background_color=&#8220;#e4e4e4&#8243; color=&#8220;#e4e4e4&#8243; height=&#8220;1px&#8220; custom_margin=&#8220;0px||0px|&#8220; custom_margin_last_edited=&#8220;on|&#8220; custom_padding=&#8220;0px||0px|&#8220; custom_padding_last_edited=&#8220;on|&#8220; \/][\/et_pb_column][\/et_pb_row][\/et_pb_section][et_pb_section bb_built=&#8220;1&#8243; fullwidth=&#8220;off&#8220; specialty=&#8220;off&#8220; _builder_version=&#8220;3.0.94&#8243; module_class=&#8220;template-punti-forza&#8220; custom_margin_tablet=&#8220;||60px|&#8220; custom_margin_phone=&#8220;||40px|&#8220; custom_margin_last_edited=&#8220;off|desktop&#8220; custom_padding_last_edited=&#8220;off|desktop&#8220;][et_pb_row background_position=&#8220;top_left&#8220; background_repeat=&#8220;repeat&#8220; background_size=&#8220;initial&#8220; _builder_version=&#8220;3.0.94&#8243; make_fullwidth=&#8220;on&#8220; use_custom_gutter=&#8220;on&#8220; gutter_width=&#8220;1&#8243; make_equal=&#8220;on&#8220; padding_top_1=&#8220;70px&#8220; padding_right_1=&#8220;50px&#8220; padding_bottom_1=&#8220;70px&#8220; padding_left_1=&#8220;50px&#8220; padding_top_2=&#8220;70px&#8220; padding_right_2=&#8220;50px&#8220; padding_bottom_2=&#8220;70px&#8220; padding_left_2=&#8220;50px&#8220; padding_top_3=&#8220;70px&#8220; padding_right_3=&#8220;50px&#8220; padding_bottom_3=&#8220;70px&#8220; padding_left_3=&#8220;50px&#8220; padding_top_4=&#8220;70px&#8220; padding_right_4=&#8220;50px&#8220; padding_bottom_4=&#8220;70px&#8220; padding_left_4=&#8220;50px&#8220; padding_1_last_edited=&#8220;on|phone&#8220; padding_2_tablet=&#8220;50px|40px|50px|40px&#8220; padding_2_last_edited=&#8220;on|phone&#8220; padding_3_tablet=&#8220;50px|40px|50px|40px&#8220; padding_3_last_edited=&#8220;on|phone&#8220; padding_4_tablet=&#8220;50px|40px|50px|40px&#8220; padding_4_last_edited=&#8220;on|phone&#8220; padding_1_tablet=&#8220;50px|40px|50px|40px&#8220; padding_1_phone=&#8220;40px|30px|40px|30px&#8220; padding_2_phone=&#8220;40px|30px|40px|30px&#8220; padding_3_phone=&#8220;40px|30px|40px|30px&#8220; padding_4_phone=&#8220;40px|30px|40px|30px&#8220;][et_pb_column type=&#8220;1_4&#8243;][et_pb_text _builder_version=&#8220;3.0.94&#8243; background_layout=&#8220;light&#8220; text_orientation=&#8220;center&#8220;]<\/p>\n<div class=\"red\"><strong>05<\/strong><\/div>\n<h4>Motorisierungen<\/h4>\n<p>Von der Stahlstruktur der Maschine getrennte Antriebe, die bei \u00d6lverlusten den Ablauf auf den Boden erlauben, um die Verschmutzung des Produkts zu verhindern.<\/p>\n<p>[\/et_pb_text][\/et_pb_column][et_pb_column type=&#8220;1_4&#8243;][et_pb_text _builder_version=&#8220;3.0.94&#8243; background_layout=&#8220;light&#8220; text_orientation=&#8220;center&#8220;]<\/p>\n<div class=\"red\"><strong>06<\/strong><\/div>\n<h4>Rohrleitungen.<\/h4>\n<p>Rohrleitungen mit fachm\u00e4nnisch durchgef\u00fchrten Schwei\u00dfungen, wie von den 3-A Sanitary Standards gefordert und mit Clamp-Rohrmuffen (f\u00fcr die USA).<\/p>\n<p>[\/et_pb_text][\/et_pb_column][et_pb_column type=&#8220;1_4&#8243;][et_pb_text _builder_version=&#8220;3.0.94&#8243; background_layout=&#8220;light&#8220; text_orientation=&#8220;center&#8220;]<\/p>\n<div class=\"red\"><strong>07<\/strong><\/div>\n<h4>F\u00fcr den amerikanischen Markt.<\/h4>\n<p>Schaltschr\u00e4nke und Elektromotoren gem\u00e4\u00df den UL-Normen (Underwriters Laboratories. Inc.), f\u00fcr den amerikanischen Markt.<\/p>\n<p>[\/et_pb_text][\/et_pb_column][et_pb_column type=&#8220;1_4&#8243;][et_pb_text _builder_version=&#8220;3.0.94&#8243; background_layout=&#8220;light&#8220; text_orientation=&#8220;center&#8220;]<\/p>\n<div class=\"red\"><strong>08<\/strong><\/div>\n<h4>Behandlung mit Sandstrahltechnik.<\/h4>\n<p>Behandlung mit einer besonderen zertifizierten Sandstrahltechnik f\u00fcr alle Oberfl\u00e4chen, die mit dem Produkt in Ber\u00fchrung kommen.<\/p>\n<p>[\/et_pb_text][\/et_pb_column][\/et_pb_row][\/et_pb_section][et_pb_section bb_built=&#8220;1&#8243; fullwidth=&#8220;off&#8220; specialty=&#8220;off&#8220; _builder_version=&#8220;3.0.94&#8243;][et_pb_row _builder_version=&#8220;3.0.94&#8243; make_fullwidth=&#8220;on&#8220; use_custom_width=&#8220;on&#8220; width_unit=&#8220;off&#8220; custom_width_px=&#8220;2600px&#8220; custom_width_percent=&#8220;100%&#8220;][et_pb_column type=&#8220;4_4&#8243;][et_pb_divider _builder_version=&#8220;3.0.94&#8243; show_divider=&#8220;on&#8220; background_color=&#8220;#e4e4e4&#8243; color=&#8220;#e4e4e4&#8243; height=&#8220;1px&#8220; custom_margin=&#8220;0px||0px|&#8220; custom_margin_last_edited=&#8220;on|&#8220; custom_padding=&#8220;0px||0px|&#8220; custom_padding_last_edited=&#8220;on|&#8220; \/][\/et_pb_column][\/et_pb_row][\/et_pb_section][et_pb_section bb_built=&#8220;1&#8243; admin_label=&#8220;BANNER Applicazione e macchine speciali&#8220; fullwidth=&#8220;off&#8220; specialty=&#8220;off&#8220; _builder_version=&#8220;3.0.94&#8243; module_class=&#8220;template-banner template-banner-sx&#8220; background_color=&#8220;#f6f6f6&#8243; global_module=&#8220;3736&#8243;][et_pb_row global_parent=&#8220;3736&#8243; background_position=&#8220;top_left&#8220; background_repeat=&#8220;repeat&#8220; background_size=&#8220;initial&#8220;][et_pb_column type=&#8220;4_4&#8243;][et_pb_text admin_label=&#8220;Categoria&#8220; global_parent=&#8220;3736&#8243; _builder_version=&#8220;3.0.94&#8243; background_layout=&#8220;light&#8220; module_class=&#8220;meta-categoria&#8220;]<\/p>\n<p>FORSCHUNG UND TECHNOLOGIE<\/p>\n<p>[\/et_pb_text][et_pb_blurb admin_label=&#8220;BANNER Applicazione e macchine speciali&#8220; global_parent=&#8220;3736&#8243; _builder_version=&#8220;3.0.94&#8243; url=&#8220;\/macchine-speciali\/&#8220; url_new_window=&#8220;off&#8220; use_icon=&#8220;off&#8220; font_icon=&#8220;%%3%%&#8220; image=&#8220;https:\/\/www.almacsrl.com\/wp-content\/uploads\/2018\/01\/Image-4.png&#8220; use_circle=&#8220;off&#8220; use_circle_border=&#8220;off&#8220; icon_placement=&#8220;left&#8220; use_icon_font_size=&#8220;off&#8220; background_layout=&#8220;light&#8220; header_level=&#8220;h1&#8243; content_max_width=&#8220;1100px&#8220; content_max_width_last_edited=&#8220;on|desktop&#8220; animation=&#8220;off&#8220; header_font=&#8220;|700|||||||&#8220; body_font_size=&#8220;16&#8243; body_font_size_tablet=&#8220;14&#8243; body_font_size_last_edited=&#8220;on|desktop&#8220; body_line_height=&#8220;1.5em&#8220; title=&#8220;Anwendungen und Spezialmaschinen&#8220;]<\/p>\n<p>Almac hat aufgrund ihrer langj\u00e4hrigen Erfahrung in dieser Branche die Palette der herzustellenden Produkte mit den innovativsten Technologien erweitert, wobei traditionelle Verfahren automatisiert und verbessert werden, von der Herstellung des t\u00fcrkischen Kasars bis hin zur Produktion des typischen Queso di Mano&#8230;<\/p>\n<p>[\/et_pb_blurb][et_pb_button admin_label=&#8220;Pulsante MACCHINE SPECIALI&#8220; global_parent=&#8220;3736&#8243; _builder_version=&#8220;3.0.94&#8243; button_text=&#8220;MEHR ENTDECKEN &#8220; button_url=&#8220;\/de\/macchine-speciali\/&#8220; url_new_window=&#8220;off&#8220; background_layout=&#8220;light&#8220; custom_button=&#8220;off&#8220; button_icon_placement=&#8220;right&#8220; \/][\/et_pb_column][\/et_pb_row][\/et_pb_section][et_pb_section bb_built=&#8220;1&#8243; fullwidth=&#8220;off&#8220; specialty=&#8220;off&#8220; _builder_version=&#8220;3.0.94&#8243; background_image=&#8220;https:\/\/www.almacsrl.com\/wp-content\/uploads\/2018\/01\/Image-16.jpg&#8220; module_class=&#8220;template-banner-full template-small&#8220; global_module=&#8220;3765&#8243;][et_pb_row global_parent=&#8220;3765&#8243; _builder_version=&#8220;3.0.94&#8243; width_unit=&#8220;off&#8220; custom_width_percent=&#8220;100%&#8220;][et_pb_column type=&#8220;4_4&#8243;][et_pb_cta admin_label=&#8220;BANNER FULL (DEU) Consulenza tecnica&#8220; global_parent=&#8220;3765&#8243; _builder_version=&#8220;3.0.94&#8243; title=&#8220;Technischen und technologischen Rundumberatungsservice&#8220; button_text=&#8220;Kostenvoranschlag anfordern&#8220; button_url=&#8220;\/richiedi-preventivo\/&#8220; url_new_window=&#8220;off&#8220; background_color=&#8220;rgba(0,0,0,0)&#8220; use_background_color=&#8220;on&#8220; background_layout=&#8220;dark&#8220; header_level=&#8220;h1&#8243; custom_button=&#8220;off&#8220; button_icon_placement=&#8220;right&#8220; header_font_size=&#8220;46&#8243; header_font_size_tablet=&#8220;30&#8243; header_font_size_last_edited=&#8220;on|phone&#8220;]<\/p>\n<p>Durch das Spitzenniveau, das unsere Anlagen erreichen, und die F\u00e4higkeit, einen technischen und technologischen Rundumberatungsservice anzubieten, ist Almac heute zuverl\u00e4ssiger Partner der wichtigsten Pasta Filata Hersteller auf internationaler Ebene.<\/p>\n<p>[\/et_pb_cta][\/et_pb_column][\/et_pb_row][\/et_pb_section][et_pb_section bb_built=&#8220;1&#8243; fullwidth=&#8220;off&#8220; specialty=&#8220;off&#8220; _builder_version=&#8220;3.0.94&#8243; module_class=&#8220;template-clienti template-clienti-banner&#8220; global_module=&#8220;3756&#8243;][et_pb_row global_parent=&#8220;3756&#8243; background_position=&#8220;top_left&#8220; background_repeat=&#8220;repeat&#8220; background_size=&#8220;initial&#8220;][et_pb_column type=&#8220;4_4&#8243;][et_pb_text admin_label=&#8220;Titolo + testo CLIENTI&#8220; global_parent=&#8220;3756&#8243; _builder_version=&#8220;3.0.94&#8243; background_layout=&#8220;light&#8220; text_orientation=&#8220;center&#8220; max_width=&#8220;70%&#8220; max_width_tablet=&#8220;100%&#8220; max_width_last_edited=&#8220;on|desktop&#8220; module_alignment=&#8220;center&#8220;]<\/p>\n<h1>Unsere Kunden<\/h1>\n<p>Durch das Spitzenniveau, das unsere Anlagen erreichen, und die F\u00e4higkeit, einen technischen und technologischen Rundumberatungsservice anzubieten, ist Almac heute zuverl\u00e4ssiger Partner der wichtigsten Pasta Filata Hersteller auf internationaler Ebene, darunter:<\/p>\n<p>[\/et_pb_text][et_pb_text admin_label=&#8220;LISTA LOGHI CLIENTI&#8220; global_parent=&#8220;3756&#8243; _builder_version=&#8220;3.0.94&#8243; background_layout=&#8220;light&#8220; text_orientation=&#8220;center&#8220;]<\/p>\n<ul>\n<li><img decoding=\"async\" src=\"https:\/\/www.almacsrl.com\/wp-content\/uploads\/2018\/01\/Image-17.png\" \/><\/li>\n<li><img decoding=\"async\" src=\"https:\/\/www.almacsrl.com\/wp-content\/uploads\/2018\/01\/Image-18.png\" \/><\/li>\n<li><img decoding=\"async\" src=\"https:\/\/www.almacsrl.com\/wp-content\/uploads\/2018\/01\/Image-19.png\" \/><\/li>\n<li><img decoding=\"async\" src=\"https:\/\/www.almacsrl.com\/wp-content\/uploads\/2018\/01\/Image-20.png\" \/><\/li>\n<li><img decoding=\"async\" src=\"https:\/\/www.almacsrl.com\/wp-content\/uploads\/2018\/01\/Image-21.png\" \/><\/li>\n<li><img decoding=\"async\" src=\"https:\/\/www.almacsrl.com\/wp-content\/uploads\/2018\/01\/Image-22.png\" \/><\/li>\n<li><img decoding=\"async\" src=\"https:\/\/www.almacsrl.com\/wp-content\/uploads\/2018\/01\/Image-23.png\" \/><\/li>\n<li><img decoding=\"async\" src=\"https:\/\/www.almacsrl.com\/wp-content\/uploads\/2018\/01\/Image-24.png\" \/><\/li>\n<\/ul>\n<p>[\/et_pb_text][\/et_pb_column][\/et_pb_row][\/et_pb_section]<\/p>\n","protected":false},"excerpt":{"rendered":"<p>Maschinen, Anlagen, Automatisierungen f\u00fcr die K\u00e4seindustrie. Almac, f\u00fchrendes Unternehmen in der Planung und Herstellung von Maschinen, Anlagen und Automationen f\u00fcr die Industrie der K\u00e4sesorten mit &#8222;Pasta Filata&#8220; ist (z.B. Mozzarella und Provolone) ein bevorzugter Partner f\u00fcr die wichtigsten italienischen und ausl\u00e4ndischen Lebensmittelkonzerne. Wer wir sind Almac, f\u00fchrendes Unternehmen in der Planung und Herstellung von Maschinen, [&hellip;]<\/p>\n","protected":false},"author":1,"featured_media":0,"parent":0,"menu_order":0,"comment_status":"closed","ping_status":"closed","template":"","meta":{"_acf_changed":false,"_et_pb_use_builder":"on","_et_pb_old_content":"<p>This is an example page. It's different from a blog post because it will stay in one place and will show up in your site navigation (in most themes). Most people start with an About page that introduces them to potential site visitors. It might say something like this:<\/p><blockquote><p>Hi there! I'm a bike messenger by day, aspiring actor by night, and this is my website. I live in Los Angeles, have a great dog named Jack, and I like pi\u00f1a coladas. (And gettin' caught in the rain.)<\/p><\/blockquote><p>...or something like this:<\/p><blockquote><p>The XYZ Doohickey Company was founded in 1971, and has been providing quality doohickeys to the public ever since. Located in Gotham City, XYZ employs over 2,000 people and does all kinds of awesome things for the Gotham community.<\/p><\/blockquote><p>As a new WordPress user, you should go to <a href=\"http:\/\/www.almacsrl.com\/wp-admin\/\">your dashboard<\/a> to delete this page and create new pages for your content. Have fun!<\/p>","_et_gb_content_width":"","footnotes":""},"class_list":["post-3265","page","type-page","status-publish","hentry"],"acf":[],"_links":{"self":[{"href":"https:\/\/www.almacsrl.com\/de\/wp-json\/wp\/v2\/pages\/3265","targetHints":{"allow":["GET"]}}],"collection":[{"href":"https:\/\/www.almacsrl.com\/de\/wp-json\/wp\/v2\/pages"}],"about":[{"href":"https:\/\/www.almacsrl.com\/de\/wp-json\/wp\/v2\/types\/page"}],"author":[{"embeddable":true,"href":"https:\/\/www.almacsrl.com\/de\/wp-json\/wp\/v2\/users\/1"}],"replies":[{"embeddable":true,"href":"https:\/\/www.almacsrl.com\/de\/wp-json\/wp\/v2\/comments?post=3265"}],"version-history":[{"count":10,"href":"https:\/\/www.almacsrl.com\/de\/wp-json\/wp\/v2\/pages\/3265\/revisions"}],"predecessor-version":[{"id":3719,"href":"https:\/\/www.almacsrl.com\/de\/wp-json\/wp\/v2\/pages\/3265\/revisions\/3719"}],"wp:attachment":[{"href":"https:\/\/www.almacsrl.com\/de\/wp-json\/wp\/v2\/media?parent=3265"}],"curies":[{"name":"wp","href":"https:\/\/api.w.org\/{rel}","templated":true}]}}